{"id":767695,"date":"2025-08-28T12:56:14","date_gmt":"2025-08-28T09:56:14","guid":{"rendered":"https:\/\/roveyayinevi.com.tr\/index.php\/urun\/merkezden-uclara-neoliberal-donemde-sag-siyaset-1983-2002\/"},"modified":"2026-04-15T03:33:30","modified_gmt":"2026-04-15T00:33:30","slug":"merkezden-uclara-neoliberal-donemde-sag-siyaset-1983-2002","status":"publish","type":"product","link":"https:\/\/roveyayinevi.com.tr\/index.php\/urun\/merkezden-uclara-neoliberal-donemde-sag-siyaset-1983-2002\/","title":{"rendered":"Merkez\u2019den \u201cU\u00e7\u201dlara: Neoliberal D\u00f6nemde Sa\u011f Siyaset (1983-2002)"},"content":{"rendered":"<p>Merkez\u2019den \u201cU\u00e7\u201dlara: Neoliberal D\u00f6nemde Sa\u011f Siyaset, 1983-2002 y\u0131llar\u0131 aras\u0131nda T\u00fcrkiye\u2019de sa\u011f siyasetin 12 Eyl\u00fcl cuntas\u0131n\u0131n yaratt\u0131\u011f\u0131 siyasal mimari i\u00e7inde olu\u015fumunu, geli\u015fimini ve unsurlar\u0131n\u0131n birbirleriyle ili\u015fkilerini tarihsel bir perspektiften ele al\u0131yor.  1983\u2019te sivil y\u00f6netime ge\u00e7ilmesinin ard\u0131ndan, k\u0131sa s\u00fcre i\u00e7inde, 1980 \u00f6ncesinden farkl\u0131 olarak merkez sa\u011f i\u00e7inde g\u00fc\u00e7l\u00fc bir rekabet ba\u015flam\u0131\u015ft\u0131r. 1987 referandumu sonras\u0131nda siyasi yasaklar\u0131n kald\u0131r\u0131lmas\u0131yla sa\u011f i\u00e7indeki rekabet hem ideolojik farklar hem de siyasi fig\u00fcrlerin g\u00fc\u00e7leri bak\u0131m\u0131ndan \u00e7e\u015fitlenmi\u015f; ANAP\u2019\u0131n sa\u011f\u0131n \u00fc\u00e7 e\u011filimini -liberaller, mukaddesat\u00e7\u0131lar ve hareket\u00e7iler- kucaklama iddias\u0131 zay\u0131flam\u0131\u015ft\u0131r.  1990\u2019lar SSCB\u2019nin \u00e7\u00f6z\u00fcld\u00fc\u011f\u00fc, Bat\u0131dan gelen tarihin sonu r\u00fczgar\u0131n\u0131n g\u00fc\u00e7l\u00fc esti\u011fi, bir yandan da neoliberal hegemonyan\u0131n geni\u015fledi\u011fi y\u0131llard\u0131r. T\u00fcrkiye\u2019de darbe anayasas\u0131 ve yasalar\u0131 i\u00e7inde kurulmu\u015f sivil d\u00fczende sosyalist d\u00fc\u015f\u00fcnce ve hareketler b\u00fcy\u00fck bask\u0131 alt\u0131ndayken siyasetin kendisi merkez sa\u011f partilerin kendi i\u00e7indeki rekabeti ve \u0130slamc\u0131\/milliyet\u00e7i doktriner sa\u011f partilerle i\u00e7erme\/ayr\u0131\u015fma ili\u015fkilerine d\u00f6n\u00fc\u015fm\u00fc\u015ft\u00fcr. 90\u2019l\u0131 y\u0131llar boyunca, merkez siyaset zay\u0131flayacak, doktriner sa\u011f ise 1980 \u00f6ncesiyle k\u0131yaslanamayacak g\u00fcce ve siyasi kapasiteye eri\u015fecektir. Bu y\u0131llar ayn\u0131 zamanda K\u00fcrt sorununda \u015fiddetin y\u00fckseldi\u011fi, Susurluk skandal\u0131 ile ortaya serilen siyaset-b\u00fcrokrasi-mafya ili\u015fkileriyle a\u011f\u0131r insan haklar\u0131 ihlallerinin i\u015flendi\u011fi, tarikatlar\u0131n sivil toplum \u00f6rg\u00fct\u00fc ad\u0131 alt\u0131nda vak\u0131fla\u015ft\u0131\u011f\u0131 ve \u015firketle\u015fti\u011fi, sermaye \u00f6rg\u00fctlerinin topluma y\u00f6n verecek siyasal ara\u00e7lara a\u00e7\u0131ktan ba\u015fvurdu\u011fu y\u0131llard\u0131r. Bu kitap, 1983\u2019ten 2002\u2019ye T\u00fcrkiye siyasetinde merkez sa\u011fdan doktriner sa\u011fa kay\u0131\u015f\u0131n toplumsal ve siyasal dinamiklerinin kavranmas\u0131n\u0131n 2002 se\u00e7imleriyle ba\u015flayan Adalet ve Kalk\u0131nma Partisi h\u00fck\u00fcmetleri d\u00f6nemini do\u011fru de\u011ferlendirebilmenin yolunu a\u00e7aca\u011f\u0131n\u0131 iddia ediyor ve bu iddias\u0131n\u0131 g\u00fc\u00e7l\u00fc bi\u00e7imde savunuyor.  <\/p>\n","protected":false},"excerpt":{"rendered":"<p>Merkez\u2019den \u201cU\u00e7\u201dlara: Neoliberal D\u00f6nemde Sa\u011f Siyaset, 1983-2002 y\u0131llar\u0131 aras\u0131nda T\u00fcrkiye\u2019de sa\u011f siyasetin 12 Eyl\u00fcl cuntas\u0131n\u0131n yaratt\u0131\u011f\u0131 siyasal mimari i\u00e7inde olu\u015fumunu, geli\u015fimini ve unsurlar\u0131n\u0131n birbirleriyle ili\u015fkilerini tarihsel<span class=\"excerpt-hellip\"> [\u2026]<\/span><\/p>\n","protected":false},"featured_media":0,"template":"","meta":{"_monsterinsights_skip_tracking":false,"_monsterinsights_sitenote_active":false,"_monsterinsights_sitenote_note":"","_monsterinsights_sitenote_category":0},"product_brand":[],"product_cat":[12337,14543],"product_tag":[],"class_list":{"0":"post-767695","1":"product","2":"type-product","3":"status-publish","5":"product_cat-politika-siyaset","6":"product_cat-turkiye-siyaseti-ve-politikasi","7":"pa_cilt-ciltsiz","8":"pa_tur-kitap","9":"pa_yayinevi-ayrinti-yayinlari","10":"pa_yazar-guven-gurkan-oztan","12":"first","13":"instock","14":"sale","15":"shipping-taxable","16":"purchasable","17":"product-type-simple"},"_links":{"self":[{"href":"https:\/\/roveyayinevi.com.tr\/index.php\/wp-json\/wp\/v2\/product\/767695","targetHints":{"allow":["GET"]}}],"collection":[{"href":"https:\/\/roveyayinevi.com.tr\/index.php\/wp-json\/wp\/v2\/product"}],"about":[{"href":"https:\/\/roveyayinevi.com.tr\/index.php\/wp-json\/wp\/v2\/types\/product"}],"wp:attachment":[{"href":"https:\/\/roveyayinevi.com.tr\/index.php\/wp-json\/wp\/v2\/media?parent=767695"}],"wp:term":[{"taxonomy":"product_brand","embeddable":true,"href":"https:\/\/roveyayinevi.com.tr\/index.php\/wp-json\/wp\/v2\/product_brand?post=767695"},{"taxonomy":"product_cat","embeddable":true,"href":"https:\/\/roveyayinevi.com.tr\/index.php\/wp-json\/wp\/v2\/product_cat?post=767695"},{"taxonomy":"product_tag","embeddable":true,"href":"https:\/\/roveyayinevi.com.tr\/index.php\/wp-json\/wp\/v2\/product_tag?post=767695"}],"curies":[{"name":"wp","href":"https:\/\/api.w.org\/{rel}","templated":true}]}}