{"id":767694,"date":"2025-08-28T12:56:13","date_gmt":"2025-08-28T09:56:13","guid":{"rendered":"https:\/\/roveyayinevi.com.tr\/index.php\/urun\/et-yiyenler-arasinda-yasamak\/"},"modified":"2026-04-15T03:33:30","modified_gmt":"2026-04-15T00:33:30","slug":"et-yiyenler-arasinda-yasamak","status":"publish","type":"product","link":"https:\/\/roveyayinevi.com.tr\/index.php\/urun\/et-yiyenler-arasinda-yasamak\/","title":{"rendered":"Et Yiyenler Aras\u0131nda Ya\u015famak"},"content":{"rendered":"<p>Her yolculuk g\u00fcndelik hayat\u0131 aksat\u0131r. Bu yolculuk da farkl\u0131 de\u011fil. \u2026 Hayvanlar\u0131 yemeye son verdi\u011finizde, art\u0131k hem bir yolculu\u011fa \u00e7\u0131kan ki\u015fisinizdir hem de kasabaya gelen yabanc\u0131s\u0131n\u0131zd\u0131r. Yolculuk, di\u011fer varl\u0131klar\u0131 yemeyi b\u0131rakma karar\u0131n\u0131z ve bu de\u011fi\u015fim i\u00e7in att\u0131\u011f\u0131n\u0131z ad\u0131mlard\u0131r. Bu s\u00fcre\u00e7te ailenizin, dostlar\u0131n\u0131z\u0131n ve i\u015f arkada\u015flar\u0131n\u0131z\u0131n g\u00f6z\u00fcnde bir yabanc\u0131ya d\u00f6n\u00fc\u015f\u00fcrs\u00fcn\u00fcz; \u00e7\u00fcnk\u00fc art\u0131k onlar gibi de\u011filsinizdir. Al\u0131\u015ft\u0131klar\u0131 o eski \u201csizi\u201d geri isterler.  Dahas\u0131 bu yeni ve \u201cgarip\u201d sizle kurduklar\u0131 ili\u015fki, kendilerinin de bu yolculu\u011fa \u00e7\u0131k\u0131p \u00e7\u0131kmama kararlar\u0131n\u0131 etkileyebilir. Art\u0131k g\u00f6zleri \u00fcst\u00fcn\u00fczdedir.   Veg*n camias\u0131nda bir ba\u015fyap\u0131t kabul edilen ve t\u00fcm d\u00fcnyada b\u00fcy\u00fck ses getiren Etin Cinsel Politikas\u0131\u2019n\u0131n yazar\u0131 Carol J. Adams; bu kitapta veg*n olma yolculu\u011funa nas\u0131l \u00e7\u0131kabilece\u011finize de\u011fil, \u00e7\u0131kt\u0131ktan sonras\u0131nda et yiyen d\u00fcnyayla nas\u0131l iyi etkile\u015fimler kurabilece\u011finize ve ki\u015fileraras\u0131 ili\u015fkilerinizi nas\u0131l koruyabilece\u011finize \u0131\u015f\u0131k tutuyor.   Yazar\u0131n hem kendi deneyimlerinden hem de d\u00fcnyan\u0131n d\u00f6rt bir yan\u0131ndaki veg*nlar\u0131n aktar\u0131mlar\u0131ndan faydalanarak hayatta kalma t\u00fcyolar\u0131yla bezedi\u011fi kitap, her veg*n\u0131n s\u0131rf varl\u0131\u011f\u0131yla dahi tehdit olarak alg\u0131land\u0131\u011f\u0131 ortamlarda i\u00e7ine d\u00fc\u015fmesi ka\u00e7\u0131n\u0131lmaz olan durumlardan incelikle ve ustal\u0131kla kurtulmas\u0131n\u0131 sa\u011flayacak bilge bir yolda\u015f g\u00f6revini \u00fcstleniyor.   Lezzetin ve bollu\u011fun imzas\u0131n\u0131 ta\u015f\u0131yan, birbirinden nefis veg*n tarifler de i\u00e7eride sizi bekliyor. <\/p>\n","protected":false},"excerpt":{"rendered":"<p>Her yolculuk g\u00fcndelik hayat\u0131 aksat\u0131r. Bu yolculuk da farkl\u0131 de\u011fil. \u2026 Hayvanlar\u0131 yemeye son verdi\u011finizde, art\u0131k hem bir yolculu\u011fa \u00e7\u0131kan ki\u015fisinizdir hem de kasabaya gelen yabanc\u0131s\u0131n\u0131zd\u0131r.<span class=\"excerpt-hellip\"> [\u2026]<\/span><\/p>\n","protected":false},"featured_media":0,"template":"","meta":{"_monsterinsights_skip_tracking":false,"_monsterinsights_sitenote_active":false,"_monsterinsights_sitenote_note":"","_monsterinsights_sitenote_category":0},"product_brand":[],"product_cat":[12364,16266],"product_tag":[],"class_list":{"0":"post-767694","1":"product","2":"type-product","3":"status-publish","5":"product_cat-genel-konular","6":"product_cat-referans-kaynak-kitap","7":"pa_cilt-ciltsiz","8":"pa_tur-kitap","9":"pa_yayinevi-ayrinti-yayinlari","10":"pa_yazar-carol-j-adams","12":"first","13":"instock","14":"sale","15":"shipping-taxable","16":"purchasable","17":"product-type-simple"},"_links":{"self":[{"href":"https:\/\/roveyayinevi.com.tr\/index.php\/wp-json\/wp\/v2\/product\/767694","targetHints":{"allow":["GET"]}}],"collection":[{"href":"https:\/\/roveyayinevi.com.tr\/index.php\/wp-json\/wp\/v2\/product"}],"about":[{"href":"https:\/\/roveyayinevi.com.tr\/index.php\/wp-json\/wp\/v2\/types\/product"}],"wp:attachment":[{"href":"https:\/\/roveyayinevi.com.tr\/index.php\/wp-json\/wp\/v2\/media?parent=767694"}],"wp:term":[{"taxonomy":"product_brand","embeddable":true,"href":"https:\/\/roveyayinevi.com.tr\/index.php\/wp-json\/wp\/v2\/product_brand?post=767694"},{"taxonomy":"product_cat","embeddable":true,"href":"https:\/\/roveyayinevi.com.tr\/index.php\/wp-json\/wp\/v2\/product_cat?post=767694"},{"taxonomy":"product_tag","embeddable":true,"href":"https:\/\/roveyayinevi.com.tr\/index.php\/wp-json\/wp\/v2\/product_tag?post=767694"}],"curies":[{"name":"wp","href":"https:\/\/api.w.org\/{rel}","templated":true}]}}