{"id":767693,"date":"2025-08-28T12:56:12","date_gmt":"2025-08-28T09:56:12","guid":{"rendered":"https:\/\/roveyayinevi.com.tr\/index.php\/urun\/naif-ruhlar\/"},"modified":"2026-04-15T03:33:30","modified_gmt":"2026-04-15T00:33:30","slug":"naif-ruhlar","status":"publish","type":"product","link":"https:\/\/roveyayinevi.com.tr\/index.php\/urun\/naif-ruhlar\/","title":{"rendered":"Naif Ruhlar"},"content":{"rendered":"<p>Barry Sanders, modern toplumun bireye kar\u015f\u0131 kay\u0131ts\u0131zl\u0131\u011f\u0131n\u0131 inceliyor. \u0130nsana g\u00f6sterilen ilginin yava\u015f yava\u015f azald\u0131\u011f\u0131 Sanayi Devrimi ile s\u00f6zlerine ba\u015flayan Sanders, insani etkile\u015fimlerin yitip gitti\u011fi, \u00f6l\u00fcme ve hayata kar\u015f\u0131 ortak tutumlarda radikal de\u011fi\u015fikliklerin ortaya \u00e7\u0131kt\u0131\u011f\u0131 modern \u00e7a\u011fa uzan\u0131rken insan\u0131 insan yapan unsurlar\u0131n kaybolmas\u0131ndan yak\u0131n\u0131yor. G\u00fcnlerimiz, dikkat g\u00f6stermemizi gerektiren ve bizi kendi d\u00fcnyam\u0131zdan \u00e7\u0131kar\u0131p insanl\u0131k d\u0131\u015f\u0131, k\u0131s\u0131r ve soyut bir d\u00fcnyaya iten bitmek t\u00fckenmek bilmez bir bilgi bombard\u0131man\u0131yla dolu. Ayn\u0131 zamanda kolektif bilin\u00e7 duygusunu da kaybettik. Bu kay\u0131p, Avrupal\u0131 g\u00fc\u00e7lerin y\u00fckseli\u015fine ve d\u00fcnya \u00e7ap\u0131nda s\u00f6m\u00fcrgele\u015fmeye kadar uzanan iki y\u00fczy\u0131lda doru\u011fa ula\u015ft\u0131. \u0130\u015fte bu ortamda zehrimizi, k\u00f6ktenci yakla\u015f\u0131mlar\u0131n \u00e7e\u015fitli bi\u00e7imleri aras\u0131ndan se\u00e7iyoruz; bunlar\u0131n her biri yaln\u0131zca di\u011ferine y\u00f6nelik tehdit olu\u015fturmakla kalm\u0131yor ayn\u0131 zamanda insanl\u0131\u011f\u0131n ta kendisine kar\u015f\u0131 bir tehdit olu\u015fturuyor. Sanders insanl\u0131\u011f\u0131n yok olu\u015funun sebeplerini ortaya koyarken, kurtulu\u015funun \u00e7arelerini d\u00fc\u015f\u00fcnmemize yard\u0131mc\u0131 oluyor. <\/p>\n","protected":false},"excerpt":{"rendered":"<p>Barry Sanders, modern toplumun bireye kar\u015f\u0131 kay\u0131ts\u0131zl\u0131\u011f\u0131n\u0131 inceliyor. \u0130nsana g\u00f6sterilen ilginin yava\u015f yava\u015f azald\u0131\u011f\u0131 Sanayi Devrimi ile s\u00f6zlerine ba\u015flayan Sanders, insani etkile\u015fimlerin yitip gitti\u011fi, \u00f6l\u00fcme ve<span class=\"excerpt-hellip\"> [\u2026]<\/span><\/p>\n","protected":false},"featured_media":0,"template":"","meta":{"_monsterinsights_skip_tracking":false,"_monsterinsights_sitenote_active":false,"_monsterinsights_sitenote_note":"","_monsterinsights_sitenote_category":0},"product_brand":[],"product_cat":[12351,12324],"product_tag":[],"class_list":{"0":"post-767693","1":"product","2":"type-product","3":"status-publish","5":"product_cat-siyaset-sosyolojisi","6":"product_cat-sosyoloji","7":"pa_cilt-ciltsiz","8":"pa_tur-kitap","9":"pa_yayinevi-ayrinti-yayinlari","10":"pa_yazar-barry-sanders","12":"first","13":"instock","14":"sale","15":"shipping-taxable","16":"purchasable","17":"product-type-simple"},"_links":{"self":[{"href":"https:\/\/roveyayinevi.com.tr\/index.php\/wp-json\/wp\/v2\/product\/767693","targetHints":{"allow":["GET"]}}],"collection":[{"href":"https:\/\/roveyayinevi.com.tr\/index.php\/wp-json\/wp\/v2\/product"}],"about":[{"href":"https:\/\/roveyayinevi.com.tr\/index.php\/wp-json\/wp\/v2\/types\/product"}],"wp:attachment":[{"href":"https:\/\/roveyayinevi.com.tr\/index.php\/wp-json\/wp\/v2\/media?parent=767693"}],"wp:term":[{"taxonomy":"product_brand","embeddable":true,"href":"https:\/\/roveyayinevi.com.tr\/index.php\/wp-json\/wp\/v2\/product_brand?post=767693"},{"taxonomy":"product_cat","embeddable":true,"href":"https:\/\/roveyayinevi.com.tr\/index.php\/wp-json\/wp\/v2\/product_cat?post=767693"},{"taxonomy":"product_tag","embeddable":true,"href":"https:\/\/roveyayinevi.com.tr\/index.php\/wp-json\/wp\/v2\/product_tag?post=767693"}],"curies":[{"name":"wp","href":"https:\/\/api.w.org\/{rel}","templated":true}]}}