{"id":767692,"date":"2025-08-28T12:56:10","date_gmt":"2025-08-28T09:56:10","guid":{"rendered":"https:\/\/roveyayinevi.com.tr\/index.php\/urun\/insa-etmek-ve-yasamak\/"},"modified":"2026-04-15T03:33:30","modified_gmt":"2026-04-15T00:33:30","slug":"insa-etmek-ve-yasamak","status":"publish","type":"product","link":"https:\/\/roveyayinevi.com.tr\/index.php\/urun\/insa-etmek-ve-yasamak\/","title":{"rendered":"\u0130n\u015fa Etmek ve Ya\u015famak"},"content":{"rendered":"<p>Richard Sennett bu kapsaml\u0131 \u00e7al\u0131\u015fmada, antik Yunan&#8217;dan yola \u00e7\u0131karak yirmi birinci y\u00fczy\u0131l \u015eanghay&#8217;\u0131na kadar uzanan bir ba\u011flamda \u015fehirlerin mimari bi\u00e7imleriyle insanlar\u0131n ya\u015fay\u0131\u015f\u0131 aras\u0131ndaki kederli ili\u015fkiyi ele al\u0131yor. Paris, Barselona ve New York&#8217;un modern bi\u00e7imlerini nas\u0131l kazand\u0131klar\u0131n\u0131 analiz ederken, bizi Kolombiya&#8217;n\u0131n Medell\u00edn \u015fehrinin arka sokaklar\u0131ndan Manhattan&#8217;daki Google merkez binas\u0131na kadar g\u00fcn\u00fcm\u00fcz\u00fcn mekanlar\u0131nda sosyolojik bir tura \u00e7\u0131kar\u0131yor.  Sennett belli kesimlere ayr\u0131lan, d\u00fczen alt\u0131na al\u0131nan ve kontrol edilen &#8220;kapal\u0131 \u015fehirlerin&#8221; Kuzey Yar\u0131mk\u00fcreden G\u00fcneye do\u011fru yay\u0131lmas\u0131ndan yak\u0131n\u0131yor. Alternatif olarak, vatanda\u015flar aras\u0131ndaki farkl\u0131l\u0131klar\u0131n aktif \u015fekilde tart\u0131\u015f\u0131ld\u0131\u011f\u0131 ve planlamac\u0131lar\u0131n kentsel bi\u00e7imler \u00fczerinde deneyler yapt\u0131\u011f\u0131 &#8220;a\u00e7\u0131k \u015fehri&#8221; savunuyor, insanlar\u0131n karma\u015fayla nas\u0131l ba\u015fa \u00e7\u0131kabilece\u011fini anlat\u0131yor. G\u00fcn\u00fcm\u00fcze do\u011frudan hitap eden sosyolojik arg\u00fcmanlar\u0131n izini s\u00fcren bu kitap, gitgide daha fazla say\u0131da insan\u0131n kentsel alanlarda ya\u015fad\u0131\u011f\u0131 g\u00fcn\u00fcm\u00fcz d\u00fcnyas\u0131nda \u015fehirlerin gelece\u011fi i\u00e7in cesur ve \u00f6zg\u00fcn bir vizyon olu\u015fturuyor.<\/p>\n","protected":false},"excerpt":{"rendered":"<p>Richard Sennett bu kapsaml\u0131 \u00e7al\u0131\u015fmada, antik Yunan&#8217;dan yola \u00e7\u0131karak yirmi birinci y\u00fczy\u0131l \u015eanghay&#8217;\u0131na kadar uzanan bir ba\u011flamda \u015fehirlerin mimari bi\u00e7imleriyle insanlar\u0131n ya\u015fay\u0131\u015f\u0131 aras\u0131ndaki kederli ili\u015fkiyi ele<span class=\"excerpt-hellip\"> [\u2026]<\/span><\/p>\n","protected":false},"featured_media":0,"template":"","meta":{"_monsterinsights_skip_tracking":false,"_monsterinsights_sitenote_active":false,"_monsterinsights_sitenote_note":"","_monsterinsights_sitenote_category":0},"product_brand":[],"product_cat":[12324],"product_tag":[],"class_list":{"0":"post-767692","1":"product","2":"type-product","3":"status-publish","5":"product_cat-sosyoloji","6":"pa_cilt-ciltsiz","7":"pa_tur-kitap","8":"pa_yayinevi-ayrinti-yayinlari","9":"pa_yazar-richard-sennett","11":"first","12":"instock","13":"sale","14":"shipping-taxable","15":"purchasable","16":"product-type-simple"},"_links":{"self":[{"href":"https:\/\/roveyayinevi.com.tr\/index.php\/wp-json\/wp\/v2\/product\/767692","targetHints":{"allow":["GET"]}}],"collection":[{"href":"https:\/\/roveyayinevi.com.tr\/index.php\/wp-json\/wp\/v2\/product"}],"about":[{"href":"https:\/\/roveyayinevi.com.tr\/index.php\/wp-json\/wp\/v2\/types\/product"}],"wp:attachment":[{"href":"https:\/\/roveyayinevi.com.tr\/index.php\/wp-json\/wp\/v2\/media?parent=767692"}],"wp:term":[{"taxonomy":"product_brand","embeddable":true,"href":"https:\/\/roveyayinevi.com.tr\/index.php\/wp-json\/wp\/v2\/product_brand?post=767692"},{"taxonomy":"product_cat","embeddable":true,"href":"https:\/\/roveyayinevi.com.tr\/index.php\/wp-json\/wp\/v2\/product_cat?post=767692"},{"taxonomy":"product_tag","embeddable":true,"href":"https:\/\/roveyayinevi.com.tr\/index.php\/wp-json\/wp\/v2\/product_tag?post=767692"}],"curies":[{"name":"wp","href":"https:\/\/api.w.org\/{rel}","templated":true}]}}