{"id":767686,"date":"2025-08-28T12:55:56","date_gmt":"2025-08-28T09:55:56","guid":{"rendered":"https:\/\/roveyayinevi.com.tr\/index.php\/urun\/duygu-dagiticisi-ve-onun-acemi-yardimcisi\/"},"modified":"2026-04-15T03:33:30","modified_gmt":"2026-04-15T00:33:30","slug":"duygu-dagiticisi-ve-onun-acemi-yardimcisi","status":"publish","type":"product","link":"https:\/\/roveyayinevi.com.tr\/index.php\/urun\/duygu-dagiticisi-ve-onun-acemi-yardimcisi\/","title":{"rendered":"Duygu Da\u011f\u0131t\u0131c\u0131s\u0131 ve Onun Acemi Yard\u0131mc\u0131s\u0131"},"content":{"rendered":"<p>Moniz Bey her zamanki gibi duygu yu\u0308klu\u0308, masals\u0131 arac\u0131yla yollardayd\u0131. Ama emektar Goros ula\u015fmas\u0131 gereken yere varamadan yolda kalm\u0131\u015ft\u0131. \u015eimdi arabay\u0131 tamir edip yola devam etmek zaman\u0131yd\u0131. Ancak Moniz Bey, \u015fu her \u015feye burnunu sokan ku\u0308\u00e7u\u0308k k\u0131z\u0131n merak\u0131n\u0131 nas\u0131l giderecekti?   Hepha garip bir arac\u0131n alt\u0131ndan sadece ayaklar\u0131 g\u00f6ru\u0308nen bir adamla kar\u015f\u0131la\u015ft\u0131\u011f\u0131 an anlam\u0131\u015ft\u0131 yeni bir arkada\u015f buldu\u011funu&#8230; \u00c7u\u0308nku\u0308 duygular\u0131 onu her zaman do\u011fru y\u00f6nlendirirdi. Yan\u0131t almamas\u0131na ra\u011fmen \u0131srarla \u201cmerhaba\u201d diye seslenmesinin nedeni buydu. Belki de bu yabanc\u0131n\u0131n asl\u0131nda \u201ceksik b\u0131rak\u0131lan duygular\u0131 da\u011f\u0131tmak\u201d gibi \u00e7ok \u00f6nemli bir i\u015fi oldu\u011funu sezmi\u015fti\u2026   Serap Bi\u00e7ici\u2019nin duygularla dolu bu hik\u00e2yesi Duygu Polat \u00c7ak\u0131r\u2019\u0131n e\u011flenceli \u00e7izgileriyle hayat buldu. Duygular\u0131n\u0131n pe\u015finde olan ku\u0308\u00e7u\u0308k bu\u0308yu\u0308k herkesin kalbine dokunacak bir hik\u00e2ye Duygu Da\u011f\u0131t\u0131c\u0131s\u0131 ve Onun Acemi Yard\u0131mc\u0131s\u0131&#8230; <\/p>\n","protected":false},"excerpt":{"rendered":"<p>Moniz Bey her zamanki gibi duygu yu\u0308klu\u0308, masals\u0131 arac\u0131yla yollardayd\u0131. Ama emektar Goros ula\u015fmas\u0131 gereken yere varamadan yolda kalm\u0131\u015ft\u0131. \u015eimdi arabay\u0131 tamir edip yola devam etmek<span class=\"excerpt-hellip\"> [\u2026]<\/span><\/p>\n","protected":false},"featured_media":0,"template":"","meta":{"_monsterinsights_skip_tracking":false,"_monsterinsights_sitenote_active":false,"_monsterinsights_sitenote_note":"","_monsterinsights_sitenote_category":0},"product_brand":[],"product_cat":[12274,12284],"product_tag":[],"class_list":{"0":"post-767686","1":"product","2":"type-product","3":"status-publish","5":"product_cat-cocuk-ve-genclik-kitaplari","6":"product_cat-hikayeler","7":"pa_cilt-ciltsiz","8":"pa_tur-kitap","9":"pa_yayinevi-dinozor-cocuk","10":"pa_yazar-serap-bicici","12":"first","13":"instock","14":"sale","15":"shipping-taxable","16":"purchasable","17":"product-type-simple"},"_links":{"self":[{"href":"https:\/\/roveyayinevi.com.tr\/index.php\/wp-json\/wp\/v2\/product\/767686","targetHints":{"allow":["GET"]}}],"collection":[{"href":"https:\/\/roveyayinevi.com.tr\/index.php\/wp-json\/wp\/v2\/product"}],"about":[{"href":"https:\/\/roveyayinevi.com.tr\/index.php\/wp-json\/wp\/v2\/types\/product"}],"wp:attachment":[{"href":"https:\/\/roveyayinevi.com.tr\/index.php\/wp-json\/wp\/v2\/media?parent=767686"}],"wp:term":[{"taxonomy":"product_brand","embeddable":true,"href":"https:\/\/roveyayinevi.com.tr\/index.php\/wp-json\/wp\/v2\/product_brand?post=767686"},{"taxonomy":"product_cat","embeddable":true,"href":"https:\/\/roveyayinevi.com.tr\/index.php\/wp-json\/wp\/v2\/product_cat?post=767686"},{"taxonomy":"product_tag","embeddable":true,"href":"https:\/\/roveyayinevi.com.tr\/index.php\/wp-json\/wp\/v2\/product_tag?post=767686"}],"curies":[{"name":"wp","href":"https:\/\/api.w.org\/{rel}","templated":true}]}}