{"id":767685,"date":"2025-08-28T12:55:52","date_gmt":"2025-08-28T09:55:52","guid":{"rendered":"https:\/\/roveyayinevi.com.tr\/index.php\/urun\/ingiltereden-mektuplar\/"},"modified":"2026-04-15T03:33:30","modified_gmt":"2026-04-15T00:33:30","slug":"ingiltereden-mektuplar","status":"publish","type":"product","link":"https:\/\/roveyayinevi.com.tr\/index.php\/urun\/ingiltereden-mektuplar\/","title":{"rendered":"\u0130ngiltere\u2019den Mektuplar"},"content":{"rendered":"<p>\u201cBir u\u0308lkeyi ve insanlar\u0131n\u0131 tan\u0131man\u0131n bence en ho\u015f yolu an\u0131 kitab\u0131 okumak. An\u0131 kitatplar\u0131na bay\u0131l\u0131r\u0131m. \u0130ngiltere\u2019de ge\u00e7irdi\u011fim 20 y\u0131l ve iki \u0130ngiliz e\u015ften sonra benim de yazmam farz oldu.\u201d Dr. Yasemin Bradley   Dr. Yasemin Bradley Tu\u0308rkiye\u2019deki arkada\u015f\u0131 Ayse\u2019ye yazd\u0131\u011f\u0131 mektuplarda \u0130ngiltere ve \u0130ngilizler\u2019e bu\u0308yu\u0308te\u00e7 tutuyor. Ku\u0308ltu\u0308rlerini, ya\u015fam ve du\u0308\u015fu\u0308nce bi\u00e7imlerini bizimkiyle kar\u015f\u0131la\u015ft\u0131r\u0131yor. Gu\u0308ldu\u0308ren, \u00f6\u011freten, du\u0308\u015fu\u0308ndu\u0308ren, sansu\u0308rsu\u0308z mektuplar bunlar. Bir zamanlar u\u0308zerinde gu\u0308ne\u015f batmayan u\u0308lke, \u015fimdilerde ise sadece bu\u0308yu\u0308cek bir ada olmaya do\u011fru yol alan \u0130ngiltere ve halk\u0131n\u0131 tan\u0131mak i\u00e7in f\u0131rsat. <\/p>\n","protected":false},"excerpt":{"rendered":"<p>\u201cBir u\u0308lkeyi ve insanlar\u0131n\u0131 tan\u0131man\u0131n bence en ho\u015f yolu an\u0131 kitab\u0131 okumak. An\u0131 kitatplar\u0131na bay\u0131l\u0131r\u0131m. \u0130ngiltere\u2019de ge\u00e7irdi\u011fim 20 y\u0131l ve iki \u0130ngiliz e\u015ften sonra benim de<span class=\"excerpt-hellip\"> [\u2026]<\/span><\/p>\n","protected":false},"featured_media":0,"template":"","meta":{"_monsterinsights_skip_tracking":false,"_monsterinsights_sitenote_active":false,"_monsterinsights_sitenote_note":"","_monsterinsights_sitenote_category":0},"product_brand":[],"product_cat":[18545,12291],"product_tag":[],"class_list":{"0":"post-767685","1":"product","2":"type-product","3":"status-publish","5":"product_cat-anlati","6":"product_cat-edebiyat","7":"pa_cilt-ciltsiz","8":"pa_tur-kitap","9":"pa_yayinevi-totem-yayinlari","10":"pa_yazar-yasemin-bradley","12":"first","13":"instock","14":"sale","15":"shipping-taxable","16":"purchasable","17":"product-type-simple"},"_links":{"self":[{"href":"https:\/\/roveyayinevi.com.tr\/index.php\/wp-json\/wp\/v2\/product\/767685","targetHints":{"allow":["GET"]}}],"collection":[{"href":"https:\/\/roveyayinevi.com.tr\/index.php\/wp-json\/wp\/v2\/product"}],"about":[{"href":"https:\/\/roveyayinevi.com.tr\/index.php\/wp-json\/wp\/v2\/types\/product"}],"wp:attachment":[{"href":"https:\/\/roveyayinevi.com.tr\/index.php\/wp-json\/wp\/v2\/media?parent=767685"}],"wp:term":[{"taxonomy":"product_brand","embeddable":true,"href":"https:\/\/roveyayinevi.com.tr\/index.php\/wp-json\/wp\/v2\/product_brand?post=767685"},{"taxonomy":"product_cat","embeddable":true,"href":"https:\/\/roveyayinevi.com.tr\/index.php\/wp-json\/wp\/v2\/product_cat?post=767685"},{"taxonomy":"product_tag","embeddable":true,"href":"https:\/\/roveyayinevi.com.tr\/index.php\/wp-json\/wp\/v2\/product_tag?post=767685"}],"curies":[{"name":"wp","href":"https:\/\/api.w.org\/{rel}","templated":true}]}}