{"id":767684,"date":"2025-08-28T12:55:50","date_gmt":"2025-08-28T09:55:50","guid":{"rendered":"https:\/\/roveyayinevi.com.tr\/index.php\/urun\/net-holding-50-yil-kitabi-bir-turizm-devinin-sira-disi-tarihi\/"},"modified":"2026-04-15T03:33:30","modified_gmt":"2026-04-15T00:33:30","slug":"net-holding-50-yil-kitabi-bir-turizm-devinin-sira-disi-tarihi","status":"publish","type":"product","link":"https:\/\/roveyayinevi.com.tr\/index.php\/urun\/net-holding-50-yil-kitabi-bir-turizm-devinin-sira-disi-tarihi\/","title":{"rendered":"Net Holding 50.Y\u0131l Kitab\u0131 &#8211; Bir Turizm Devinin S\u0131ra D\u0131\u015f\u0131 Tarihi"},"content":{"rendered":"<p>Bir hayal,ger\u00e7e\u011fe nas\u0131l d\u00f6n\u00fc\u015f\u00fcr ?Keramet o hayalde mi,o hayali kuranda m\u0131d\u0131r ? Yoksa keramet,ba\u015far\u0131ya ula\u015fmak i\u00e7in \u00e7izilen yol haritas\u0131nda m\u0131d\u0131r ? \u00c7ok \u00e7al\u0131\u015fmak,s\u0131n\u0131rlar\u0131 zorlamak,al\u0131\u015f\u0131lm\u0131\u015f\u0131n d\u0131\u015f\u0131nda cesur ad\u0131mlar atmak. NET Holding\u2019in sekt\u00f6rde devirdi\u011fi 50 y\u0131l\u0131n \u00f6zeti.M\u00fccadele ve ba\u015far\u0131 dolu bu hikayeyi yazansa ger\u00e7ek bir lider ve ona inanan cesur,\u00f6zverili \u00e7al\u0131\u015fanlar.Bu,birlikte yaz\u0131lan bir ba\u015far\u0131n\u0131n hikayesi ! Bir Turizm Devinin S\u0131ra D\u0131\u015f\u0131 Tarihi,stratejik d\u00fc\u015f\u00fcnebilen,de\u011fi\u015fimi \u00f6ng\u00f6rme becerisi olan,de\u011fi\u015fime uyum sa\u011flama refkeksi geli\u015fmi\u015f ve kriz y\u00f6netimi konusunda uzmanla\u015fm\u0131\u015f bir y\u00f6neticinin hayaliyle ba\u015flay\u0131p giderek devle\u015fen bir \u015firketler grubunun,NET Holding\u2019in,ezberleri bozan y\u00fcr\u00fcy\u00fc\u015f\u00fcn\u00fc g\u00f6zler \u00f6n\u00fcne seriyor. Kuruldu\u011fu y\u0131ldan bu yana al\u0131\u015f\u0131lmad\u0131k cesur at\u0131l\u0131mlar\u0131 ile sekt\u00f6rde 50 y\u0131l\u0131 deviren NET Holding\u2019in tarihi ;T\u00fcrkiye\u2019nin ve d\u00fcnyan\u0131n yak\u0131n tarihindeki siyaset,sosyal,k\u00fclt\u00fcrel olaylar e\u015fli\u011finde hem tan\u0131klarla hem de okuyucuyu tan\u0131k ederek,soluksuz okunacak deneyimlerin zenginli\u011fini yans\u0131t\u0131yor. 50.y\u0131l\u0131m\u0131zda dostlar\u0131m\u0131za ve bizlerden sonrakilere b\u0131rakaca\u011f\u0131m\u0131z en k\u0131ymetli miras bu kitap ! Birlikte nice y\u0131llara\u2026. <\/p>\n","protected":false},"excerpt":{"rendered":"<p>Bir hayal,ger\u00e7e\u011fe nas\u0131l d\u00f6n\u00fc\u015f\u00fcr ?Keramet o hayalde mi,o hayali kuranda m\u0131d\u0131r ? Yoksa keramet,ba\u015far\u0131ya ula\u015fmak i\u00e7in \u00e7izilen yol haritas\u0131nda m\u0131d\u0131r ? \u00c7ok \u00e7al\u0131\u015fmak,s\u0131n\u0131rlar\u0131 zorlamak,al\u0131\u015f\u0131lm\u0131\u015f\u0131n d\u0131\u015f\u0131nda cesur<span class=\"excerpt-hellip\"> [\u2026]<\/span><\/p>\n","protected":false},"featured_media":0,"template":"","meta":{"_monsterinsights_skip_tracking":false,"_monsterinsights_sitenote_active":false,"_monsterinsights_sitenote_note":"","_monsterinsights_sitenote_category":0},"product_brand":[],"product_cat":[13946,12304],"product_tag":[],"class_list":{"0":"post-767684","1":"product","2":"type-product","3":"status-publish","5":"product_cat-biyografi-otobiyografi","6":"product_cat-tarih","7":"pa_cilt-ciltsiz","8":"pa_tur-kitap","9":"pa_yayinevi-net-cocuk-yayinlari","10":"pa_yazar-fatih-vural","12":"first","13":"instock","14":"sale","15":"shipping-taxable","16":"purchasable","17":"product-type-simple"},"_links":{"self":[{"href":"https:\/\/roveyayinevi.com.tr\/index.php\/wp-json\/wp\/v2\/product\/767684","targetHints":{"allow":["GET"]}}],"collection":[{"href":"https:\/\/roveyayinevi.com.tr\/index.php\/wp-json\/wp\/v2\/product"}],"about":[{"href":"https:\/\/roveyayinevi.com.tr\/index.php\/wp-json\/wp\/v2\/types\/product"}],"wp:attachment":[{"href":"https:\/\/roveyayinevi.com.tr\/index.php\/wp-json\/wp\/v2\/media?parent=767684"}],"wp:term":[{"taxonomy":"product_brand","embeddable":true,"href":"https:\/\/roveyayinevi.com.tr\/index.php\/wp-json\/wp\/v2\/product_brand?post=767684"},{"taxonomy":"product_cat","embeddable":true,"href":"https:\/\/roveyayinevi.com.tr\/index.php\/wp-json\/wp\/v2\/product_cat?post=767684"},{"taxonomy":"product_tag","embeddable":true,"href":"https:\/\/roveyayinevi.com.tr\/index.php\/wp-json\/wp\/v2\/product_tag?post=767684"}],"curies":[{"name":"wp","href":"https:\/\/api.w.org\/{rel}","templated":true}]}}