{"id":767681,"date":"2025-08-28T12:55:41","date_gmt":"2025-08-28T09:55:41","guid":{"rendered":"https:\/\/roveyayinevi.com.tr\/index.php\/urun\/yaniliyor-olabilirim\/"},"modified":"2026-04-15T03:33:29","modified_gmt":"2026-04-15T00:33:29","slug":"yaniliyor-olabilirim","status":"publish","type":"product","link":"https:\/\/roveyayinevi.com.tr\/index.php\/urun\/yaniliyor-olabilirim\/","title":{"rendered":"Yan\u0131l\u0131yor Olabilirim"},"content":{"rendered":"<p>\u0130sve\u00e7\u2019te yay\u0131nlan\u0131r yay\u0131nlanmaz kitap listelerini alt\u00fcst eden, Storytel taraf\u0131ndan \u201cEn \u0130yi Kurgud\u0131\u015f\u0131 \u00d6d\u00fcl\u00fc\u201dne lay\u0131k g\u00f6r\u00fclen Yan\u0131l\u0131yor Olabilirim ba\u015far\u0131dan sadeli\u011fe, belirsizlikten huzura uzanan bir ya\u015fam hik\u00e2yesi.   \u0130\u015f d\u00fcnyas\u0131nda ba\u015far\u0131yla parlayan bir kariyeri geride b\u0131rak\u0131p Tayland ormanlar\u0131nda bir ke\u015fi\u015f olarak ya\u015famay\u0131 se\u00e7en Lindeblad, bu radikal karar\u0131yla i\u00e7sel dinginli\u011fin izini s\u00fcr\u00fcyor. Ancak hayat ona yeni zorluklar sunuyor: ALS te\u015fhisi, hem fiziksel hem de zihinsel bir m\u00fccadeleyi beraberinde getiriyor.   Hayat\u0131n karma\u015f\u0131k do\u011fas\u0131n\u0131 anlamaya \u00e7al\u0131\u015fan herkes i\u00e7in bir ayna g\u00f6revi g\u00f6ren bu kitap, zihnimizin tuzaklar\u0131n\u0131 ve bu tuzaklardan nas\u0131l \u00f6zg\u00fcrle\u015febilece\u011fimizi g\u00f6steriyor. Her d\u00fc\u015f\u00fcnceye inanmak zorunda olmad\u0131\u011f\u0131m\u0131z\u0131 hat\u0131rlat\u0131yor, kendi i\u00e7imizdeki huzuru bulman\u0131n yollar\u0131n\u0131 sunuyor ve modern d\u00fcnyada kaybolmu\u015f hissetti\u011fimiz anlarda nas\u0131l yeniden ba\u011f kurabilece\u011fimizi g\u00f6steriyor.   Okuru adeta bir arkada\u015f sohbeti gibi i\u00e7ine \u00e7eken Yan\u0131l\u0131yor Olabilirim sadece bir insan\u0131n hik\u00e2yesi de\u011fil; ayn\u0131 zamanda hepimizin ya\u015fad\u0131\u011f\u0131 kayg\u0131lar\u0131n, aray\u0131\u015flar\u0131n ve umutlar\u0131n bir yans\u0131mas\u0131.    Bu kitap, bir yol g\u00f6sterici olarak kalbinize dokunacak.   \u201cOkurken geri d\u00f6nmek istedi\u011fim sayfalar\u0131n k\u00f6\u015felerini k\u0131v\u0131rd\u0131m, baz\u0131 b\u00f6l\u00fcmleri kalemle i\u015faretledim. Kitab\u0131n sonuna geldi\u011fimde, neredeyse her sayfa k\u0131vr\u0131lm\u0131\u015f ve i\u015faretlenmi\u015fti.\u201d \u2014 Telegraph <\/p>\n","protected":false},"excerpt":{"rendered":"<p>\u0130sve\u00e7\u2019te yay\u0131nlan\u0131r yay\u0131nlanmaz kitap listelerini alt\u00fcst eden, Storytel taraf\u0131ndan \u201cEn \u0130yi Kurgud\u0131\u015f\u0131 \u00d6d\u00fcl\u00fc\u201dne lay\u0131k g\u00f6r\u00fclen Yan\u0131l\u0131yor Olabilirim ba\u015far\u0131dan sadeli\u011fe, belirsizlikten huzura uzanan bir ya\u015fam hik\u00e2yesi. \u0130\u015f<span class=\"excerpt-hellip\"> [\u2026]<\/span><\/p>\n","protected":false},"featured_media":0,"template":"","meta":{"_monsterinsights_skip_tracking":false,"_monsterinsights_sitenote_active":false,"_monsterinsights_sitenote_note":"","_monsterinsights_sitenote_category":0},"product_brand":[],"product_cat":[12364,12376],"product_tag":[],"class_list":{"0":"post-767681","1":"product","2":"type-product","3":"status-publish","5":"product_cat-genel-konular","6":"product_cat-kisisel-gelisim","7":"pa_cilt-ciltsiz","8":"pa_tur-kitap","9":"pa_yayinevi-dogan-novus","10":"pa_yazar-kolektif","12":"first","13":"instock","14":"sale","15":"shipping-taxable","16":"purchasable","17":"product-type-simple"},"_links":{"self":[{"href":"https:\/\/roveyayinevi.com.tr\/index.php\/wp-json\/wp\/v2\/product\/767681","targetHints":{"allow":["GET"]}}],"collection":[{"href":"https:\/\/roveyayinevi.com.tr\/index.php\/wp-json\/wp\/v2\/product"}],"about":[{"href":"https:\/\/roveyayinevi.com.tr\/index.php\/wp-json\/wp\/v2\/types\/product"}],"wp:attachment":[{"href":"https:\/\/roveyayinevi.com.tr\/index.php\/wp-json\/wp\/v2\/media?parent=767681"}],"wp:term":[{"taxonomy":"product_brand","embeddable":true,"href":"https:\/\/roveyayinevi.com.tr\/index.php\/wp-json\/wp\/v2\/product_brand?post=767681"},{"taxonomy":"product_cat","embeddable":true,"href":"https:\/\/roveyayinevi.com.tr\/index.php\/wp-json\/wp\/v2\/product_cat?post=767681"},{"taxonomy":"product_tag","embeddable":true,"href":"https:\/\/roveyayinevi.com.tr\/index.php\/wp-json\/wp\/v2\/product_tag?post=767681"}],"curies":[{"name":"wp","href":"https:\/\/api.w.org\/{rel}","templated":true}]}}