{"id":767679,"date":"2025-08-28T12:55:34","date_gmt":"2025-08-28T09:55:34","guid":{"rendered":"https:\/\/roveyayinevi.com.tr\/index.php\/urun\/bangir-bangir-ferdi-caliyor-evde-2\/"},"modified":"2026-04-15T03:33:29","modified_gmt":"2026-04-15T00:33:29","slug":"bangir-bangir-ferdi-caliyor-evde-2","status":"publish","type":"product","link":"https:\/\/roveyayinevi.com.tr\/index.php\/urun\/bangir-bangir-ferdi-caliyor-evde-2\/","title":{"rendered":"Bang\u0131r Bang\u0131r Ferdi \u00c7al\u0131yor Evde"},"content":{"rendered":"<p>\u201cBang\u0131r bang\u0131r Ferdi \u00e7al\u0131yor evde, zaman\u0131n \u00e7ok evleri gibi. Camlardan, aynalardan, duvarlarda as\u0131l\u0131 posterlerden d\u00f6n\u00fcyor sesi Ferdi\u2019nin titreyerek, titreterek; kad\u0131nlar bir yandan \u015ferbetlenmemi\u015f parmaklar\u0131n\u0131n ucuyla tuttuklar\u0131 sigaralar\u0131n\u0131 tellendirip bir yandan e\u015flik ediyorlar Ferdi Bey\u2019e, yar\u0131 dudaklar\u0131yla. \u0130nsanlar\u0131n kederli olmay\u0131 \u00e7ok sevdi\u011fi y\u0131llar. Her \u015feye sinmi\u015f bir Maltepe sigaras\u0131 kokusu, bir ucuzluk, bir pazardan al\u0131nm\u0131\u015fl\u0131k, bir mu\u015fambal\u0131k.\u201d   Ta\u015fran\u0131n sokak aralar\u0131nda, evlerinde, kalplerinde ya\u015fanan ama konu\u015fulmayan hik\u00e2yeler\u2026 Bang\u0131r Bang\u0131r Ferdi \u00c7al\u0131yor Evde\u2026 yaln\u0131zca bir d\u00f6nemi de\u011fil, bir duyguyu da yakal\u0131yor. Mahir \u00dcnsal Eri\u015f, ge\u00e7mi\u015fin naftalin kokulu hik\u00e2yelerini g\u00fcn y\u00fcz\u00fcne \u00e7\u0131kar\u0131yor. Hayaller, kay\u0131plar, umutlar ve hayal k\u0131r\u0131kl\u0131klar\u0131 bu \u00f6yk\u00fclerde i\u00e7 i\u00e7e ge\u00e7iyor.  Bu hik\u00e2yelerse bazen g\u00fcl\u00fcmsetiyor, bazen h\u00fcz\u00fcnlendiriyor ama her defas\u0131nda derinden etkiliyor.   Bu kitap, i\u00e7inden ge\u00e7ti\u011finiz ama hat\u0131rlamak i\u00e7in durup hi\u00e7 bakmad\u0131\u011f\u0131n\u0131z anlar\u0131n b\u00fcy\u00fcl\u00fc bir yans\u0131mas\u0131. Mahir \u00dcnsal Eri\u015f\u2019in ilk \u00f6yk\u00fc kitab\u0131 Bang\u0131r Bang\u0131r Ferdi \u00c7al\u0131yor Evde&#8230; y\u0131llar sonra bile h\u00e2l\u00e2 ayn\u0131 h\u00fcz\u00fcn ve ne\u015feyle y\u00fcreklere dokunmaya devam ediyor. <\/p>\n","protected":false},"excerpt":{"rendered":"<p>\u201cBang\u0131r bang\u0131r Ferdi \u00e7al\u0131yor evde, zaman\u0131n \u00e7ok evleri gibi. Camlardan, aynalardan, duvarlarda as\u0131l\u0131 posterlerden d\u00f6n\u00fcyor sesi Ferdi\u2019nin titreyerek, titreterek; kad\u0131nlar bir yandan \u015ferbetlenmemi\u015f parmaklar\u0131n\u0131n ucuyla tuttuklar\u0131<span class=\"excerpt-hellip\"> [\u2026]<\/span><\/p>\n","protected":false},"featured_media":0,"template":"","meta":{"_monsterinsights_skip_tracking":false,"_monsterinsights_sitenote_active":false,"_monsterinsights_sitenote_note":"","_monsterinsights_sitenote_category":0},"product_brand":[],"product_cat":[12291,12711],"product_tag":[],"class_list":{"0":"post-767679","1":"product","2":"type-product","3":"status-publish","5":"product_cat-edebiyat","6":"product_cat-roman-oyku","7":"pa_cilt-ciltsiz","8":"pa_tur-kitap","9":"pa_yayinevi-dogan-kitap","10":"pa_yazar-mahir-unsal-eris","12":"first","13":"instock","14":"sale","15":"shipping-taxable","16":"purchasable","17":"product-type-simple"},"_links":{"self":[{"href":"https:\/\/roveyayinevi.com.tr\/index.php\/wp-json\/wp\/v2\/product\/767679","targetHints":{"allow":["GET"]}}],"collection":[{"href":"https:\/\/roveyayinevi.com.tr\/index.php\/wp-json\/wp\/v2\/product"}],"about":[{"href":"https:\/\/roveyayinevi.com.tr\/index.php\/wp-json\/wp\/v2\/types\/product"}],"wp:attachment":[{"href":"https:\/\/roveyayinevi.com.tr\/index.php\/wp-json\/wp\/v2\/media?parent=767679"}],"wp:term":[{"taxonomy":"product_brand","embeddable":true,"href":"https:\/\/roveyayinevi.com.tr\/index.php\/wp-json\/wp\/v2\/product_brand?post=767679"},{"taxonomy":"product_cat","embeddable":true,"href":"https:\/\/roveyayinevi.com.tr\/index.php\/wp-json\/wp\/v2\/product_cat?post=767679"},{"taxonomy":"product_tag","embeddable":true,"href":"https:\/\/roveyayinevi.com.tr\/index.php\/wp-json\/wp\/v2\/product_tag?post=767679"}],"curies":[{"name":"wp","href":"https:\/\/api.w.org\/{rel}","templated":true}]}}