{"id":767671,"date":"2025-08-28T12:55:12","date_gmt":"2025-08-28T09:55:12","guid":{"rendered":"https:\/\/roveyayinevi.com.tr\/index.php\/urun\/simdi-sevisme-vakti-ve-diger-siirleri\/"},"modified":"2026-04-15T03:33:29","modified_gmt":"2026-04-15T00:33:29","slug":"simdi-sevisme-vakti-ve-diger-siirleri","status":"publish","type":"product","link":"https:\/\/roveyayinevi.com.tr\/index.php\/urun\/simdi-sevisme-vakti-ve-diger-siirleri\/","title":{"rendered":"\u015eimdi Sevi\u015fme Vakti ve Di\u011fer \u015eiirleri"},"content":{"rendered":"<p>Uyusam, Kendimi bir son vapurda sansam&#8230; Pe\u015fimizde y\u0131ld\u0131zlar Pe\u015fimizde uskur Uyusam&#8230;   Sait Faik\u2019in \u015fiirlerindeki h\u00fcz\u00fcnl\u00fc \u00f6yk\u00fcler, \u00f6yk\u00fclerindeki yan\u0131k \u015fiirler&#8230; \u015eiirden \u00f6yk\u00fcye, \u00f6yk\u00fcden \u015fiire, sevgiyi, insan\u0131, do\u011fay\u0131, ku\u015flar\u0131, bal\u0131klar\u0131, denizi, en \u00e7ok da sevgi(yi) ve denizi ta\u015f\u0131d\u0131, hayattan alarak. Onun her sat\u0131r\u0131\/dizesi insan olma ser\u00fcveninin lirik anlat\u0131m\u0131d\u0131r.   Bu kitapta yay\u0131mlanm\u0131\u015f b\u00fct\u00fcn \u015fiirlerinin yan\u0131 s\u0131ra ard\u0131nda b\u0131rakt\u0131\u011f\u0131 man\u00fcskrilerden \u2013kur\u015funkalemle sar\u0131 k\u00e2\u011f\u0131tlara yaz\u0131lm\u0131\u015f\u2013 ilk kez g\u00fcn \u0131\u015f\u0131\u011f\u0131na \u00e7\u0131kan \u201cDonan Haber\u201d, \u201cSu Kenar\u0131nda Yatanlar\u201d, \u201cKarlar\u0131n H\u0131\u015f\u0131rt\u0131s\u0131\u201d, \u201cBen C\u0131garam\u0131 S\u00f6nd\u00fcrd\u00fcm&#8230;\u201d, \u201cTakam&#8230;\u201d, \u201cBulutu G\u00f6rd\u00fcn m\u00fc&#8230;\u201d adl\u0131 \u015fiirleri de yer al\u0131yor.   \u201cSevmek, bir insan\u0131 sevmekle ba\u015flar her \u015fey.\u201d <\/p>\n","protected":false},"excerpt":{"rendered":"<p>Uyusam, Kendimi bir son vapurda sansam&#8230; Pe\u015fimizde y\u0131ld\u0131zlar Pe\u015fimizde uskur Uyusam&#8230; Sait Faik\u2019in \u015fiirlerindeki h\u00fcz\u00fcnl\u00fc \u00f6yk\u00fcler, \u00f6yk\u00fclerindeki yan\u0131k \u015fiirler&#8230; \u015eiirden \u00f6yk\u00fcye, \u00f6yk\u00fcden \u015fiire, sevgiyi, insan\u0131, do\u011fay\u0131,<span class=\"excerpt-hellip\"> [\u2026]<\/span><\/p>\n","protected":false},"featured_media":0,"template":"","meta":{"_monsterinsights_skip_tracking":false,"_monsterinsights_sitenote_active":false,"_monsterinsights_sitenote_note":"","_monsterinsights_sitenote_category":0},"product_brand":[],"product_cat":[12291,12509],"product_tag":[],"class_list":{"0":"post-767671","1":"product","2":"type-product","3":"status-publish","5":"product_cat-edebiyat","6":"product_cat-siir","7":"pa_cilt-ciltsiz","8":"pa_tur-kitap","9":"pa_yayinevi-yapi-kredi-yayinlari","10":"pa_yazar-sait-faik-abasiyanik","12":"first","13":"instock","14":"sale","15":"shipping-taxable","16":"purchasable","17":"product-type-simple"},"_links":{"self":[{"href":"https:\/\/roveyayinevi.com.tr\/index.php\/wp-json\/wp\/v2\/product\/767671","targetHints":{"allow":["GET"]}}],"collection":[{"href":"https:\/\/roveyayinevi.com.tr\/index.php\/wp-json\/wp\/v2\/product"}],"about":[{"href":"https:\/\/roveyayinevi.com.tr\/index.php\/wp-json\/wp\/v2\/types\/product"}],"wp:attachment":[{"href":"https:\/\/roveyayinevi.com.tr\/index.php\/wp-json\/wp\/v2\/media?parent=767671"}],"wp:term":[{"taxonomy":"product_brand","embeddable":true,"href":"https:\/\/roveyayinevi.com.tr\/index.php\/wp-json\/wp\/v2\/product_brand?post=767671"},{"taxonomy":"product_cat","embeddable":true,"href":"https:\/\/roveyayinevi.com.tr\/index.php\/wp-json\/wp\/v2\/product_cat?post=767671"},{"taxonomy":"product_tag","embeddable":true,"href":"https:\/\/roveyayinevi.com.tr\/index.php\/wp-json\/wp\/v2\/product_tag?post=767671"}],"curies":[{"name":"wp","href":"https:\/\/api.w.org\/{rel}","templated":true}]}}