{"id":767663,"date":"2025-08-28T12:54:53","date_gmt":"2025-08-28T09:54:53","guid":{"rendered":"https:\/\/roveyayinevi.com.tr\/index.php\/urun\/arda-ve-neseli-lamalar-imdat-buyuyorum\/"},"modified":"2026-04-15T03:33:29","modified_gmt":"2026-04-15T00:33:29","slug":"arda-ve-neseli-lamalar-imdat-buyuyorum","status":"publish","type":"product","link":"https:\/\/roveyayinevi.com.tr\/index.php\/urun\/arda-ve-neseli-lamalar-imdat-buyuyorum\/","title":{"rendered":"Arda ve Ne\u015feli Lamalar: \u0130mdat, B\u00fcy\u00fcyorum!"},"content":{"rendered":"<p>Ve kar\u015f\u0131n\u0131zda t\u00fcm zamanlar\u0131n en muhte\u015fem s\u0131n\u0131f ekibi: Ne\u015feli Lamalar!\u0130mk\u00e2ns\u0131z g\u00f6revlerin aranan lideri Arda; m\u00fccadele ve maceran\u0131n oldu\u011fu yerde korkuya meydan okuyan Ceyda; ekibin beyni Batu; tuhaf gaflar\u0131n kral\u0131 Mert ve son olarak, gereken her \u015feyi s\u0131rt \u00e7antas\u0131nda ta\u015f\u0131yan acemi casus Mine.Be\u015f kafadar i\u00e7in her g\u00fcn yeni bir macera, yeni bir e\u011flence!Zihni sinir projeleriyle kar\u015f\u0131lar\u0131na \u00e7\u0131kan t\u00fcm sorunlara \u015fip\u015fak \u00e7\u00f6z\u00fcm \u00fcreten Arda ve Ne\u015feli Lamalar&#8217;\u0131n ba\u015far\u0131yla tamamlayamayacaklar\u0131 g\u00f6rev yok.Hem zaten b\u00f6ylesine bir ekip ruhu, sevgi ve dayan\u0131\u015fman\u0131n kar\u015f\u0131s\u0131nda kim durabilir ki?Anne-Ga\u00eblle Balpe ile Zo\u00e9 Plane&#8217;\u0131n ortak imzas\u0131n\u0131 ta\u015f\u0131yan d\u00f6rt kitapl\u0131k \u201cArda ve Ne\u015feli Lamalar\u201d serisi \u201c\u0130lk \u00c7izgi Roman\u0131m\u201d koleksiyonundaki yerini al\u0131yor. Okumay\u0131 s\u00f6ken \u00e7ocuklar\u0131 bir ad\u0131m ileriye g\u00f6t\u00fcr\u00fcp \u00e7izgili hik\u00e2yeler ile bulu\u015fturmak i\u00e7in haz\u0131rlanan \u201c\u0130lk \u00c7izgi Roman\u0131m\u201d koleksiyonu, \u00e7izgi roman sanat\u0131n\u0131 e\u011flenceli bir e\u011fitim arac\u0131 olarak kullanarak k\u00fc\u00e7\u00fck ya\u015ftan gelece\u011fin \u00e7izgi severlerini yeti\u015ftirmeyi hedefliyor.Yurtd\u0131\u015f\u0131ndaki okullarda \u00f6\u011fretmenler taraf\u0131ndan da \u00f6nerilen \u201cArda ve Ne\u015feli Lamalar\u201d\u0131n ser\u00fcvenleri \u00e7ocuklara zevkli bir okuma deneyimi vadediyor!\u0130nat\u00e7\u0131 sivilceler a\u015fk\u0131na!Arda&#8217;n\u0131n \u00e7ok b\u00fcy\u00fck bir problemi var. Hatta belki biraz da korkun\u00e7! Sa\u00e7lar\u0131, y\u00fcz\u00fcndeki sivilceler&#8230; Yoksa bir yerlerden ergen vir\u00fcs\u00fc m\u00fc kapt\u0131? Olamaz! Ergenli\u011fe girmesi i\u00e7in hen\u00fcz \u00e7ok erken. Hem \u00f6\u011fretmeni fark ederse kesin ortaokula g\u00f6nderir Arda&#8217;y\u0131. Of, birileri bu duruma el atmal\u0131. Neyse ki yaln\u0131z de\u011fil. Dahiyane fikirleri bulunan muhte\u015fem dostlar\u0131 var. O zaman Ne\u015feli Lamalar i\u00e7in yeni g\u00f6rev ba\u015flas\u0131n! Durun, bir dakika&#8230; Arda&#8217;n\u0131n y\u00fcz\u00fcnden akan \u015fey de ne \u00f6yle?<\/p>\n","protected":false},"excerpt":{"rendered":"<p>Ve kar\u015f\u0131n\u0131zda t\u00fcm zamanlar\u0131n en muhte\u015fem s\u0131n\u0131f ekibi: Ne\u015feli Lamalar!\u0130mk\u00e2ns\u0131z g\u00f6revlerin aranan lideri Arda; m\u00fccadele ve maceran\u0131n oldu\u011fu yerde korkuya meydan okuyan Ceyda; ekibin beyni Batu;<span class=\"excerpt-hellip\"> [\u2026]<\/span><\/p>\n","protected":false},"featured_media":0,"template":"","meta":{"_monsterinsights_skip_tracking":false,"_monsterinsights_sitenote_active":false,"_monsterinsights_sitenote_note":"","_monsterinsights_sitenote_category":0},"product_brand":[],"product_cat":[12689,12274],"product_tag":[],"class_list":{"0":"post-767663","1":"product","2":"type-product","3":"status-publish","5":"product_cat-cizgi-roman-cocuk-ve-genclik-kitaplari","6":"product_cat-cocuk-ve-genclik-kitaplari","7":"pa_cilt-ciltsiz","8":"pa_tur-kitap","9":"pa_yayinevi-desen-yayinlari","10":"pa_yazar-anne-gaelle-balpe-geraldine-cosneau","12":"first","13":"instock","14":"sale","15":"shipping-taxable","16":"purchasable","17":"product-type-simple"},"_links":{"self":[{"href":"https:\/\/roveyayinevi.com.tr\/index.php\/wp-json\/wp\/v2\/product\/767663","targetHints":{"allow":["GET"]}}],"collection":[{"href":"https:\/\/roveyayinevi.com.tr\/index.php\/wp-json\/wp\/v2\/product"}],"about":[{"href":"https:\/\/roveyayinevi.com.tr\/index.php\/wp-json\/wp\/v2\/types\/product"}],"wp:attachment":[{"href":"https:\/\/roveyayinevi.com.tr\/index.php\/wp-json\/wp\/v2\/media?parent=767663"}],"wp:term":[{"taxonomy":"product_brand","embeddable":true,"href":"https:\/\/roveyayinevi.com.tr\/index.php\/wp-json\/wp\/v2\/product_brand?post=767663"},{"taxonomy":"product_cat","embeddable":true,"href":"https:\/\/roveyayinevi.com.tr\/index.php\/wp-json\/wp\/v2\/product_cat?post=767663"},{"taxonomy":"product_tag","embeddable":true,"href":"https:\/\/roveyayinevi.com.tr\/index.php\/wp-json\/wp\/v2\/product_tag?post=767663"}],"curies":[{"name":"wp","href":"https:\/\/api.w.org\/{rel}","templated":true}]}}