{"id":767662,"date":"2025-08-28T12:54:51","date_gmt":"2025-08-28T09:54:51","guid":{"rendered":"https:\/\/roveyayinevi.com.tr\/index.php\/urun\/ilkin-aydin-yukselen-sampiyon\/"},"modified":"2026-04-15T03:33:29","modified_gmt":"2026-04-15T00:33:29","slug":"ilkin-aydin-yukselen-sampiyon","status":"publish","type":"product","link":"https:\/\/roveyayinevi.com.tr\/index.php\/urun\/ilkin-aydin-yukselen-sampiyon\/","title":{"rendered":"\u0130lkin Ayd\u0131n: Y\u00fckselen \u015eampiyon"},"content":{"rendered":"<p>Ankara\u2019n\u0131n so\u011fuk sokaklar\u0131ndan, d\u00fcnya voleybol sahalar\u0131na uzanan bir yolculuk\u2026 \u0130lkin Ayd\u0131n, yaln\u0131zca ba\u015far\u0131lar\u0131yla de\u011fil; azmi, kararl\u0131l\u0131\u011f\u0131 ve bitmek bilmeyen inanc\u0131yla bir efsaneye d\u00f6n\u00fc\u015ft\u00fc. Her s\u0131mac\u0131 bir zafer, her ad\u0131m\u0131 bir ilham kayna\u011f\u0131 oldu. Bu kitap, gen\u00e7 bir k\u0131z\u0131n hayallerinin pe\u015finden giderek nas\u0131l bir d\u00fcnya y\u0131ld\u0131z\u0131na d\u00f6n\u00fc\u015ft\u00fc\u011f\u00fcn\u00fc ve milyonlara umut verdi\u011fini anlat\u0131yor. \u0130lkin Ayd\u0131n\u2019\u0131n s\u0131ra d\u0131\u015f\u0131 hikayesiyle tan\u0131\u015f\u0131n ve hayallerin s\u0131n\u0131r tan\u0131mad\u0131\u011f\u0131n\u0131 bir kez daha ke\u015ffedin.<\/p>\n","protected":false},"excerpt":{"rendered":"<p>Ankara\u2019n\u0131n so\u011fuk sokaklar\u0131ndan, d\u00fcnya voleybol sahalar\u0131na uzanan bir yolculuk\u2026 \u0130lkin Ayd\u0131n, yaln\u0131zca ba\u015far\u0131lar\u0131yla de\u011fil; azmi, kararl\u0131l\u0131\u011f\u0131 ve bitmek bilmeyen inanc\u0131yla bir efsaneye d\u00f6n\u00fc\u015ft\u00fc. Her s\u0131mac\u0131 bir<span class=\"excerpt-hellip\"> [\u2026]<\/span><\/p>\n","protected":false},"featured_media":0,"template":"","meta":{"_monsterinsights_skip_tracking":false,"_monsterinsights_sitenote_active":false,"_monsterinsights_sitenote_note":"","_monsterinsights_sitenote_category":0},"product_brand":[],"product_cat":[14009,12291],"product_tag":[],"class_list":{"0":"post-767662","1":"product","2":"type-product","3":"status-publish","5":"product_cat-biyografi-otobiyografi-edebiyat","6":"product_cat-edebiyat","7":"pa_cilt-ciltsiz","8":"pa_tur-kitap","9":"pa_yayinevi-peta-kitap","10":"pa_yazar-can-eren","12":"first","13":"instock","14":"sale","15":"shipping-taxable","16":"purchasable","17":"product-type-simple"},"_links":{"self":[{"href":"https:\/\/roveyayinevi.com.tr\/index.php\/wp-json\/wp\/v2\/product\/767662","targetHints":{"allow":["GET"]}}],"collection":[{"href":"https:\/\/roveyayinevi.com.tr\/index.php\/wp-json\/wp\/v2\/product"}],"about":[{"href":"https:\/\/roveyayinevi.com.tr\/index.php\/wp-json\/wp\/v2\/types\/product"}],"wp:attachment":[{"href":"https:\/\/roveyayinevi.com.tr\/index.php\/wp-json\/wp\/v2\/media?parent=767662"}],"wp:term":[{"taxonomy":"product_brand","embeddable":true,"href":"https:\/\/roveyayinevi.com.tr\/index.php\/wp-json\/wp\/v2\/product_brand?post=767662"},{"taxonomy":"product_cat","embeddable":true,"href":"https:\/\/roveyayinevi.com.tr\/index.php\/wp-json\/wp\/v2\/product_cat?post=767662"},{"taxonomy":"product_tag","embeddable":true,"href":"https:\/\/roveyayinevi.com.tr\/index.php\/wp-json\/wp\/v2\/product_tag?post=767662"}],"curies":[{"name":"wp","href":"https:\/\/api.w.org\/{rel}","templated":true}]}}