{"id":767661,"date":"2025-08-28T12:54:48","date_gmt":"2025-08-28T09:54:48","guid":{"rendered":"https:\/\/roveyayinevi.com.tr\/index.php\/urun\/ne-dusundugunu-biliyorum-2\/"},"modified":"2026-04-15T03:33:29","modified_gmt":"2026-04-15T00:33:29","slug":"ne-dusundugunu-biliyorum-2","status":"publish","type":"product","link":"https:\/\/roveyayinevi.com.tr\/index.php\/urun\/ne-dusundugunu-biliyorum-2\/","title":{"rendered":"Ne D\u00fc\u015f\u00fcnd\u00fc\u011f\u00fcn\u00fc Biliyorum"},"content":{"rendered":"<p>John Smith, kimileri i\u00e7in l\u00fctuf, kimileri i\u00e7in lanet say\u0131lacak \u00f6zel bir yeteneg\u0306e sahip: insanlar\u0131n zihinlerine eris\u0327ebiliyor.Ak\u0131llar\u0131na tak\u0131lan s\u0327ark\u0131lar\u0131, herkesten saklad\u0131klar\u0131 s\u0131rlar\u0131, gizledikleri korkular\u0131, unutamad\u0131klar\u0131 ac\u0131 dolu anlar\u0131 bir bak\u0131s\u0327ta okuyabiliyor&#8230;   S\u00fcrpriz deg\u0306il, CIA onu en g\u00fc\u00e7l\u00fc ajanlar\u0131ndan biri haline gelene dek ihtimamla yetis\u0327tirdi, yeteneklerini zorlayarak gelis\u0327tirdi.Ve yine s\u00fcrpriz deg\u0306il, John gibiler tek yere bag\u0306l\u0131 kalamaz&#8230;Tes\u0327kilattan bir gece ans\u0131z\u0131n ka\u00e7t\u0131 ve s\u0327imdi \u00f6zel dan\u0131s\u0327man olarak \u00e7al\u0131s\u0327\u0131yor, en b\u00fcy\u00fck m\u00fccadelesi de kendisiyle. Tek derdi yeteneg\u0306inin karanl\u0131k potansiyelini kontrol alt\u0131nda tutmak ve beladan uzak kalmak.   Yeni m\u00fcs\u0327terisi milyarder yaz\u0131l\u0131m gurusu Everett Sloan\u2019\u0131n teknoloji dehas\u0131 eski \u00e7al\u0131s\u0327an\u0131n\u0131 aras\u0327t\u0131rmas\u0131 i\u00e7in John\u2019u tutmas\u0131yla is\u0327ler fena kar\u0131s\u0327\u0131yor.John, g\u00fc\u00e7lerini sonuna kadar kullanman\u0131n hayatta kalmak i\u00e7in tek umudu oldug\u0306unu biliyor, bu kendi ak\u0131l sag\u0306l\u0131g\u0306\u0131n\u0131 riske atmak anlam\u0131na gelse bile.   Christopher Farnsworth y\u00fcksek konseptli gerilim macera roman\u0131Ne D\u00fcs\u0327\u00fcnd\u00fcg\u0306\u00fcn\u00fc Biliyorum&#8217;da tarih, biyoteknoloji, aksiyon ve maceray\u0131 kusursuz bir s\u0327ekilde harmanl\u0131yor.     \u201cNe D\u00fcs\u0327\u00fcnd\u00fcg\u0306\u00fcn\u00fc Biliyorum&#8217;u okumak, g\u00f6ky\u00fcz\u00fcnde 5.000 mil h\u0131zla ilerleyen balistik bir f\u00fczenin burun k\u0131sm\u0131na bag\u0306lanmakla es\u0327deg\u0306er. Unutulmaz bir yolculuk!\u201d Nick Cutter, THE TROOP ve THE DEEP kitaplar\u0131n\u0131n yazar\u0131   &#8220;Biraz James Bond, biraz Jason Bourne, biraz Profes\u00f6r X&#8230; tek farkla: Bizim kahraman\u0131m\u0131z daha zeki, daha esprili ve daha h\u0131zl\u0131 kos\u0327abiliyor. Christopher Farnsworth Ne D\u00fcs\u0327\u00fcnd\u00fcg\u0306\u00fcn\u00fc Biliyorum&#8217;da gelmis\u0327 ge\u00e7mis\u0327 en b\u00fcy\u00fck silah\u0131 k\u0131l\u0131f\u0131ndan \u00e7\u0131kar\u0131yor: insan zihni!\u201d Beau Smith, WYNONNA EARP&#8217;\u0131n yarat\u0131c\u0131s\u0131 \/ yazar\u0131   \u201cChris Farnsworth t\u0131pk\u0131 kahraman\u0131 gibi zihin okumay\u0131 biliyor, son sayfaya gelene kadar beni kendine bag\u0306lamay\u0131 bildi. Ne D\u00fcs\u0327\u00fcnd\u00fcg\u0306\u00fcn\u00fc Biliyorum s\u0327imdiye kadarki en iyi roman\u0131.\u201d IanTregillis, MEKANI\u0307K\u2019in yazar\u0131   \u201cTelepati ve kirli is\u0327ler&#8230;Yog\u0306un macera ve tekno-gerilim&#8230;G\u00fc\u00e7l\u00fc yeteneklere sahip g\u00f6z al\u0131c\u0131 bir kahraman&#8230;Ne D\u00fcs\u0327\u00fcnd\u00fcg\u0306\u00fcn\u00fc Biliyorum&#8217;da her s\u0327eyin en iyisi var ve bas\u0327tan sona \u00e7ok eg\u0306lenceli.\u201d Jonathan Howard, JOHANNES CABAL THE NECROMANCER&#8217;\u0131n yazar\u0131 <\/p>\n","protected":false},"excerpt":{"rendered":"<p>John Smith, kimileri i\u00e7in l\u00fctuf, kimileri i\u00e7in lanet say\u0131lacak \u00f6zel bir yeteneg\u0306e sahip: insanlar\u0131n zihinlerine eris\u0327ebiliyor.Ak\u0131llar\u0131na tak\u0131lan s\u0327ark\u0131lar\u0131, herkesten saklad\u0131klar\u0131 s\u0131rlar\u0131, gizledikleri korkular\u0131, unutamad\u0131klar\u0131 ac\u0131 dolu<span class=\"excerpt-hellip\"> [\u2026]<\/span><\/p>\n","protected":false},"featured_media":0,"template":"","meta":{"_monsterinsights_skip_tracking":false,"_monsterinsights_sitenote_active":false,"_monsterinsights_sitenote_note":"","_monsterinsights_sitenote_category":0},"product_brand":[],"product_cat":[12291,12711],"product_tag":[],"class_list":{"0":"post-767661","1":"product","2":"type-product","3":"status-publish","5":"product_cat-edebiyat","6":"product_cat-roman-oyku","7":"pa_cilt-ciltsiz","8":"pa_tur-kitap","9":"pa_yayinevi-april-yayincilik","10":"pa_yazar-christopher-farnsworth","12":"first","13":"instock","14":"sale","15":"shipping-taxable","16":"purchasable","17":"product-type-simple"},"_links":{"self":[{"href":"https:\/\/roveyayinevi.com.tr\/index.php\/wp-json\/wp\/v2\/product\/767661","targetHints":{"allow":["GET"]}}],"collection":[{"href":"https:\/\/roveyayinevi.com.tr\/index.php\/wp-json\/wp\/v2\/product"}],"about":[{"href":"https:\/\/roveyayinevi.com.tr\/index.php\/wp-json\/wp\/v2\/types\/product"}],"wp:attachment":[{"href":"https:\/\/roveyayinevi.com.tr\/index.php\/wp-json\/wp\/v2\/media?parent=767661"}],"wp:term":[{"taxonomy":"product_brand","embeddable":true,"href":"https:\/\/roveyayinevi.com.tr\/index.php\/wp-json\/wp\/v2\/product_brand?post=767661"},{"taxonomy":"product_cat","embeddable":true,"href":"https:\/\/roveyayinevi.com.tr\/index.php\/wp-json\/wp\/v2\/product_cat?post=767661"},{"taxonomy":"product_tag","embeddable":true,"href":"https:\/\/roveyayinevi.com.tr\/index.php\/wp-json\/wp\/v2\/product_tag?post=767661"}],"curies":[{"name":"wp","href":"https:\/\/api.w.org\/{rel}","templated":true}]}}