{"id":767660,"date":"2025-08-28T12:54:46","date_gmt":"2025-08-28T09:54:46","guid":{"rendered":"https:\/\/roveyayinevi.com.tr\/index.php\/urun\/hasret-koordinatlar\/"},"modified":"2026-04-15T03:33:29","modified_gmt":"2026-04-15T00:33:29","slug":"hasret-koordinatlar","status":"publish","type":"product","link":"https:\/\/roveyayinevi.com.tr\/index.php\/urun\/hasret-koordinatlar\/","title":{"rendered":"Hasret Koordinatlar"},"content":{"rendered":"<p>\u201cG\u00f6rkemli ve unutulmaz bir roman, ger\u00e7eklig\u0306e kars\u0327\u0131 kurmacan\u0131n zaferi. Hasret Koordinatlar\u0131 okura ger\u00e7ek bir ka\u00e7\u0131s\u0327 f\u0131rsat\u0131 sunuyor!\u201dBooklistHasret Koordinatlar\u0131 g\u00fczellig\u0306imizi ve \u00e7irkinlig\u0306imizi, birbirimize zarar verme ve birbirimizi sevme s\u0131n\u0131rlar\u0131m\u0131z\u0131, dog\u0306ayla olan gizemli ve kutsal ilis\u0327kimizi \u00f6n\u00fcm\u00fcze seriyor.\u00d6nce bir adaya gideceg\u0306iz, ard\u0131ndan bir vadiye, unutulmus\u0327 bir s\u0327ehre&#8230;Kar \u00e7\u00f6l\u00fcn\u00fc ziyaret edeceg\u0306iz, ag\u0306a\u00e7lar\u0131aras\u0327t\u0131ran bilim insan\u0131yla ve k\u00e2hinle tan\u0131s\u0327acag\u0306\u0131z.Bir buzul ug\u0306runa kopan beyhude savas\u0327lar\u0131 sona erdirmeye \u00e7al\u0131s\u0327an jeolog yolda bize es\u0327lik edecek.Hayat\u0131n\u0131n son demlerindeki as\u0327\u0131klar\u0131, devrimci og\u0306lunu kurtarmak i\u00e7in k\u0131yas\u0131ya m\u00fccadele eden anneyi, bir dost arayan canavar\u0131, \u00f6nce tekneye sonra kad\u0131na d\u00f6n\u00fcs\u0327en kaplumbag\u0306ay\u0131 yan\u0131m\u0131za alacag\u0306\u0131z.K\u0131talar kadar huzursuz, kurumaya y\u00fcz tutmus\u0327 g\u00f6rkemli okyanusun hayaletiyle kars\u0327\u0131las\u0327acag\u0306\u0131z.Bu roman hayat\u0131 i\u00e7 i\u00e7e ge\u00e7mis\u0327 karakterlerin birliktelik aray\u0131s\u0327\u0131.Shubhangi Swarup t\u00fcm dillerde heyecan uyand\u0131ran bir edebi deh\u00e2, Hindistan\u2019\u0131n d\u00fcnya edebiyat\u0131na en g\u00fczel armag\u0306anlar\u0131ndan.D\u00fcnya ile insanl\u0131g\u0306\u0131n birbirine duydug\u0306u \u00e7ok y\u00f6nl\u00fc s\u0327iirsel as\u0327k\u0131 ve \u00f6zlemi anlatt\u0131g\u0306\u0131 Hasret Koordinatlar\u0131 17 dile \u00e7evrildi, d\u00fcnyan\u0131n ve insanlar\u0131n s\u0131n\u0131rlar\u0131n\u0131 hikayelerle as\u0327ma \u00e7abas\u0131 edebi \u00e7evrelerde heyecan yaratt\u0131.\u201cHasret Koordinatlar\u0131, yery\u00fcz\u00fcn\u00fcn nefes ald\u0131g\u0306\u0131n\u0131 ve en yaln\u0131z oldug\u0306umuz anda bile deg\u0306is\u0327en d\u00fcnyan\u0131n bir par\u00e7as\u0131 oldug\u0306umuzu hat\u0131rlat\u0131yor bize.Bu kitapta ana karan\u0131n y\u00fcr\u00fcd\u00fcg\u0306\u00fcn\u00fc, deniz fenerlerinin fora ettig\u0306ini ve bast\u0131g\u0306\u0131n\u0131z yerin hareket ettig\u0306ini hissediyorsunuz.\u201d Guernica\u201cS\u0327as\u0327\u0131rt\u0131c\u0131 ve benzeri g\u00f6r\u00fclmemis\u0327&#8230; Shubhangi Swarup insanlar\u0131, ormanlar\u0131, okyanuslar\u0131 ve kar \u00e7\u00f6llerini edebiyatla tan\u0131y\u0131p sevmemizi sag\u0306l\u0131yor.\u201dNilanjana S. Roy\u201cS\u0327iirsel, es\u0327i benzeri g\u00f6r\u00fclmemis\u0327, okuru kalbinin tam ortas\u0131ndan vuran bir roman.\u201d JCB Edebiyat \u00d6d\u00fcl\u00fc J\u00fcrisi<\/p>\n","protected":false},"excerpt":{"rendered":"<p>\u201cG\u00f6rkemli ve unutulmaz bir roman, ger\u00e7eklig\u0306e kars\u0327\u0131 kurmacan\u0131n zaferi. Hasret Koordinatlar\u0131 okura ger\u00e7ek bir ka\u00e7\u0131s\u0327 f\u0131rsat\u0131 sunuyor!\u201dBooklistHasret Koordinatlar\u0131 g\u00fczellig\u0306imizi ve \u00e7irkinlig\u0306imizi, birbirimize zarar verme ve birbirimizi<span class=\"excerpt-hellip\"> [\u2026]<\/span><\/p>\n","protected":false},"featured_media":0,"template":"","meta":{"_monsterinsights_skip_tracking":false,"_monsterinsights_sitenote_active":false,"_monsterinsights_sitenote_note":"","_monsterinsights_sitenote_category":0},"product_brand":[],"product_cat":[12291,12711],"product_tag":[],"class_list":{"0":"post-767660","1":"product","2":"type-product","3":"status-publish","5":"product_cat-edebiyat","6":"product_cat-roman-oyku","7":"pa_cilt-ciltsiz","8":"pa_tur-kitap","9":"pa_yayinevi-april-yayincilik","10":"pa_yazar-shubhangi-swarup","12":"first","13":"instock","14":"sale","15":"shipping-taxable","16":"purchasable","17":"product-type-simple"},"_links":{"self":[{"href":"https:\/\/roveyayinevi.com.tr\/index.php\/wp-json\/wp\/v2\/product\/767660","targetHints":{"allow":["GET"]}}],"collection":[{"href":"https:\/\/roveyayinevi.com.tr\/index.php\/wp-json\/wp\/v2\/product"}],"about":[{"href":"https:\/\/roveyayinevi.com.tr\/index.php\/wp-json\/wp\/v2\/types\/product"}],"wp:attachment":[{"href":"https:\/\/roveyayinevi.com.tr\/index.php\/wp-json\/wp\/v2\/media?parent=767660"}],"wp:term":[{"taxonomy":"product_brand","embeddable":true,"href":"https:\/\/roveyayinevi.com.tr\/index.php\/wp-json\/wp\/v2\/product_brand?post=767660"},{"taxonomy":"product_cat","embeddable":true,"href":"https:\/\/roveyayinevi.com.tr\/index.php\/wp-json\/wp\/v2\/product_cat?post=767660"},{"taxonomy":"product_tag","embeddable":true,"href":"https:\/\/roveyayinevi.com.tr\/index.php\/wp-json\/wp\/v2\/product_tag?post=767660"}],"curies":[{"name":"wp","href":"https:\/\/api.w.org\/{rel}","templated":true}]}}