{"id":767659,"date":"2025-08-28T12:54:44","date_gmt":"2025-08-28T09:54:44","guid":{"rendered":"https:\/\/roveyayinevi.com.tr\/index.php\/urun\/hapisane-gunlugu\/"},"modified":"2026-04-15T03:33:29","modified_gmt":"2026-04-15T00:33:29","slug":"hapisane-gunlugu","status":"publish","type":"product","link":"https:\/\/roveyayinevi.com.tr\/index.php\/urun\/hapisane-gunlugu\/","title":{"rendered":"Hapisane G\u00fcnl\u00fc\u011f\u00fc"},"content":{"rendered":"<p>(\u2026) G\u00fcl ak\u015fam\u00fcst\u00fc a\u00e7ar tomurunu, sonra solar A\u00e7mas\u0131 ve kurumas\u0131 farkedilmeden s\u00fcrer. Fakat kokusu, iner hapisanenin derinliklerine Anlat\u0131r tutsak arkada\u015flara ya\u015fam\u0131n adaletsizli\u011fini, ac\u0131s\u0131n\u0131.               Frans\u0131z S\u00f6m\u00fcrgesi olan \u00c7inhindi\u2019nde Vietnam\u2019da yoksul bir ailenin \u00e7ocu\u011fu olarak do\u011fan Ho Chi Minh, orta e\u011fitiminden sonra yapt\u0131\u011f\u0131 g\u00f6revler nedeniyle pek \u00e7ok \u00fclkeyi gezme-g\u00f6rme f\u0131rsat\u0131 buldu. Fransa, ABD ve Sovyetler Birli\u011fi gibi \u00fclkelerde ya\u015fayan Ho Chi Minh, \u00c7inhindi Kom\u00fcnist Partisi\u2019ni kurdu; Vietnam\u2019\u0131n Frans\u0131z s\u00f6m\u00fcrge boyunduru\u011fundan kurtulmas\u0131 i\u00e7in diplomatik ve askeri sava\u015f\u0131mlar\u2013sava\u015flar y\u00fcr\u00fctt\u00fc. 1941 y\u0131l\u0131nda yard\u0131m aray\u0131\u015f\u0131yla \u00c7in\u2019e ge\u00e7en Minh, orada kendisine g\u00fcvenmeyen \u00c7an Kay-\u015fek askerleri taraf\u0131ndan tutukland\u0131 ve 18 ay hapis yatt\u0131; elinizdeki kitaptaki \u015fiirlerini bu s\u00fcre i\u00e7inde yanl\u0131\u015f anla\u015f\u0131lmamak kayg\u0131s\u0131 ile Tang formuyla ve \u00c7ince yazd\u0131. \u0130kinci D\u00fcnya Sava\u015f\u0131 sonras\u0131 Vietnam Kom\u00fcnist Partisi ile sava\u015f\u0131m\u0131n\u0131 s\u00fcrd\u00fcren Minh, d\u00fc\u015flerinde kurdu\u011fu Vietnam\u2019\u0131n b\u00fct\u00fcnle\u015fmesini g\u00f6remeden, 1969\u2019da \u00f6ld\u00fc.<\/p>\n","protected":false},"excerpt":{"rendered":"<p>(\u2026) G\u00fcl ak\u015fam\u00fcst\u00fc a\u00e7ar tomurunu, sonra solar A\u00e7mas\u0131 ve kurumas\u0131 farkedilmeden s\u00fcrer. Fakat kokusu, iner hapisanenin derinliklerine Anlat\u0131r tutsak arkada\u015flara ya\u015fam\u0131n adaletsizli\u011fini, ac\u0131s\u0131n\u0131. Frans\u0131z S\u00f6m\u00fcrgesi olan<span class=\"excerpt-hellip\"> [\u2026]<\/span><\/p>\n","protected":false},"featured_media":0,"template":"","meta":{"_monsterinsights_skip_tracking":false,"_monsterinsights_sitenote_active":false,"_monsterinsights_sitenote_note":"","_monsterinsights_sitenote_category":0},"product_brand":[],"product_cat":[12291,12509],"product_tag":[],"class_list":{"0":"post-767659","1":"product","2":"type-product","3":"status-publish","5":"product_cat-edebiyat","6":"product_cat-siir","7":"pa_cilt-ciltsiz","8":"pa_tur-kitap","9":"pa_yayinevi-islik-yayinlari","10":"pa_yazar-ho-chi-minh","12":"first","13":"instock","14":"sale","15":"shipping-taxable","16":"purchasable","17":"product-type-simple"},"_links":{"self":[{"href":"https:\/\/roveyayinevi.com.tr\/index.php\/wp-json\/wp\/v2\/product\/767659","targetHints":{"allow":["GET"]}}],"collection":[{"href":"https:\/\/roveyayinevi.com.tr\/index.php\/wp-json\/wp\/v2\/product"}],"about":[{"href":"https:\/\/roveyayinevi.com.tr\/index.php\/wp-json\/wp\/v2\/types\/product"}],"wp:attachment":[{"href":"https:\/\/roveyayinevi.com.tr\/index.php\/wp-json\/wp\/v2\/media?parent=767659"}],"wp:term":[{"taxonomy":"product_brand","embeddable":true,"href":"https:\/\/roveyayinevi.com.tr\/index.php\/wp-json\/wp\/v2\/product_brand?post=767659"},{"taxonomy":"product_cat","embeddable":true,"href":"https:\/\/roveyayinevi.com.tr\/index.php\/wp-json\/wp\/v2\/product_cat?post=767659"},{"taxonomy":"product_tag","embeddable":true,"href":"https:\/\/roveyayinevi.com.tr\/index.php\/wp-json\/wp\/v2\/product_tag?post=767659"}],"curies":[{"name":"wp","href":"https:\/\/api.w.org\/{rel}","templated":true}]}}