{"id":767656,"date":"2025-08-28T12:54:40","date_gmt":"2025-08-28T09:54:40","guid":{"rendered":"https:\/\/roveyayinevi.com.tr\/index.php\/urun\/yenilenebilir-enerji-renewable-energy-public-governance-a-comparative-view\/"},"modified":"2026-04-15T03:33:29","modified_gmt":"2026-04-15T00:33:29","slug":"yenilenebilir-enerji-renewable-energy-public-governance-a-comparative-view","status":"publish","type":"product","link":"https:\/\/roveyayinevi.com.tr\/index.php\/urun\/yenilenebilir-enerji-renewable-energy-public-governance-a-comparative-view\/","title":{"rendered":"Yenilenebilir Enerji &#8211; Renewable Energy Publ\u0131c Governance: A Comparat\u0131ve V\u0131ew"},"content":{"rendered":"<p>\u0130\u00e7indekiler :   \u00b7         B\u0130R\u0130NC\u0130 B\u00d6L\u00dcM: ENERGIEFORSCHUNG IN DEUTSCHLAND UND DER T\u00dcRKEI: EIN EMPIRISCHER VERGLEICH \u00b7         \u0130K\u0130NC\u0130 B\u00d6L\u00dcM: BUILDING GLOBAL GOVERNANCE FOR RENEWABLE ENERGY: INSTITUTIONAL FRAMEWORKS AND INITIATIVES IN THE DECADE OF ACTION \u00b7         \u00dc\u00c7\u00dcNC\u00dc B\u00d6L\u00dcM: \u0130KL\u0130M DE\u011e\u0130\u015e\u0130KL\u0130\u011e\u0130N\u0130N \u0130\u015e SA\u011eLI\u011eI VE G\u00dcVENL\u0130\u011e\u0130 \u00dcZER\u0130NE ETK\u0130LER\u0130 VE M\u00dcDAHALE \u00d6NLEMLER\u0130 \u00b7         D\u00d6RD\u00dcNC\u00dc B\u00d6L\u00dcM: RENEWABLE ENERGY COOPERATIVES \u00b7         BE\u015e\u0130NC\u0130 B\u00d6L\u00dcM: ENERJ\u0130 POL\u0130T\u0130KALARI-S\u00dcRD\u00dcR\u00dcLEB\u0130L\u0130R KALKINMA-Y\u00d6NET\u0130\u015e\u0130M BA\u011eLAMINDA \u201cSIFIR ATIK PROJES\u0130\u201d \u00b7         ALTINCI B\u00d6L\u00dcM: AFFORDABLE AND CLEAN ENERGY IN CENTRAL AND EASTERN EUROPE YED\u0130NC\u0130 B\u00d6L\u00dcM: URBAN POLICY FOR RENEWABLE ENERGY \u00b7         SEK\u0130Z\u0130NC\u0130 B\u00d6L\u00dcM: YEN\u0130LENEB\u0130L\u0130R ENERJ\u0130DE YEREL Y\u00d6NET\u0130M\u0130N ROL\u00dc: D\u00dcNYA VE T\u00dcRK\u0130YE \u00d6RNEKLER\u0130 DOKUZUNCU B\u00d6L\u00dcM: NAVIGATING THE LANDSCAPE FOR RENEWABLE ENERGY STARTUPS IN T\u00dcRKIYE                        <\/p>\n","protected":false},"excerpt":{"rendered":"<p>\u0130\u00e7indekiler : \u00b7 B\u0130R\u0130NC\u0130 B\u00d6L\u00dcM: ENERGIEFORSCHUNG IN DEUTSCHLAND UND DER T\u00dcRKEI: EIN EMPIRISCHER VERGLEICH \u00b7 \u0130K\u0130NC\u0130 B\u00d6L\u00dcM: BUILDING GLOBAL GOVERNANCE FOR RENEWABLE ENERGY: INSTITUTIONAL FRAMEWORKS AND<span class=\"excerpt-hellip\"> [\u2026]<\/span><\/p>\n","protected":false},"featured_media":0,"template":"","meta":{"_monsterinsights_skip_tracking":false,"_monsterinsights_sitenote_active":false,"_monsterinsights_sitenote_note":"","_monsterinsights_sitenote_category":0},"product_brand":[],"product_cat":[13005,40995],"product_tag":[],"class_list":{"0":"post-767656","1":"product","2":"type-product","3":"status-publish","5":"product_cat-bilim-muhendislik","6":"product_cat-sosyal-bilimler","7":"pa_cilt-ciltsiz","8":"pa_tur-kitap","9":"pa_yayinevi-gazi-kitabevi","10":"pa_yazar-kolektif","12":"first","13":"instock","14":"sale","15":"shipping-taxable","16":"purchasable","17":"product-type-simple"},"_links":{"self":[{"href":"https:\/\/roveyayinevi.com.tr\/index.php\/wp-json\/wp\/v2\/product\/767656","targetHints":{"allow":["GET"]}}],"collection":[{"href":"https:\/\/roveyayinevi.com.tr\/index.php\/wp-json\/wp\/v2\/product"}],"about":[{"href":"https:\/\/roveyayinevi.com.tr\/index.php\/wp-json\/wp\/v2\/types\/product"}],"wp:attachment":[{"href":"https:\/\/roveyayinevi.com.tr\/index.php\/wp-json\/wp\/v2\/media?parent=767656"}],"wp:term":[{"taxonomy":"product_brand","embeddable":true,"href":"https:\/\/roveyayinevi.com.tr\/index.php\/wp-json\/wp\/v2\/product_brand?post=767656"},{"taxonomy":"product_cat","embeddable":true,"href":"https:\/\/roveyayinevi.com.tr\/index.php\/wp-json\/wp\/v2\/product_cat?post=767656"},{"taxonomy":"product_tag","embeddable":true,"href":"https:\/\/roveyayinevi.com.tr\/index.php\/wp-json\/wp\/v2\/product_tag?post=767656"}],"curies":[{"name":"wp","href":"https:\/\/api.w.org\/{rel}","templated":true}]}}