{"id":767655,"date":"2025-08-28T12:54:39","date_gmt":"2025-08-28T09:54:39","guid":{"rendered":"https:\/\/roveyayinevi.com.tr\/index.php\/urun\/turkiyenin-yuksekogretim-mimarisi\/"},"modified":"2026-04-15T03:33:29","modified_gmt":"2026-04-15T00:33:29","slug":"turkiyenin-yuksekogretim-mimarisi","status":"publish","type":"product","link":"https:\/\/roveyayinevi.com.tr\/index.php\/urun\/turkiyenin-yuksekogretim-mimarisi\/","title":{"rendered":"T\u00fcrkiye\u2019nin Y\u00fcksek\u00f6\u011fretim Mimarisi"},"content":{"rendered":"<p>\u0130\u00e7indekiler :     1 B\u00d6L\u00dcM Y\u00fcksek\u00f6\u011fretim Profili   2 B\u00d6L\u00dcM \u0130nsan Kayna\u011f\u0131 ve Akademik Terfi   3 B\u00d6L\u00dcM Yerel Kalk\u0131nma ve Kat\u0131l\u0131m <\/p>\n","protected":false},"excerpt":{"rendered":"<p>\u0130\u00e7indekiler : 1 B\u00d6L\u00dcM Y\u00fcksek\u00f6\u011fretim Profili 2 B\u00d6L\u00dcM \u0130nsan Kayna\u011f\u0131 ve Akademik Terfi 3 B\u00d6L\u00dcM Yerel Kalk\u0131nma ve Kat\u0131l\u0131m<\/p>\n","protected":false},"featured_media":0,"template":"","meta":{"_monsterinsights_skip_tracking":false,"_monsterinsights_sitenote_active":false,"_monsterinsights_sitenote_note":"","_monsterinsights_sitenote_category":0},"product_brand":[],"product_cat":[13005,40995],"product_tag":[],"class_list":{"0":"post-767655","1":"product","2":"type-product","3":"status-publish","5":"product_cat-bilim-muhendislik","6":"product_cat-sosyal-bilimler","7":"pa_cilt-ciltsiz","8":"pa_tur-kitap","9":"pa_yayinevi-gazi-kitabevi","10":"pa_yazar-kolektif","12":"first","13":"instock","14":"sale","15":"shipping-taxable","16":"purchasable","17":"product-type-simple"},"_links":{"self":[{"href":"https:\/\/roveyayinevi.com.tr\/index.php\/wp-json\/wp\/v2\/product\/767655","targetHints":{"allow":["GET"]}}],"collection":[{"href":"https:\/\/roveyayinevi.com.tr\/index.php\/wp-json\/wp\/v2\/product"}],"about":[{"href":"https:\/\/roveyayinevi.com.tr\/index.php\/wp-json\/wp\/v2\/types\/product"}],"wp:attachment":[{"href":"https:\/\/roveyayinevi.com.tr\/index.php\/wp-json\/wp\/v2\/media?parent=767655"}],"wp:term":[{"taxonomy":"product_brand","embeddable":true,"href":"https:\/\/roveyayinevi.com.tr\/index.php\/wp-json\/wp\/v2\/product_brand?post=767655"},{"taxonomy":"product_cat","embeddable":true,"href":"https:\/\/roveyayinevi.com.tr\/index.php\/wp-json\/wp\/v2\/product_cat?post=767655"},{"taxonomy":"product_tag","embeddable":true,"href":"https:\/\/roveyayinevi.com.tr\/index.php\/wp-json\/wp\/v2\/product_tag?post=767655"}],"curies":[{"name":"wp","href":"https:\/\/api.w.org\/{rel}","templated":true}]}}