{"id":767653,"date":"2025-08-28T12:54:36","date_gmt":"2025-08-28T09:54:36","guid":{"rendered":"https:\/\/roveyayinevi.com.tr\/index.php\/urun\/ozlenen-asimin-nesli\/"},"modified":"2026-04-15T03:33:29","modified_gmt":"2026-04-15T00:33:29","slug":"ozlenen-asimin-nesli","status":"publish","type":"product","link":"https:\/\/roveyayinevi.com.tr\/index.php\/urun\/ozlenen-asimin-nesli\/","title":{"rendered":"\u00d6zlenen As\u0131m&#8217;\u0131n Nesli"},"content":{"rendered":"<p>Onlar\u0131n nesebi, soyu ve kimli\u011fi sorulursa cevap haz\u0131rd\u0131r. M\u00fcsl\u00fcman. Yani, onlar yaln\u0131zca M\u00fcsl\u00fcman\u2019d\u0131r. Soy, ad, veraset gibi \u015fartlarla de\u011fil aksine inceleme, delil ve f\u0131tri zevk sonucu M\u00fcsl\u00fcmand\u0131rlar. \u0130\u015fte bu neslin \u00f6zelliklerinden biri de budur. Allah ve Resul\u2019\u00fcn\u00fcn h\u00fckm\u00fc onlarca kesin bir bi\u00e7imde kabul g\u00f6r\u00fcr. \u015eayet ta\u011fut\u2019un s\u00f6z\u00fc, h\u00fckm\u00fc g\u00fcndeme getirirse buna asla itibar etmezler. Cevaplar\u0131 kesin bir surete reddir.<\/p>\n","protected":false},"excerpt":{"rendered":"<p>Onlar\u0131n nesebi, soyu ve kimli\u011fi sorulursa cevap haz\u0131rd\u0131r. M\u00fcsl\u00fcman. Yani, onlar yaln\u0131zca M\u00fcsl\u00fcman\u2019d\u0131r. Soy, ad, veraset gibi \u015fartlarla de\u011fil aksine inceleme, delil ve f\u0131tri zevk sonucu<span class=\"excerpt-hellip\"> [\u2026]<\/span><\/p>\n","protected":false},"featured_media":0,"template":"","meta":{"_monsterinsights_skip_tracking":false,"_monsterinsights_sitenote_active":false,"_monsterinsights_sitenote_note":"","_monsterinsights_sitenote_category":0},"product_brand":[],"product_cat":[12718,12719],"product_tag":[],"class_list":{"0":"post-767653","1":"product","2":"type-product","3":"status-publish","5":"product_cat-din","6":"product_cat-islam","7":"pa_cilt-ciltsiz","8":"pa_tur-kitap","9":"pa_yayinevi-kalem-lugat-yayincilik","10":"pa_yazar-zubeyt-bozkurt","12":"first","13":"instock","14":"sale","15":"shipping-taxable","16":"purchasable","17":"product-type-simple"},"_links":{"self":[{"href":"https:\/\/roveyayinevi.com.tr\/index.php\/wp-json\/wp\/v2\/product\/767653","targetHints":{"allow":["GET"]}}],"collection":[{"href":"https:\/\/roveyayinevi.com.tr\/index.php\/wp-json\/wp\/v2\/product"}],"about":[{"href":"https:\/\/roveyayinevi.com.tr\/index.php\/wp-json\/wp\/v2\/types\/product"}],"wp:attachment":[{"href":"https:\/\/roveyayinevi.com.tr\/index.php\/wp-json\/wp\/v2\/media?parent=767653"}],"wp:term":[{"taxonomy":"product_brand","embeddable":true,"href":"https:\/\/roveyayinevi.com.tr\/index.php\/wp-json\/wp\/v2\/product_brand?post=767653"},{"taxonomy":"product_cat","embeddable":true,"href":"https:\/\/roveyayinevi.com.tr\/index.php\/wp-json\/wp\/v2\/product_cat?post=767653"},{"taxonomy":"product_tag","embeddable":true,"href":"https:\/\/roveyayinevi.com.tr\/index.php\/wp-json\/wp\/v2\/product_tag?post=767653"}],"curies":[{"name":"wp","href":"https:\/\/api.w.org\/{rel}","templated":true}]}}