{"id":767651,"date":"2025-08-28T12:54:33","date_gmt":"2025-08-28T09:54:33","guid":{"rendered":"https:\/\/roveyayinevi.com.tr\/index.php\/urun\/ona-ulasmak\/"},"modified":"2026-04-15T03:33:29","modified_gmt":"2026-04-15T00:33:29","slug":"ona-ulasmak","status":"publish","type":"product","link":"https:\/\/roveyayinevi.com.tr\/index.php\/urun\/ona-ulasmak\/","title":{"rendered":"O\u2019na Ula\u015fmak"},"content":{"rendered":"<p>O\u2019na Ula\u015fmak Sevgili okurlar!  Bu Kitapta hayat\u0131m\u0131zla ilgili bilmemiz gereken en \u00f6nemli temel ve en \u00f6nemli ger\u00e7ekler vard\u0131r. \u201c D\u00fcnyaya neden geldik? Bizi ve her \u015feyi yaratan Rabbimiz nas\u0131l davran\u0131\u015flarda bulunmam\u0131z istiyor? Allah\u2019\u0131 ho\u015fnut etmek i\u00e7in nas\u0131l davranmal\u0131y\u0131z? Ahiret hayat\u0131 nedir? \u0130nsan cehennemden neden korkmal\u0131d\u0131r? \u201c Gibi sorular sorduk.   Bu sorular\u0131n cevaplar\u0131n\u0131 umar\u0131z hepiniz \u00e7ok iyi d\u00fc\u015f\u00fcn\u00fcrs\u00fcn\u00fcz. Daha \u00e7ok Gen\u00e7 olabilirsiniz ama unutmay\u0131n ki bir g\u00fcn siz de beli b\u00fck\u00fclm\u00fc\u015f \u0130htiyar bir amca ve teyze olacaks\u0131n\u0131z. Yine unutmay\u0131n, d\u00fcnyada her \u015fey i\u00e7in bir mazeret, bir gerek\u00e7e bulabilir ve hatta kar\u015f\u0131n\u0131zdaki insanlar\u0131 da ikna edebilirsiniz. Ama \u00f6l\u00fcmden sonraki ahiret hayat\u0131nda, her \u015feyi g\u00f6ren ve bilen Allah\u2019\u0131n kar\u015f\u0131s\u0131na kusurlar\u0131n\u0131z ve su\u00e7lar\u0131n\u0131z i\u00e7in herhangi bir \u00f6z\u00fcr\u00fcn\u00fcz olmayacakt\u0131r. Bu nedenle, en g\u00fczel ve en do\u011fru \u015fekilde, hi\u00e7 vakit kaybetmeden b\u00fct\u00fcn bu ger\u00e7eklerin \u00fczerinde d\u00fc\u015f\u00fcnmeli ve Allah\u2019\u0131n sevdi\u011fi bir insan olmak i\u00e7in \u00e7al\u0131\u015fmaya ba\u015flamal\u0131s\u0131n\u0131z.<\/p>\n","protected":false},"excerpt":{"rendered":"<p>O\u2019na Ula\u015fmak Sevgili okurlar! Bu Kitapta hayat\u0131m\u0131zla ilgili bilmemiz gereken en \u00f6nemli temel ve en \u00f6nemli ger\u00e7ekler vard\u0131r. \u201c D\u00fcnyaya neden geldik? Bizi ve her \u015feyi<span class=\"excerpt-hellip\"> [\u2026]<\/span><\/p>\n","protected":false},"featured_media":0,"template":"","meta":{"_monsterinsights_skip_tracking":false,"_monsterinsights_sitenote_active":false,"_monsterinsights_sitenote_note":"","_monsterinsights_sitenote_category":0},"product_brand":[],"product_cat":[12718],"product_tag":[],"class_list":{"0":"post-767651","1":"product","2":"type-product","3":"status-publish","5":"product_cat-din","6":"pa_cilt-ciltsiz","7":"pa_tur-kitap","8":"pa_yayinevi-kalem-lugat-yayincilik","9":"pa_yazar-zubeyt-bozkurt","11":"first","12":"instock","13":"sale","14":"shipping-taxable","15":"purchasable","16":"product-type-simple"},"_links":{"self":[{"href":"https:\/\/roveyayinevi.com.tr\/index.php\/wp-json\/wp\/v2\/product\/767651","targetHints":{"allow":["GET"]}}],"collection":[{"href":"https:\/\/roveyayinevi.com.tr\/index.php\/wp-json\/wp\/v2\/product"}],"about":[{"href":"https:\/\/roveyayinevi.com.tr\/index.php\/wp-json\/wp\/v2\/types\/product"}],"wp:attachment":[{"href":"https:\/\/roveyayinevi.com.tr\/index.php\/wp-json\/wp\/v2\/media?parent=767651"}],"wp:term":[{"taxonomy":"product_brand","embeddable":true,"href":"https:\/\/roveyayinevi.com.tr\/index.php\/wp-json\/wp\/v2\/product_brand?post=767651"},{"taxonomy":"product_cat","embeddable":true,"href":"https:\/\/roveyayinevi.com.tr\/index.php\/wp-json\/wp\/v2\/product_cat?post=767651"},{"taxonomy":"product_tag","embeddable":true,"href":"https:\/\/roveyayinevi.com.tr\/index.php\/wp-json\/wp\/v2\/product_tag?post=767651"}],"curies":[{"name":"wp","href":"https:\/\/api.w.org\/{rel}","templated":true}]}}