{"id":767649,"date":"2025-08-28T12:54:30","date_gmt":"2025-08-28T09:54:30","guid":{"rendered":"https:\/\/roveyayinevi.com.tr\/index.php\/urun\/arapca-turkce-gramer\/"},"modified":"2026-04-15T03:33:29","modified_gmt":"2026-04-15T00:33:29","slug":"arapca-turkce-gramer","status":"publish","type":"product","link":"https:\/\/roveyayinevi.com.tr\/index.php\/urun\/arapca-turkce-gramer\/","title":{"rendered":"Arap\u00e7a T\u00fcrk\u00e7e Gramer"},"content":{"rendered":"<p>Tarih boyunca Arap\u00e7a dilin en \u00f6nemli \u00fcstatlar\u0131n\u0131n \u00e7o\u011funlukla, ana dili Arap\u00e7a olmayan di\u011fer M\u00fcsl\u00fcman halkalar aras\u0131ndan \u00e7\u0131km\u0131\u015f olmas\u0131 da bunu g\u00f6sterir. Medine \u00dcniversitesi mezuniyetinden itibaren Arap\u00e7adan \u00e7evriler yapmakta ve de\u011fi\u015fik seviyelerde Arap\u00e7a dersleri vermekteyim. Bu e\u011fitim \u00f6\u011fretim s\u00fcreci i\u00e7inde, Arap\u00e7a dilbilgisinin temel konular\u0131n\u0131, \u00f6\u011frencilerimiz i\u00e7in anla\u015f\u0131l\u0131r bir \u00fcslup ile \u00f6zetleme ihtiyac\u0131 h\u00e2s\u0131l oldu. Bu ihtiyaca binaen, Arap\u00e7a dilbilgisi konusunda yaz\u0131lm\u0131\u015f kaynaklar\u0131 da faydalanarak, elimizde bulunan bu T\u00fcrk\u00e7e Gramer kitab\u0131n\u0131 haz\u0131rlad\u0131m. Kitab\u0131n amac\u0131 Arap\u00e7a dilbilgisini temel seviyede vermek, ama \u00f6nemli hususlar da ihmal edilmeden \u00f6rnekleriyle a\u00e7\u0131klanm\u0131\u015ft\u0131r. Dil, anlama, konu\u015fma ve yazma itibariyle bir b\u00fct\u00fcnd\u00fcr. Dolay\u0131s\u0131yla Arap\u00e7a \u00f6\u011freniminde gramerin yan\u0131s\u0131ra, k\u0131raat ve muhadeseye de \u00f6nem verilmelidir.<\/p>\n","protected":false},"excerpt":{"rendered":"<p>Tarih boyunca Arap\u00e7a dilin en \u00f6nemli \u00fcstatlar\u0131n\u0131n \u00e7o\u011funlukla, ana dili Arap\u00e7a olmayan di\u011fer M\u00fcsl\u00fcman halkalar aras\u0131ndan \u00e7\u0131km\u0131\u015f olmas\u0131 da bunu g\u00f6sterir. Medine \u00dcniversitesi mezuniyetinden itibaren Arap\u00e7adan<span class=\"excerpt-hellip\"> [\u2026]<\/span><\/p>\n","protected":false},"featured_media":0,"template":"","meta":{"_monsterinsights_skip_tracking":false,"_monsterinsights_sitenote_active":false,"_monsterinsights_sitenote_note":"","_monsterinsights_sitenote_category":0},"product_brand":[],"product_cat":[12566,13611],"product_tag":[],"class_list":{"0":"post-767649","1":"product","2":"type-product","3":"status-publish","5":"product_cat-egitim","6":"product_cat-sozlukler-ve-konusma-kilavuzlari","7":"pa_cilt-ciltsiz","8":"pa_tur-kitap","9":"pa_yayinevi-kalem-lugat-yayincilik","10":"pa_yazar-zubeyt-bozkurt","12":"first","13":"instock","14":"sale","15":"shipping-taxable","16":"purchasable","17":"product-type-simple"},"_links":{"self":[{"href":"https:\/\/roveyayinevi.com.tr\/index.php\/wp-json\/wp\/v2\/product\/767649","targetHints":{"allow":["GET"]}}],"collection":[{"href":"https:\/\/roveyayinevi.com.tr\/index.php\/wp-json\/wp\/v2\/product"}],"about":[{"href":"https:\/\/roveyayinevi.com.tr\/index.php\/wp-json\/wp\/v2\/types\/product"}],"wp:attachment":[{"href":"https:\/\/roveyayinevi.com.tr\/index.php\/wp-json\/wp\/v2\/media?parent=767649"}],"wp:term":[{"taxonomy":"product_brand","embeddable":true,"href":"https:\/\/roveyayinevi.com.tr\/index.php\/wp-json\/wp\/v2\/product_brand?post=767649"},{"taxonomy":"product_cat","embeddable":true,"href":"https:\/\/roveyayinevi.com.tr\/index.php\/wp-json\/wp\/v2\/product_cat?post=767649"},{"taxonomy":"product_tag","embeddable":true,"href":"https:\/\/roveyayinevi.com.tr\/index.php\/wp-json\/wp\/v2\/product_tag?post=767649"}],"curies":[{"name":"wp","href":"https:\/\/api.w.org\/{rel}","templated":true}]}}