{"id":767648,"date":"2025-08-28T12:54:29","date_gmt":"2025-08-28T09:54:29","guid":{"rendered":"https:\/\/roveyayinevi.com.tr\/index.php\/urun\/cocuklarda-kapsamli-cinsellik-ve-mahremiyet-egitimi-kitap-ve-oyun-seti\/"},"modified":"2026-01-29T04:03:45","modified_gmt":"2026-01-29T01:03:45","slug":"cocuklarda-kapsamli-cinsellik-ve-mahremiyet-egitimi-kitap-ve-oyun-seti","status":"publish","type":"product","link":"https:\/\/roveyayinevi.com.tr\/index.php\/urun\/cocuklarda-kapsamli-cinsellik-ve-mahremiyet-egitimi-kitap-ve-oyun-seti\/","title":{"rendered":"\u00c7ocuklarda Kapsaml\u0131 Cinsellik ve Mahremiyet E\u011fitimi (Kitap ve Oyun Seti)"},"content":{"rendered":"<p>\u201c\u00c7ocuklar, cinsel istismara dair hikayeler uyduracak entelekt\u00fcel ve deneyimsel d\u00fczeyde de\u011fildir.\u201c Prof. Dr. Byron Norton   Uzman Aile Dan\u0131\u015fman\u0131 &amp; Oyun Terapisti Arzu \u00c7AKIR, bu kitapla ailesi veya okul psikolo\u011fu taraf\u0131ndan defalarca MAHREM\u0130YET E\u011e\u0130T\u0130M\u0130 verilmi\u015f \u00e7ocuklar\u0131n dahi, ba\u015flar\u0131na gelen cinsel istismar durumunda faile \u201cNeden HAYIR diyemediklerinin\u201d, \u201cNeden ya\u015fad\u0131klar\u0131 istismar\u0131 ailelerine anlatamad\u0131klar\u0131n\u0131n\u201d a\u00e7\u0131klamas\u0131n\u0131 vaka \u00f6rnekleriyle yapmaktad\u0131r. Ayr\u0131ca, mahremiyet e\u011fitimi \u00fczerine, bug\u00fcne kadarki y\u00f6ntemlerimizden \u00e7ok daha etkili bir yakla\u015f\u0131m sunmaktad\u0131r siz de\u011ferli ebeveynler ve \u00e7ocuklarla \u00e7al\u0131\u015fan uzmanlara. Bu yakla\u015f\u0131mla, \u00e7ocuklarda kapsaml\u0131 cinsellik ve mahremiyet e\u011fitimine \u201c\u00d6zel B\u00f6lgeler\u201d yerine, \u201cKi\u015fiye \u00d6zel B\u00f6lgeler\u201d kavram\u0131n\u0131 da kazand\u0131rm\u0131\u015ft\u0131r. Yazar, \u00e7ocuklar\u0131n cinsel geli\u015fimlerine dair sorabilece\u011fi sorulara ve bu sorulara nas\u0131l yan\u0131t verebilece\u011finize y\u00f6nelik bilgiyi de kitab\u0131nda vaka \u00f6rnekleriyle anlatmaktad\u0131r.  Bu kitap ve beraberinde kullanman\u0131z\u0131 \u00f6nerdi\u011fimiz, yazar Arzu \u00c7AKIR\u2019\u0131n geli\u015ftirdi\u011fi \u201c\u00c7ocuklarda Kapsaml\u0131 Cinsellik ve Mahremiyet E\u011fitimi Oyun Seti\u201d \u00e7ocuklar\u0131m\u0131z\u0131n cinsel istismara u\u011framas\u0131n\u0131 \u00f6nlemek ad\u0131na, \u201cKORUYUCU\u201d bir y\u00f6ntem ve tedbir \u00f6zelli\u011fi ta\u015f\u0131maktad\u0131r. \u00c7\u00fcnk\u00fc oyun, yaparak ve ya\u015fayarak \u00f6\u011fretme \u00f6zelli\u011finden dolay\u0131, \u00e7ocuklar i\u00e7in etkili, kal\u0131c\u0131 ve davran\u0131\u015fa d\u00f6n\u00fc\u015ft\u00fcrebilecekleri pratik bilgiyi kazand\u0131klar\u0131 en g\u00fcvenli ara\u00e7t\u0131r.<\/p>\n","protected":false},"excerpt":{"rendered":"<p>\u201c\u00c7ocuklar, cinsel istismara dair hikayeler uyduracak entelekt\u00fcel ve deneyimsel d\u00fczeyde de\u011fildir.\u201c Prof. Dr. Byron Norton Uzman Aile Dan\u0131\u015fman\u0131 &amp; Oyun Terapisti Arzu \u00c7AKIR, bu kitapla ailesi<span class=\"excerpt-hellip\"> [\u2026]<\/span><\/p>\n","protected":false},"featured_media":0,"template":"","meta":{"_monsterinsights_skip_tracking":false,"_monsterinsights_sitenote_active":false,"_monsterinsights_sitenote_note":"","_monsterinsights_sitenote_category":0},"product_brand":[],"product_cat":[12679,12357],"product_tag":[],"class_list":{"0":"post-767648","1":"product","2":"type-product","3":"status-publish","5":"product_cat-cocuk-psikolojisi","6":"product_cat-psikoloji","7":"pa_cilt-ciltsiz","8":"pa_tur-kitap","9":"pa_yayinevi-ck-yayinevi","10":"pa_yazar-arzu-cakir","12":"first","13":"instock","14":"sale","15":"shipping-taxable","16":"purchasable","17":"product-type-simple"},"_links":{"self":[{"href":"https:\/\/roveyayinevi.com.tr\/index.php\/wp-json\/wp\/v2\/product\/767648","targetHints":{"allow":["GET"]}}],"collection":[{"href":"https:\/\/roveyayinevi.com.tr\/index.php\/wp-json\/wp\/v2\/product"}],"about":[{"href":"https:\/\/roveyayinevi.com.tr\/index.php\/wp-json\/wp\/v2\/types\/product"}],"wp:attachment":[{"href":"https:\/\/roveyayinevi.com.tr\/index.php\/wp-json\/wp\/v2\/media?parent=767648"}],"wp:term":[{"taxonomy":"product_brand","embeddable":true,"href":"https:\/\/roveyayinevi.com.tr\/index.php\/wp-json\/wp\/v2\/product_brand?post=767648"},{"taxonomy":"product_cat","embeddable":true,"href":"https:\/\/roveyayinevi.com.tr\/index.php\/wp-json\/wp\/v2\/product_cat?post=767648"},{"taxonomy":"product_tag","embeddable":true,"href":"https:\/\/roveyayinevi.com.tr\/index.php\/wp-json\/wp\/v2\/product_tag?post=767648"}],"curies":[{"name":"wp","href":"https:\/\/api.w.org\/{rel}","templated":true}]}}