{"id":767646,"date":"2025-08-28T12:54:25","date_gmt":"2025-08-28T09:54:25","guid":{"rendered":"https:\/\/roveyayinevi.com.tr\/index.php\/urun\/osmanli-vizyonu\/"},"modified":"2026-04-15T03:33:29","modified_gmt":"2026-04-15T00:33:29","slug":"osmanli-vizyonu","status":"publish","type":"product","link":"https:\/\/roveyayinevi.com.tr\/index.php\/urun\/osmanli-vizyonu\/","title":{"rendered":"Osmanl\u0131 Vizyonu"},"content":{"rendered":"<p>Bu kitap, \u0130slam d\u00fcnyas\u0131n\u0131n tarihi, k\u00fclt\u00fcrel ve manevi zenginliklerini ke\u015ffederken, ayn\u0131 zamanda bu miras\u0131 anlaman\u0131n ve ona sahip \u00e7\u0131kman\u0131n \u00f6nemini vurgular. Osmanl\u0131 \u0130mparatorlu\u011fu&#8217;nun b\u00fcy\u00fck miras\u0131ndan, T\u00fcrk d\u00fcnyas\u0131n\u0131n mevcut durumuna kadar uzanan geni\u015f bir perspektifte, tarihsel sorumluluklar\u0131m\u0131za \u0131\u015f\u0131k tutmaktad\u0131r. Balkanlar\u2019dan Orta Asya\u2019ya, Orta Do\u011fu\u2019dan Kafkaslar\u2019a kadar geni\u015f bir co\u011frafyada bar\u0131\u015f, adalet ve huzurun sa\u011flanmas\u0131nda at\u0131lmas\u0131 gereken ad\u0131mlar ele al\u0131n\u0131rken, \u0130slam Birli\u011fi&#8217;nin gereklili\u011fi ve potansiyeli \u00fczerinde durulmaktad\u0131r. Bu kitap, sadece bir toplumun de\u011fil, t\u00fcm \u0130slam d\u00fcnyas\u0131n\u0131n ortak sorumlulu\u011funu ve \u00e7a\u011fda\u015f bir d\u00fcnya d\u00fczeninin in\u015fas\u0131na katk\u0131 sa\u011flamak i\u00e7in bir yol haritas\u0131 sunmaktad\u0131r. Sahip Oldu\u011fumuz Miras ile ge\u00e7mi\u015ften gelen derin izleri ve bu izlerin \u0131\u015f\u0131\u011f\u0131nda \u015fekillenen bir gelece\u011fi yeniden ke\u015ffedin. Bug\u00fcn\u00fcn ve yar\u0131n\u0131n d\u00fcnyas\u0131nda ger\u00e7ekle\u015ftirilmesi gereken b\u00fcy\u00fck bir misyonun izini s\u00fcrerken, t\u00fcm insanl\u0131k i\u00e7in bar\u0131\u015f ve adaletin in\u015fas\u0131nda birlikte yol alaca\u011f\u0131m\u0131z\u0131 hat\u0131rlat\u0131yor. <\/p>\n","protected":false},"excerpt":{"rendered":"<p>Bu kitap, \u0130slam d\u00fcnyas\u0131n\u0131n tarihi, k\u00fclt\u00fcrel ve manevi zenginliklerini ke\u015ffederken, ayn\u0131 zamanda bu miras\u0131 anlaman\u0131n ve ona sahip \u00e7\u0131kman\u0131n \u00f6nemini vurgular. Osmanl\u0131 \u0130mparatorlu\u011fu&#8217;nun b\u00fcy\u00fck miras\u0131ndan, T\u00fcrk<span class=\"excerpt-hellip\"> [\u2026]<\/span><\/p>\n","protected":false},"featured_media":0,"template":"","meta":{"_monsterinsights_skip_tracking":false,"_monsterinsights_sitenote_active":false,"_monsterinsights_sitenote_note":"","_monsterinsights_sitenote_category":0},"product_brand":[],"product_cat":[12718,12719,18109],"product_tag":[],"class_list":{"0":"post-767646","1":"product","2":"type-product","3":"status-publish","5":"product_cat-din","6":"product_cat-islam","7":"product_cat-islam-tarihi","8":"pa_cilt-ciltsiz","9":"pa_tur-kitap","10":"pa_yayinevi-kalem-lugat-yayincilik","11":"pa_yazar-zubeyt-bozkurt","13":"first","14":"instock","15":"sale","16":"shipping-taxable","17":"purchasable","18":"product-type-simple"},"_links":{"self":[{"href":"https:\/\/roveyayinevi.com.tr\/index.php\/wp-json\/wp\/v2\/product\/767646","targetHints":{"allow":["GET"]}}],"collection":[{"href":"https:\/\/roveyayinevi.com.tr\/index.php\/wp-json\/wp\/v2\/product"}],"about":[{"href":"https:\/\/roveyayinevi.com.tr\/index.php\/wp-json\/wp\/v2\/types\/product"}],"wp:attachment":[{"href":"https:\/\/roveyayinevi.com.tr\/index.php\/wp-json\/wp\/v2\/media?parent=767646"}],"wp:term":[{"taxonomy":"product_brand","embeddable":true,"href":"https:\/\/roveyayinevi.com.tr\/index.php\/wp-json\/wp\/v2\/product_brand?post=767646"},{"taxonomy":"product_cat","embeddable":true,"href":"https:\/\/roveyayinevi.com.tr\/index.php\/wp-json\/wp\/v2\/product_cat?post=767646"},{"taxonomy":"product_tag","embeddable":true,"href":"https:\/\/roveyayinevi.com.tr\/index.php\/wp-json\/wp\/v2\/product_tag?post=767646"}],"curies":[{"name":"wp","href":"https:\/\/api.w.org\/{rel}","templated":true}]}}