{"id":767642,"date":"2025-08-28T12:54:18","date_gmt":"2025-08-28T09:54:18","guid":{"rendered":"https:\/\/roveyayinevi.com.tr\/index.php\/urun\/dunyada-nukleer-kaos-ve-turkiye\/"},"modified":"2026-04-15T03:33:29","modified_gmt":"2026-04-15T00:33:29","slug":"dunyada-nukleer-kaos-ve-turkiye","status":"publish","type":"product","link":"https:\/\/roveyayinevi.com.tr\/index.php\/urun\/dunyada-nukleer-kaos-ve-turkiye\/","title":{"rendered":"D\u00fcnyada N\u00fckleer Kaos ve T\u00fcrkiye"},"content":{"rendered":"<p>N\u00fckleer enerji \u00fclkelerin politika belirleme ve ekonomik rekabet g\u00fcc\u00fc olu\u015fturabilme, siyasal g\u00fc\u00e7 alan\u0131 yaratabilme \u00e7abalar\u0131n\u0131 ortaya koymaktad\u0131r. Eserde, n\u00fckleer konusuna b\u00fct\u00fcnc\u00fcl bir yakla\u015f\u0131m sergilenmi\u015f, D\u00fcnyada n\u00fckleer teknolojinin ortaya \u00e7\u0131k\u0131\u015f\u0131 ve geli\u015fimi gerek enerji gerekse silah yap\u0131m\u0131nda kullan\u0131m\u0131, uluslararas\u0131 ili\u015fkilerdeki etkisi vb. \u00fczerinde durulmu\u015ftur. T\u00fcrkiye\u2019nin n\u00fckleer konusundaki ge\u00e7mi\u015ften g\u00fcn\u00fcm\u00fcze de\u011fin giri\u015fimleri ele al\u0131nm\u0131\u015ft\u0131r. Eseri \u00f6nemli hale getiren hususlardan birisi, T\u00fcrkiye\u2019nin n\u00fckleer konusundaki gizli niteli\u011fi bulunan ve gizlili\u011fi yak\u0131n zamanda kald\u0131r\u0131lm\u0131\u015f olan (2022) Cumhurba\u015fkanl\u0131\u011f\u0131 Devlet Ar\u015fivleri Ba\u015fkanl\u0131\u011f\u0131 Cumhuriyet Ar\u015fivindeki belgelerden yararlan\u0131lmak suretiyle T\u00fcrkiye\u2019nin n\u00fckleer konusundaki resmi politikalar\u0131n\u0131n ortaya konmas\u0131d\u0131r. Ayr\u0131ca n\u00fckleer silahs\u0131zlanma konusunda \u00f6ne \u00e7\u0131kan ba\u015fta ABD ve Rusya gibi devletlerin \u00e7al\u0131\u015fmalar\u0131n\u0131n inand\u0131r\u0131c\u0131 ve g\u00fcven verici nitelikle olmad\u0131\u011f\u0131 vurgulanm\u0131\u015f, D\u00fcnyan\u0131n adeta bir n\u00fckleer cephaneli\u011fe \u00e7evrildi\u011fi g\u00f6zler \u00f6n\u00fcne serilmi\u015ftir. Son g\u00fcnlerde Rusya- Ukrayna sava\u015f\u0131 ve \u0130srail\u2019in sald\u0131rgan tutumu ile D\u00fcnya halklar\u0131 a\u00e7\u0131k\u00e7a n\u00fckleer silahlarla tehdit edilirken, T\u00fcrkiye\u2019nin de n\u00fckleer kaos kar\u015f\u0131s\u0131nda nas\u0131l tutum almas\u0131 gerekti\u011fi irdelenmi\u015ftir.<\/p>\n","protected":false},"excerpt":{"rendered":"<p>N\u00fckleer enerji \u00fclkelerin politika belirleme ve ekonomik rekabet g\u00fcc\u00fc olu\u015fturabilme, siyasal g\u00fc\u00e7 alan\u0131 yaratabilme \u00e7abalar\u0131n\u0131 ortaya koymaktad\u0131r. Eserde, n\u00fckleer konusuna b\u00fct\u00fcnc\u00fcl bir yakla\u015f\u0131m sergilenmi\u015f, D\u00fcnyada n\u00fckleer<span class=\"excerpt-hellip\"> [\u2026]<\/span><\/p>\n","protected":false},"featured_media":0,"template":"","meta":{"_monsterinsights_skip_tracking":false,"_monsterinsights_sitenote_active":false,"_monsterinsights_sitenote_note":"","_monsterinsights_sitenote_category":0},"product_brand":[],"product_cat":[13590,12337],"product_tag":[],"class_list":{"0":"post-767642","1":"product","2":"type-product","3":"status-publish","5":"product_cat-arastirma-inceleme-politika-siyaset","6":"product_cat-politika-siyaset","7":"pa_cilt-ciltsiz","8":"pa_tur-kitap","9":"pa_yayinevi-yeditepe-yayinevi-ders-kitaplari","10":"pa_yazar-bedriye-koc","12":"first","13":"instock","14":"sale","15":"shipping-taxable","16":"purchasable","17":"product-type-simple"},"_links":{"self":[{"href":"https:\/\/roveyayinevi.com.tr\/index.php\/wp-json\/wp\/v2\/product\/767642","targetHints":{"allow":["GET"]}}],"collection":[{"href":"https:\/\/roveyayinevi.com.tr\/index.php\/wp-json\/wp\/v2\/product"}],"about":[{"href":"https:\/\/roveyayinevi.com.tr\/index.php\/wp-json\/wp\/v2\/types\/product"}],"wp:attachment":[{"href":"https:\/\/roveyayinevi.com.tr\/index.php\/wp-json\/wp\/v2\/media?parent=767642"}],"wp:term":[{"taxonomy":"product_brand","embeddable":true,"href":"https:\/\/roveyayinevi.com.tr\/index.php\/wp-json\/wp\/v2\/product_brand?post=767642"},{"taxonomy":"product_cat","embeddable":true,"href":"https:\/\/roveyayinevi.com.tr\/index.php\/wp-json\/wp\/v2\/product_cat?post=767642"},{"taxonomy":"product_tag","embeddable":true,"href":"https:\/\/roveyayinevi.com.tr\/index.php\/wp-json\/wp\/v2\/product_tag?post=767642"}],"curies":[{"name":"wp","href":"https:\/\/api.w.org\/{rel}","templated":true}]}}