{"id":767640,"date":"2025-08-28T12:54:16","date_gmt":"2025-08-28T09:54:16","guid":{"rendered":"https:\/\/roveyayinevi.com.tr\/index.php\/urun\/evliya-celebi-seyahatnamesinin-tarihi\/"},"modified":"2026-04-15T03:33:28","modified_gmt":"2026-04-15T00:33:28","slug":"evliya-celebi-seyahatnamesinin-tarihi","status":"publish","type":"product","link":"https:\/\/roveyayinevi.com.tr\/index.php\/urun\/evliya-celebi-seyahatnamesinin-tarihi\/","title":{"rendered":"Evliya \u00c7elebi Seyahatnamesi\u2019nin Tarihi"},"content":{"rendered":"<p>Evliy\u00e2 \u00c7elebi, 51 y\u0131ll\u0131k seyahati sonunda 4 bin 152 sayfal\u0131k ve 3 milyon 25 bin 856 kelimelik d\u00fcnyan\u0131n en b\u00fcy\u00fck sey\u00e2hatn\u00e2mesini kaleme ald\u0131. Elinizdeki \u00e7al\u0131\u015fma, Evliy\u00e2 \u00c7elebi Sey\u00e2hatn\u00e2mesi\u2019nin tarihini b\u00fct\u00fcn y\u00f6nleriyle ele almaya matuf bir kitap tarihi denemesidir. Ba\u015fka bir ifadeyle Sey\u00e2hatn\u00e2me\u2019nin Evliy\u00e2\u2019n\u0131n r\u00fcyas\u0131ndan matbaaya uzanan serencam\u0131n\u0131 konu edinmektedir. Bu \u00e7er\u00e7evede \u00f6ncelikle Sey\u00e2hatn\u00e2me\u2019nin neden, nas\u0131l ve ne kadar s\u00fcrede yaz\u0131ld\u0131\u011f\u0131 ele al\u0131nm\u0131\u015ft\u0131r. Ard\u0131ndan eserin ka\u00e7 cilt olarak planland\u0131\u011f\u0131, i\u00e7 d\u00fczenin nas\u0131l in\u015fa edildi\u011fi, nas\u0131l bir sayfa tasar\u0131m\u0131 uyguland\u0131\u011f\u0131, derkenar notlar\u0131n\u0131n kimler taraf\u0131ndan yaz\u0131ld\u0131\u011f\u0131, fihristleri kimin haz\u0131rlad\u0131\u011f\u0131 ve Evliy\u00e2\u2019n\u0131n metne m\u00fcdahalelerinin nas\u0131l takip edilebilece\u011fi sorular\u0131na cevaplar aranm\u0131\u015ft\u0131r.  Okuyucu bu \u00e7al\u0131\u015fmada, Evliy\u00e2 \u00c7elebi\u2019nin vefat\u0131ndan sonra Sey\u00e2hatn\u00e2me\u2019nin ba\u015f\u0131na neler geldi\u011fi, esere kimlerin sahip oldu\u011fu, ne zaman ve kimin sayesinde \u0130stanbul\u2019a getirildi\u011fi, nas\u0131l istinsah ettirildi\u011fi, Osmanl\u0131 ba\u015fkentinde Sey\u00e2hatn\u00e2me\u2019ye kimlerin sahip oldu\u011fu, eseri kimlerin okudu\u011fu ve Sey\u00e2hatn\u00e2me\u2019nin yazmalar\u0131 \u00fczerine kimlerin notlar ald\u0131\u011f\u0131 suallerine cevaplar bulacakt\u0131r. Seyahatn\u00e2me\u2019nin matbaadaki ser\u00fcveni de bu ara\u015ft\u0131rman\u0131n odak noktalar\u0131ndand\u0131r. Bu kapsamda Sey\u00e2hatn\u00e2me\u2019nin Hammer taraf\u0131ndan nas\u0131l ke\u015ffedildi\u011fi, Osmanl\u0131 d\u00f6neminde hangi bask\u0131lar\u0131n kimler taraf\u0131ndan neden ve nas\u0131l haz\u0131rland\u0131klar\u0131 meseleleri de okuyucular\u0131n cevaplar\u0131n\u0131 bulaca\u011f\u0131 hususlar aras\u0131ndad\u0131r<\/p>\n","protected":false},"excerpt":{"rendered":"<p>Evliy\u00e2 \u00c7elebi, 51 y\u0131ll\u0131k seyahati sonunda 4 bin 152 sayfal\u0131k ve 3 milyon 25 bin 856 kelimelik d\u00fcnyan\u0131n en b\u00fcy\u00fck sey\u00e2hatn\u00e2mesini kaleme ald\u0131. Elinizdeki \u00e7al\u0131\u015fma, Evliy\u00e2<span class=\"excerpt-hellip\"> [\u2026]<\/span><\/p>\n","protected":false},"featured_media":0,"template":"","meta":{"_monsterinsights_skip_tracking":false,"_monsterinsights_sitenote_active":false,"_monsterinsights_sitenote_note":"","_monsterinsights_sitenote_category":0},"product_brand":[],"product_cat":[12370,12304],"product_tag":[],"class_list":{"0":"post-767640","1":"product","2":"type-product","3":"status-publish","5":"product_cat-arastirma-inceleme","6":"product_cat-tarih","7":"pa_cilt-ciltsiz","8":"pa_tur-kitap","9":"pa_yayinevi-yeditepe-yayinevi-ders-kitaplari","10":"pa_yazar-ugur-demir","12":"first","13":"instock","14":"sale","15":"shipping-taxable","16":"purchasable","17":"product-type-simple"},"_links":{"self":[{"href":"https:\/\/roveyayinevi.com.tr\/index.php\/wp-json\/wp\/v2\/product\/767640","targetHints":{"allow":["GET"]}}],"collection":[{"href":"https:\/\/roveyayinevi.com.tr\/index.php\/wp-json\/wp\/v2\/product"}],"about":[{"href":"https:\/\/roveyayinevi.com.tr\/index.php\/wp-json\/wp\/v2\/types\/product"}],"wp:attachment":[{"href":"https:\/\/roveyayinevi.com.tr\/index.php\/wp-json\/wp\/v2\/media?parent=767640"}],"wp:term":[{"taxonomy":"product_brand","embeddable":true,"href":"https:\/\/roveyayinevi.com.tr\/index.php\/wp-json\/wp\/v2\/product_brand?post=767640"},{"taxonomy":"product_cat","embeddable":true,"href":"https:\/\/roveyayinevi.com.tr\/index.php\/wp-json\/wp\/v2\/product_cat?post=767640"},{"taxonomy":"product_tag","embeddable":true,"href":"https:\/\/roveyayinevi.com.tr\/index.php\/wp-json\/wp\/v2\/product_tag?post=767640"}],"curies":[{"name":"wp","href":"https:\/\/api.w.org\/{rel}","templated":true}]}}