{"id":767637,"date":"2025-08-28T12:54:09","date_gmt":"2025-08-28T09:54:09","guid":{"rendered":"https:\/\/roveyayinevi.com.tr\/index.php\/urun\/eyvah-elektrikler-gitti\/"},"modified":"2026-01-28T03:57:08","modified_gmt":"2026-01-28T00:57:08","slug":"eyvah-elektrikler-gitti","status":"publish","type":"product","link":"https:\/\/roveyayinevi.com.tr\/index.php\/urun\/eyvah-elektrikler-gitti\/","title":{"rendered":"Eyvah Elektrikler Gitti!"},"content":{"rendered":"<p>\u201cK\u0131z\u0131m, art\u0131k g\u00f6zlerin bozulacak, dinlen biraz!\u201d \u201cBiraz da ba\u015fka \u015feylerle oyalan!\u201d \u201cEkrandan uzak dur!\u201d Bu c\u00fcmleler \u00e7ocuklar\u0131n kula\u011f\u0131nda \u00e7\u0131nlarken bir anda belediyenin anonsu duyuldu: \u201cBir hafta elektrikler kesilecek!\u201d Eyvah! \u00c7ocuklar bir hafta elektriksiz ne yapacaklar? Bilgisayars\u0131z, televizyonsuz ve telefonsuz nas\u0131l e\u011flenip oyun kuracaklar? \u201cOyun Kurucu Tak\u0131m\u0131\u201dn\u0131n e\u011flenceli, heyecanl\u0131 ve b\u00fcy\u00fck ke\u015fiflerle \u00f6r\u00fcl\u00fc bir haftas\u0131na davetlisiniz! <\/p>\n","protected":false},"excerpt":{"rendered":"<p>\u201cK\u0131z\u0131m, art\u0131k g\u00f6zlerin bozulacak, dinlen biraz!\u201d \u201cBiraz da ba\u015fka \u015feylerle oyalan!\u201d \u201cEkrandan uzak dur!\u201d Bu c\u00fcmleler \u00e7ocuklar\u0131n kula\u011f\u0131nda \u00e7\u0131nlarken bir anda belediyenin anonsu duyuldu: \u201cBir hafta<span class=\"excerpt-hellip\"> [\u2026]<\/span><\/p>\n","protected":false},"featured_media":0,"template":"","meta":{"_monsterinsights_skip_tracking":false,"_monsterinsights_sitenote_active":false,"_monsterinsights_sitenote_note":"","_monsterinsights_sitenote_category":0},"product_brand":[],"product_cat":[12274,12284],"product_tag":[],"class_list":{"0":"post-767637","1":"product","2":"type-product","3":"status-publish","5":"product_cat-cocuk-ve-genclik-kitaplari","6":"product_cat-hikayeler","7":"pa_cilt-ciltsiz","8":"pa_tur-kitap","9":"pa_yayinevi-aile-yayinlari","10":"pa_yazar-hasan-aytis","12":"first","13":"instock","14":"sale","15":"shipping-taxable","16":"purchasable","17":"product-type-simple"},"_links":{"self":[{"href":"https:\/\/roveyayinevi.com.tr\/index.php\/wp-json\/wp\/v2\/product\/767637","targetHints":{"allow":["GET"]}}],"collection":[{"href":"https:\/\/roveyayinevi.com.tr\/index.php\/wp-json\/wp\/v2\/product"}],"about":[{"href":"https:\/\/roveyayinevi.com.tr\/index.php\/wp-json\/wp\/v2\/types\/product"}],"wp:attachment":[{"href":"https:\/\/roveyayinevi.com.tr\/index.php\/wp-json\/wp\/v2\/media?parent=767637"}],"wp:term":[{"taxonomy":"product_brand","embeddable":true,"href":"https:\/\/roveyayinevi.com.tr\/index.php\/wp-json\/wp\/v2\/product_brand?post=767637"},{"taxonomy":"product_cat","embeddable":true,"href":"https:\/\/roveyayinevi.com.tr\/index.php\/wp-json\/wp\/v2\/product_cat?post=767637"},{"taxonomy":"product_tag","embeddable":true,"href":"https:\/\/roveyayinevi.com.tr\/index.php\/wp-json\/wp\/v2\/product_tag?post=767637"}],"curies":[{"name":"wp","href":"https:\/\/api.w.org\/{rel}","templated":true}]}}