{"id":767635,"date":"2025-08-28T12:54:05","date_gmt":"2025-08-28T09:54:05","guid":{"rendered":"https:\/\/roveyayinevi.com.tr\/index.php\/urun\/ev-4\/"},"modified":"2026-03-28T03:25:25","modified_gmt":"2026-03-28T00:25:25","slug":"ev-4","status":"publish","type":"product","link":"https:\/\/roveyayinevi.com.tr\/index.php\/urun\/ev-4\/","title":{"rendered":"Ev"},"content":{"rendered":"<p>\u201cBazen yaln\u0131zl\u0131k her \u015feyi \u00f6yle seyreltir ki, duru bir bak\u0131\u015fla g\u00f6r\u00fcp se\u00e7iverir insan kendine benzeyeni.\u201d   Uzun ve zorlu bir y\u00fcr\u00fcy\u00fc\u015f\u00fcn hik\u00e2yesi bu. Kaybolu\u015fun, kaybedi\u015fin ama yine de umutla aray\u0131\u015f\u0131n&#8230; Hayat\u0131 boyunca ait oldu\u011fu yeri arad\u0131ktan sonra, en nihayet bu u\u011furda \u00fclkeleraras\u0131 bir rotay\u0131 y\u00fcr\u00fcyerek a\u015fmaya karar veren Seher\u2019in hik\u00e2yesi. G\u00fc\u00e7l\u00fc kad\u0131n karakterleri ve derin psikolojik tahlilleriyle tan\u0131d\u0131\u011f\u0131m\u0131z Nermin Y\u0131ld\u0131r\u0131m, i\u015fte bu y\u00fcr\u00fcy\u00fc\u015fe ortak ediyor bizleri. Yolunu kaybetmi\u015flerle, evini arayanlarla, kendini hi\u00e7bir yere ait hissetmeyi ba\u015faramayanlarla birlikte y\u00fcr\u00fcrken, ad\u0131mlar\u0131m\u0131z bizi haritada ileri ta\u015f\u0131d\u0131k\u00e7a zihnimizin i\u00e7inde geriye do\u011fru gidiyoruz. G\u00f6r\u00fcnenlerin, hat\u0131rlananlar\u0131n \u00f6tesine ge\u00e7ip belle\u011fin b\u00f6l\u00fcnerek \u00e7o\u011falan, \u00e7o\u011fald\u0131k\u00e7a silikle\u015fen karma\u015fas\u0131na tan\u0131kl\u0131k ediyoruz. 2021 y\u0131l\u0131nda Duygu Asena Roman \u00d6d\u00fcl\u00fc alan Ev, Y\u0131ld\u0131r\u0131m\u2019\u0131n dupduru anlat\u0131m\u0131yla, okuru k\u00e2h h\u00fcz\u00fcnlendirip k\u00e2h tebess\u00fcm ettirerek aynan\u0131n di\u011fer taraf\u0131na bakmam\u0131z\u0131 sa\u011fl\u0131yor. Neydi ev sahiden? Yeri geldi\u011finde tren kompart\u0131manlar\u0131n\u0131, gemi kamaralar\u0131n\u0131, sokak banklar\u0131n\u0131, kaplumba\u011falar\u0131n kabuklar\u0131n\u0131, ihtiyarlar\u0131n hat\u0131ralar\u0131n\u0131, \u00e7ocuklar\u0131n umutlar\u0131n\u0131 yuva yapan neydi? S\u0131\u011f\u0131nd\u0131\u011f\u0131m\u0131z yer miydi yuva? Gitti\u011fimiz mi, terk etti\u011fimiz mi, d\u00f6nd\u00fc\u011f\u00fcm\u00fcz m\u00fc yoksa? <\/p>\n","protected":false},"excerpt":{"rendered":"<p>\u201cBazen yaln\u0131zl\u0131k her \u015feyi \u00f6yle seyreltir ki, duru bir bak\u0131\u015fla g\u00f6r\u00fcp se\u00e7iverir insan kendine benzeyeni.\u201d Uzun ve zorlu bir y\u00fcr\u00fcy\u00fc\u015f\u00fcn hik\u00e2yesi bu. Kaybolu\u015fun, kaybedi\u015fin ama yine<span class=\"excerpt-hellip\"> [\u2026]<\/span><\/p>\n","protected":false},"featured_media":0,"template":"","meta":{"_monsterinsights_skip_tracking":false,"_monsterinsights_sitenote_active":false,"_monsterinsights_sitenote_note":"","_monsterinsights_sitenote_category":0},"product_brand":[],"product_cat":[12291,12711],"product_tag":[],"class_list":{"0":"post-767635","1":"product","2":"type-product","3":"status-publish","5":"product_cat-edebiyat","6":"product_cat-roman-oyku","7":"pa_cilt-ciltsiz","8":"pa_tur-kitap","9":"pa_yayinevi-everest-yayinlari","10":"pa_yazar-nermin-yildirim","12":"first","13":"instock","14":"sale","15":"shipping-taxable","16":"purchasable","17":"product-type-simple"},"_links":{"self":[{"href":"https:\/\/roveyayinevi.com.tr\/index.php\/wp-json\/wp\/v2\/product\/767635","targetHints":{"allow":["GET"]}}],"collection":[{"href":"https:\/\/roveyayinevi.com.tr\/index.php\/wp-json\/wp\/v2\/product"}],"about":[{"href":"https:\/\/roveyayinevi.com.tr\/index.php\/wp-json\/wp\/v2\/types\/product"}],"wp:attachment":[{"href":"https:\/\/roveyayinevi.com.tr\/index.php\/wp-json\/wp\/v2\/media?parent=767635"}],"wp:term":[{"taxonomy":"product_brand","embeddable":true,"href":"https:\/\/roveyayinevi.com.tr\/index.php\/wp-json\/wp\/v2\/product_brand?post=767635"},{"taxonomy":"product_cat","embeddable":true,"href":"https:\/\/roveyayinevi.com.tr\/index.php\/wp-json\/wp\/v2\/product_cat?post=767635"},{"taxonomy":"product_tag","embeddable":true,"href":"https:\/\/roveyayinevi.com.tr\/index.php\/wp-json\/wp\/v2\/product_tag?post=767635"}],"curies":[{"name":"wp","href":"https:\/\/api.w.org\/{rel}","templated":true}]}}