{"id":767634,"date":"2025-08-28T12:54:02","date_gmt":"2025-08-28T09:54:02","guid":{"rendered":"https:\/\/roveyayinevi.com.tr\/index.php\/urun\/dokunmadan\/"},"modified":"2026-04-11T14:36:23","modified_gmt":"2026-04-11T11:36:23","slug":"dokunmadan","status":"publish","type":"product","link":"https:\/\/roveyayinevi.com.tr\/index.php\/urun\/dokunmadan\/","title":{"rendered":"Dokunmadan"},"content":{"rendered":"<p>\u201c\u0130nanmaya ihtiyac\u0131 olur hep insan\u0131n. M\u00fcmk\u00fcnse kendinden ba\u015fka bir \u015feye.\u201d \u00c7ocukluk y\u0131llar\u0131nda i\u015fledi\u011fi ilk g\u00fcnah\u0131, ilk kabahati telafi etmeye \u00e7al\u0131\u015f\u0131rken, ya\u015fad\u0131\u011f\u0131 co\u011frafyay\u0131 boydan boya kateden Adalet\u2019in hik\u00e2yesi bu. Hem kendisiyle hem de \u00fclkesiyle yeni ba\u015ftan tan\u0131\u015fmas\u0131na vesile olan bu yolculuk, ger\u00e7ek k\u00f6t\u00fcl\u00fc\u011f\u00fc sorgulamas\u0131n\u0131, o g\u00fcne dek sahici ba\u011flar kuramadan ya\u015fad\u0131\u011f\u0131 hayattaki yerini bulmas\u0131n\u0131 ve pek \u00e7ok b\u00fcy\u00fcl\u00fc duygunun yan\u0131 s\u0131ra a\u015fkla da kar\u015f\u0131la\u015fmas\u0131n\u0131 sa\u011flayacakt\u0131r. D\u00fcnya Kitap 2017 Y\u0131l\u0131n Telif Kitab\u0131 \u00d6d\u00fcl\u00fc\u2019ne lay\u0131k g\u00f6r\u00fclen Dokunmadan, edebiyat\u0131m\u0131z\u0131n g\u00fc\u00e7l\u00fc kalemi Nermin Y\u0131ld\u0131r\u0131m\u2019\u0131n duyarl\u0131 ve k\u0131vrak diliyle okurun haf\u0131zas\u0131na kaz\u0131nacak, y\u00fcre\u011finin derinliklerine dokunacak, s\u00fcrprizlerle \u00f6r\u00fclm\u00fc\u015f bir roman. Son sayfay\u0131 \u00e7evirdi\u011finizde kendinize soracaks\u0131n\u0131z: \u201c\u015eu biricik hayat\u0131m\u0131 nas\u0131l hakk\u0131yla ya\u015far\u0131m?\u201d Art\u0131k anl\u0131yorum, insan g\u00f6rkemli g\u00fczelli\u011fini \u00f6lene dek bilemiyor. Ne d\u00fcnyan\u0131n ne kendisinin. Kalbin terazisi, yitirilmemi\u015f hi\u00e7bir \u015feyin k\u0131ymetini hakk\u0131yla \u00f6l\u00e7emiyor. Oysa bir bilseniz, ah bir bilseniz&#8230;   <\/p>\n","protected":false},"excerpt":{"rendered":"<p>\u201c\u0130nanmaya ihtiyac\u0131 olur hep insan\u0131n. M\u00fcmk\u00fcnse kendinden ba\u015fka bir \u015feye.\u201d \u00c7ocukluk y\u0131llar\u0131nda i\u015fledi\u011fi ilk g\u00fcnah\u0131, ilk kabahati telafi etmeye \u00e7al\u0131\u015f\u0131rken, ya\u015fad\u0131\u011f\u0131 co\u011frafyay\u0131 boydan boya kateden Adalet\u2019in<span class=\"excerpt-hellip\"> [\u2026]<\/span><\/p>\n","protected":false},"featured_media":0,"template":"","meta":{"_monsterinsights_skip_tracking":false,"_monsterinsights_sitenote_active":false,"_monsterinsights_sitenote_note":"","_monsterinsights_sitenote_category":0},"product_brand":[],"product_cat":[12291,12711],"product_tag":[],"class_list":{"0":"post-767634","1":"product","2":"type-product","3":"status-publish","5":"product_cat-edebiyat","6":"product_cat-roman-oyku","7":"pa_cilt-ciltsiz","8":"pa_tur-kitap","9":"pa_yayinevi-everest-yayinlari","10":"pa_yazar-nermin-yildirim","12":"first","13":"instock","14":"sale","15":"shipping-taxable","16":"purchasable","17":"product-type-simple"},"_links":{"self":[{"href":"https:\/\/roveyayinevi.com.tr\/index.php\/wp-json\/wp\/v2\/product\/767634","targetHints":{"allow":["GET"]}}],"collection":[{"href":"https:\/\/roveyayinevi.com.tr\/index.php\/wp-json\/wp\/v2\/product"}],"about":[{"href":"https:\/\/roveyayinevi.com.tr\/index.php\/wp-json\/wp\/v2\/types\/product"}],"wp:attachment":[{"href":"https:\/\/roveyayinevi.com.tr\/index.php\/wp-json\/wp\/v2\/media?parent=767634"}],"wp:term":[{"taxonomy":"product_brand","embeddable":true,"href":"https:\/\/roveyayinevi.com.tr\/index.php\/wp-json\/wp\/v2\/product_brand?post=767634"},{"taxonomy":"product_cat","embeddable":true,"href":"https:\/\/roveyayinevi.com.tr\/index.php\/wp-json\/wp\/v2\/product_cat?post=767634"},{"taxonomy":"product_tag","embeddable":true,"href":"https:\/\/roveyayinevi.com.tr\/index.php\/wp-json\/wp\/v2\/product_tag?post=767634"}],"curies":[{"name":"wp","href":"https:\/\/api.w.org\/{rel}","templated":true}]}}