{"id":767633,"date":"2025-08-28T12:54:01","date_gmt":"2025-08-28T09:54:01","guid":{"rendered":"https:\/\/roveyayinevi.com.tr\/index.php\/urun\/hukuki-ve-iktisadi-yonleriyle-para-vakfi\/"},"modified":"2026-04-15T03:33:28","modified_gmt":"2026-04-15T00:33:28","slug":"hukuki-ve-iktisadi-yonleriyle-para-vakfi","status":"publish","type":"product","link":"https:\/\/roveyayinevi.com.tr\/index.php\/urun\/hukuki-ve-iktisadi-yonleriyle-para-vakfi\/","title":{"rendered":"Hukuki ve \u0130ktisadi Y\u00f6nleriyle Para Vakf\u0131"},"content":{"rendered":"<p>\u0130sl\u00e2m medeniyetinin en \u00f6nemli ve \u00f6zg\u00fcn kurumlar\u0131ndan olan vak\u0131f, ayn\u0131 zamanda \u0130sl\u00e2m\u2019\u0131n fetihlerle birlikte yay\u0131lmaya ba\u015flad\u0131\u011f\u0131 ilk y\u00fczy\u0131ldan g\u00fcn\u00fcm\u00fcze kadar varl\u0131\u011f\u0131n\u0131 s\u00fcrd\u00fcrmesi bak\u0131m\u0131ndan en s\u00fcreklilik arz edenidir. Erol \u00d6zvar ve Murteza Bedir\u2019in edit\u00f6rl\u00fc\u011f\u00fcnde haz\u0131rlanan Hukuki ve \u0130ktisadi Y\u00f6nleriyle Para Vakf\u0131 kitab\u0131 ise vak\u0131f kurumunun Osmanl\u0131 ekonomik ve hukuk d\u00fczenine \u00f6zg\u00fc \u00f6zel bir t\u00fcr\u00fc olan para vakf\u0131 sistemini ele alan makalelerden olu\u015fuyor. Alan\u0131nda uzman akademisyenler taraf\u0131ndan kaleme al\u0131nan her bir makale, Osmanl\u0131 toplumunun ekonomik ve sosyal hayat\u0131nda da merkez\u00ee bir rol\u00fc olan bu sistemi, para vak\u0131flar\u0131n\u0131n do\u011fu\u015fundan Osmanl\u0131 hukuk sistemindeki tart\u0131\u015fmalara, bu vak\u0131flar\u0131n finansal i\u015fleyi\u015finden, toplumsal etkilerine kadar geni\u015f bir yelpazede tart\u0131\u015f\u0131yor. Vak\u0131fBank K\u00fclt\u00fcr Yay\u0131nlar\u0131 olarak okuyucuyla bulu\u015fturdu\u011fumuz bu eser, para vakf\u0131 sisteminin g\u00fcn\u00fcm\u00fcze kadar uzanan tarihine ve meselelerine ilgi duyan her t\u00fcrden okuyucu i\u00e7in vazge\u00e7ilmez bir ba\u015fvuru kayna\u011f\u0131. <\/p>\n","protected":false},"excerpt":{"rendered":"<p>\u0130sl\u00e2m medeniyetinin en \u00f6nemli ve \u00f6zg\u00fcn kurumlar\u0131ndan olan vak\u0131f, ayn\u0131 zamanda \u0130sl\u00e2m\u2019\u0131n fetihlerle birlikte yay\u0131lmaya ba\u015flad\u0131\u011f\u0131 ilk y\u00fczy\u0131ldan g\u00fcn\u00fcm\u00fcze kadar varl\u0131\u011f\u0131n\u0131 s\u00fcrd\u00fcrmesi bak\u0131m\u0131ndan en s\u00fcreklilik arz<span class=\"excerpt-hellip\"> [\u2026]<\/span><\/p>\n","protected":false},"featured_media":0,"template":"","meta":{"_monsterinsights_skip_tracking":false,"_monsterinsights_sitenote_active":false,"_monsterinsights_sitenote_note":"","_monsterinsights_sitenote_category":0},"product_brand":[],"product_cat":[13043],"product_tag":[],"class_list":{"0":"post-767633","1":"product","2":"type-product","3":"status-publish","5":"product_cat-ekonomi","6":"pa_cilt-ciltsiz","7":"pa_tur-kitap","8":"pa_yayinevi-vakifbank-kultur-yayinlari","9":"pa_yazar-erol-ozvar-murteza-bedir","11":"first","12":"instock","13":"sale","14":"shipping-taxable","15":"purchasable","16":"product-type-simple"},"_links":{"self":[{"href":"https:\/\/roveyayinevi.com.tr\/index.php\/wp-json\/wp\/v2\/product\/767633","targetHints":{"allow":["GET"]}}],"collection":[{"href":"https:\/\/roveyayinevi.com.tr\/index.php\/wp-json\/wp\/v2\/product"}],"about":[{"href":"https:\/\/roveyayinevi.com.tr\/index.php\/wp-json\/wp\/v2\/types\/product"}],"wp:attachment":[{"href":"https:\/\/roveyayinevi.com.tr\/index.php\/wp-json\/wp\/v2\/media?parent=767633"}],"wp:term":[{"taxonomy":"product_brand","embeddable":true,"href":"https:\/\/roveyayinevi.com.tr\/index.php\/wp-json\/wp\/v2\/product_brand?post=767633"},{"taxonomy":"product_cat","embeddable":true,"href":"https:\/\/roveyayinevi.com.tr\/index.php\/wp-json\/wp\/v2\/product_cat?post=767633"},{"taxonomy":"product_tag","embeddable":true,"href":"https:\/\/roveyayinevi.com.tr\/index.php\/wp-json\/wp\/v2\/product_tag?post=767633"}],"curies":[{"name":"wp","href":"https:\/\/api.w.org\/{rel}","templated":true}]}}