{"id":767631,"date":"2025-08-28T12:53:56","date_gmt":"2025-08-28T09:53:56","guid":{"rendered":"https:\/\/roveyayinevi.com.tr\/index.php\/urun\/isigi-sonen-evler\/"},"modified":"2025-09-15T17:11:06","modified_gmt":"2025-09-15T14:11:06","slug":"isigi-sonen-evler","status":"publish","type":"product","link":"https:\/\/roveyayinevi.com.tr\/index.php\/urun\/isigi-sonen-evler\/","title":{"rendered":"I\u015f\u0131\u011f\u0131 S\u00f6nen Evler"},"content":{"rendered":"<p>Tarihin tekerr\u00fcr etti\u011fi g\u00fcnlerdeydik. Ve her zaman oldu\u011fu gibi bize en \u00e7ok zarar\u0131 yine biz veriyorduk. Bir eyl\u00fcl sabah\u0131nda \u0131\u015f\u0131\u011f\u0131 s\u00f6nen on binlerce insandan yaln\u0131z ikisiydi Ya\u011f\u0131z ve Yi\u011fit. Karanl\u0131kta kalman\u0131n ne demek oldu\u011funu bilmeyenler, ayd\u0131nl\u0131\u011f\u0131n \u0131\u015f\u0131k sa\u00e7an d\u00fcnyas\u0131nda her daim s\u00f6z sahibi olmu\u015flard\u0131. \u0130nsanl\u0131k, yerin yedi kat alt\u0131na g\u00f6m\u00fclm\u00fc\u015ft\u00fc. Kaybolan insanl\u0131\u011f\u0131 arayan bu millet ise arad\u0131klar\u0131n\u0131 bulana kadar daha nice kay\u0131plar verecekti. <\/p>\n","protected":false},"excerpt":{"rendered":"<p>Tarihin tekerr\u00fcr etti\u011fi g\u00fcnlerdeydik. Ve her zaman oldu\u011fu gibi bize en \u00e7ok zarar\u0131 yine biz veriyorduk. Bir eyl\u00fcl sabah\u0131nda \u0131\u015f\u0131\u011f\u0131 s\u00f6nen on binlerce insandan yaln\u0131z ikisiydi<span class=\"excerpt-hellip\"> [\u2026]<\/span><\/p>\n","protected":false},"featured_media":0,"template":"","meta":{"_monsterinsights_skip_tracking":false,"_monsterinsights_sitenote_active":false,"_monsterinsights_sitenote_note":"","_monsterinsights_sitenote_category":0},"product_brand":[],"product_cat":[12291,12711],"product_tag":[],"class_list":{"0":"post-767631","1":"product","2":"type-product","3":"status-publish","5":"product_cat-edebiyat","6":"product_cat-roman-oyku","7":"pa_cilt-ciltsiz","8":"pa_tur-kitap","9":"pa_yayinevi-cinaralti-yayinlari","10":"pa_yazar-zeynep-cagatay","12":"first","13":"instock","14":"sale","15":"shipping-taxable","16":"purchasable","17":"product-type-simple"},"_links":{"self":[{"href":"https:\/\/roveyayinevi.com.tr\/index.php\/wp-json\/wp\/v2\/product\/767631","targetHints":{"allow":["GET"]}}],"collection":[{"href":"https:\/\/roveyayinevi.com.tr\/index.php\/wp-json\/wp\/v2\/product"}],"about":[{"href":"https:\/\/roveyayinevi.com.tr\/index.php\/wp-json\/wp\/v2\/types\/product"}],"wp:attachment":[{"href":"https:\/\/roveyayinevi.com.tr\/index.php\/wp-json\/wp\/v2\/media?parent=767631"}],"wp:term":[{"taxonomy":"product_brand","embeddable":true,"href":"https:\/\/roveyayinevi.com.tr\/index.php\/wp-json\/wp\/v2\/product_brand?post=767631"},{"taxonomy":"product_cat","embeddable":true,"href":"https:\/\/roveyayinevi.com.tr\/index.php\/wp-json\/wp\/v2\/product_cat?post=767631"},{"taxonomy":"product_tag","embeddable":true,"href":"https:\/\/roveyayinevi.com.tr\/index.php\/wp-json\/wp\/v2\/product_tag?post=767631"}],"curies":[{"name":"wp","href":"https:\/\/api.w.org\/{rel}","templated":true}]}}