{"id":767628,"date":"2025-08-28T12:53:14","date_gmt":"2025-08-28T09:53:14","guid":{"rendered":"https:\/\/roveyayinevi.com.tr\/index.php\/urun\/gece-4\/"},"modified":"2026-04-15T03:33:28","modified_gmt":"2026-04-15T00:33:28","slug":"gece-4","status":"publish","type":"product","link":"https:\/\/roveyayinevi.com.tr\/index.php\/urun\/gece-4\/","title":{"rendered":"Gece"},"content":{"rendered":"<p>Geceler, hatta sa\u011fanak ya\u011f\u0131\u015fl\u0131 geceler, ordu bask\u0131n\u0131na en uygun zamand\u0131r. Gece bask\u0131n\u0131na g\u00f6t\u00fcr\u00fclen atlar\u0131n i\u011fdi\u015f at olmas\u0131, gece bask\u0131n\u0131na giden askerlerin \u00f6ks\u00fcr\u00fckl\u00fc hastal\u0131klar\u0131n\u0131n olmamas\u0131 gerekirdi. A\u015fk\u0131n kederi en \u00e7ok geceleri hissedilirmi\u015f. Bu y\u00fczden pop m\u00fczik g\u00fcfteleri, duygulara hitap eden gece \u00e7a\u011f\u0131r\u0131\u015f\u0131m\u0131 yapm\u0131\u015ft\u0131r. \u201cGeceler katran karas\u0131 geceler Ellerim t\u00fct\u00fcn kokar gecelerde Geceler olmaz olas\u0131 geceler A\u00e7\u0131l\u0131r yelkenleri yaln\u0131zl\u0131\u011f\u0131n Vurur dalga sesleri y\u00fcre\u011fimde\u201d Klasik \u015fiirimizde \u00dclker gibi y\u0131ld\u0131zlar gecenin s\u00fcs\u00fc olmu\u015ftur. Baz\u0131 ku\u015flar gece ku\u015fudur. Modern \u015fiirde \u201cgece\u201d, ka\u00e7\u0131\u015f\u0131n adresi olmu\u015ftur. Eski T\u00fcrk\u00e7ede \u201cgece\u201d anlam\u0131 \u201ct\u00fcn\u201d ve \u201cke\u00e7e\u201d s\u00f6zc\u00fckleri ile kar\u015f\u0131lanm\u0131\u015f, klasik d\u00f6nemde \u201c\u015feb\u201d ve \u201cleyl\u201d s\u00f6zc\u00fckleri s\u00f6zl\u00fc\u011f\u00fcm\u00fcze eklenmi\u015ftir. Folklorumuz Gulyabani, Karakoncolos gibi gece yarat\u0131klar\u0131ndan bahsetmi\u015ftir. <\/p>\n","protected":false},"excerpt":{"rendered":"<p>Geceler, hatta sa\u011fanak ya\u011f\u0131\u015fl\u0131 geceler, ordu bask\u0131n\u0131na en uygun zamand\u0131r. Gece bask\u0131n\u0131na g\u00f6t\u00fcr\u00fclen atlar\u0131n i\u011fdi\u015f at olmas\u0131, gece bask\u0131n\u0131na giden askerlerin \u00f6ks\u00fcr\u00fckl\u00fc hastal\u0131klar\u0131n\u0131n olmamas\u0131 gerekirdi. A\u015fk\u0131n<span class=\"excerpt-hellip\"> [\u2026]<\/span><\/p>\n","protected":false},"featured_media":0,"template":"","meta":{"_monsterinsights_skip_tracking":false,"_monsterinsights_sitenote_active":false,"_monsterinsights_sitenote_note":"","_monsterinsights_sitenote_category":0},"product_brand":[],"product_cat":[13072,12291],"product_tag":[],"class_list":{"0":"post-767628","1":"product","2":"type-product","3":"status-publish","5":"product_cat-arastirma-inceleme-referans","6":"product_cat-edebiyat","7":"pa_cilt-ciltsiz","8":"pa_tur-kitap","9":"pa_yayinevi-cinaralti-yayinlari","10":"pa_yazar-emine-gorsoy-naskali","12":"first","13":"instock","14":"sale","15":"shipping-taxable","16":"purchasable","17":"product-type-simple"},"_links":{"self":[{"href":"https:\/\/roveyayinevi.com.tr\/index.php\/wp-json\/wp\/v2\/product\/767628","targetHints":{"allow":["GET"]}}],"collection":[{"href":"https:\/\/roveyayinevi.com.tr\/index.php\/wp-json\/wp\/v2\/product"}],"about":[{"href":"https:\/\/roveyayinevi.com.tr\/index.php\/wp-json\/wp\/v2\/types\/product"}],"wp:attachment":[{"href":"https:\/\/roveyayinevi.com.tr\/index.php\/wp-json\/wp\/v2\/media?parent=767628"}],"wp:term":[{"taxonomy":"product_brand","embeddable":true,"href":"https:\/\/roveyayinevi.com.tr\/index.php\/wp-json\/wp\/v2\/product_brand?post=767628"},{"taxonomy":"product_cat","embeddable":true,"href":"https:\/\/roveyayinevi.com.tr\/index.php\/wp-json\/wp\/v2\/product_cat?post=767628"},{"taxonomy":"product_tag","embeddable":true,"href":"https:\/\/roveyayinevi.com.tr\/index.php\/wp-json\/wp\/v2\/product_tag?post=767628"}],"curies":[{"name":"wp","href":"https:\/\/api.w.org\/{rel}","templated":true}]}}