{"id":767627,"date":"2025-08-28T12:53:13","date_gmt":"2025-08-28T09:53:13","guid":{"rendered":"https:\/\/roveyayinevi.com.tr\/index.php\/urun\/devlet-akli-kimin-akli\/"},"modified":"2026-04-15T03:33:28","modified_gmt":"2026-04-15T00:33:28","slug":"devlet-akli-kimin-akli","status":"publish","type":"product","link":"https:\/\/roveyayinevi.com.tr\/index.php\/urun\/devlet-akli-kimin-akli\/","title":{"rendered":"Devlet Akl\u0131 Kimin Akl\u0131?"},"content":{"rendered":"<p>Bu kitap, Osmanl\u0131 \u0130mparatorlu\u011fu\u2019nun \u00e7\u00f6k\u00fc\u015f\u00fcnden itibaren T\u00fcrkiye\u2019nin siyasi ve sosyal d\u00fc\u015f\u00fcnce tarihinde s\u00fcrekli g\u00fcndeme gelen, hem devletin hem de toplumsal yap\u0131lar\u0131n arka plan\u0131ndaki temel dinamikleri anlamaya \u00e7al\u0131\u015fan bir bak\u0131\u015f a\u00e7\u0131s\u0131yla \u201cDevlet Akl\u0131\u201d kavram\u0131n\u0131 mercek alt\u0131na al\u0131yor. Koray Demir, devlet akl\u0131n\u0131n tarihsel s\u00fcre\u00e7te nas\u0131l bir \u201cvatanseverlik turnusolu\u201d olarak kullan\u0131ld\u0131\u011f\u0131n\u0131, toplumsal b\u00fct\u00fcnl\u00fc\u011f\u00fc tehdit etti\u011fi iddia edilen unsurlar\u0131 bast\u0131rmak i\u00e7in ne derece pragmatik bir ara\u00e7 haline getirildi\u011fini derinlemesine analiz ediyor. \u201cDevlet Akl\u0131\u201dn\u0131n, \u00e7o\u011fu zaman ger\u00e7ekte halk\u0131n ve devletin iyili\u011fini ama\u00e7lamaktan \u00e7ok iktidar sahiplerinin g\u00fc\u00e7lerini koruma refleksinden beslendi\u011fini belirtiyor. Demir\u2019e g\u00f6re \u201cDevlet Akl\u0131\u201d olarak adland\u0131r\u0131lan bu kavram, daha ziyade g\u00fc\u00e7 odaklar\u0131n\u0131n kendi endi\u015feleri ve korkular\u0131na kar\u015f\u0131 geli\u015ftirdikleri bir savunma mekanizmas\u0131 olarak kar\u015f\u0131m\u0131za \u00e7\u0131kmakta. Kitap, Devlet Akl\u0131n\u0131n yasal s\u0131n\u0131rlar\u0131n \u00f6tesinde bir hareket kabiliyeti ile iktidar\u0131 elinde tutanlar\u0131n eliyle s\u00fcrekli bir \u201cbeka\u201d arg\u00fcman\u0131 olarak nas\u0131l me\u015frula\u015ft\u0131r\u0131ld\u0131\u011f\u0131n\u0131 tart\u0131\u015f\u0131yor. \u201cBir i\u015fin \u2018do\u011fru, adil, me\u015fru, hukuki olarak yap\u0131lmas\u0131n\u0131 istemek\u2019 ile \u2018toplumsal b\u00fct\u00fcnl\u00fc\u011f\u00fc bozmak\u2019 aras\u0131nda bir ikileme sokulan milli ve yerli insan, her seferinde \u2018toplumsal b\u00fct\u00fcnl\u00fc\u011f\u00fc bozma\u2019 itham\u0131ndan uzak durmay\u0131 se\u00e7mi\u015ftir. Fikrin tebli\u011fcileri bu fikirlerinin yan\u0131na hemen \u2018beka\u2019 kelimesini ekleyip y\u00f6netici erkten \u2018\u015f\u00fcphe\u2019 duyulmas\u0131n\u0131n \u00f6n\u00fcne ge\u00e7mek istemektedirler.\u201d <\/p>\n","protected":false},"excerpt":{"rendered":"<p>Bu kitap, Osmanl\u0131 \u0130mparatorlu\u011fu\u2019nun \u00e7\u00f6k\u00fc\u015f\u00fcnden itibaren T\u00fcrkiye\u2019nin siyasi ve sosyal d\u00fc\u015f\u00fcnce tarihinde s\u00fcrekli g\u00fcndeme gelen, hem devletin hem de toplumsal yap\u0131lar\u0131n arka plan\u0131ndaki temel dinamikleri anlamaya<span class=\"excerpt-hellip\"> [\u2026]<\/span><\/p>\n","protected":false},"featured_media":0,"template":"","meta":{"_monsterinsights_skip_tracking":false,"_monsterinsights_sitenote_active":false,"_monsterinsights_sitenote_note":"","_monsterinsights_sitenote_category":0},"product_brand":[],"product_cat":[13590,12337],"product_tag":[],"class_list":{"0":"post-767627","1":"product","2":"type-product","3":"status-publish","5":"product_cat-arastirma-inceleme-politika-siyaset","6":"product_cat-politika-siyaset","7":"pa_cilt-ciltsiz","8":"pa_tur-kitap","9":"pa_yayinevi-kirmizi-kedi-yayinevi","10":"pa_yazar-koray-demir","12":"first","13":"instock","14":"sale","15":"shipping-taxable","16":"purchasable","17":"product-type-simple"},"_links":{"self":[{"href":"https:\/\/roveyayinevi.com.tr\/index.php\/wp-json\/wp\/v2\/product\/767627","targetHints":{"allow":["GET"]}}],"collection":[{"href":"https:\/\/roveyayinevi.com.tr\/index.php\/wp-json\/wp\/v2\/product"}],"about":[{"href":"https:\/\/roveyayinevi.com.tr\/index.php\/wp-json\/wp\/v2\/types\/product"}],"wp:attachment":[{"href":"https:\/\/roveyayinevi.com.tr\/index.php\/wp-json\/wp\/v2\/media?parent=767627"}],"wp:term":[{"taxonomy":"product_brand","embeddable":true,"href":"https:\/\/roveyayinevi.com.tr\/index.php\/wp-json\/wp\/v2\/product_brand?post=767627"},{"taxonomy":"product_cat","embeddable":true,"href":"https:\/\/roveyayinevi.com.tr\/index.php\/wp-json\/wp\/v2\/product_cat?post=767627"},{"taxonomy":"product_tag","embeddable":true,"href":"https:\/\/roveyayinevi.com.tr\/index.php\/wp-json\/wp\/v2\/product_tag?post=767627"}],"curies":[{"name":"wp","href":"https:\/\/api.w.org\/{rel}","templated":true}]}}