{"id":767625,"date":"2025-08-28T12:53:10","date_gmt":"2025-08-28T09:53:10","guid":{"rendered":"https:\/\/roveyayinevi.com.tr\/index.php\/urun\/surdurulebilirlik-raporlamasi-ve-denetimi\/"},"modified":"2025-11-12T11:11:27","modified_gmt":"2025-11-12T08:11:27","slug":"surdurulebilirlik-raporlamasi-ve-denetimi","status":"publish","type":"product","link":"https:\/\/roveyayinevi.com.tr\/index.php\/urun\/surdurulebilirlik-raporlamasi-ve-denetimi\/","title":{"rendered":"S\u00fcrd\u00fcr\u00fclebilirlik Raporlamas\u0131 Ve Denetimi"},"content":{"rendered":"<p>\u0130\u00e7indekiler :     1. S\u00dcRD\u00dcR\u00dcLEB\u0130L\u0130RL\u0130\u011eE G\u0130R\u0130\u015e: TANIM, TAR\u0130HSEL PERSPEKT\u0130F VE S\u00dcRD\u00dcR\u00dcLEB\u0130L\u0130RL\u0130\u011e\u0130N SACAYAKLARI   2. S\u00dcRD\u00dcR\u00dcLEB\u0130L\u0130RL\u0130\u011eE \u0130L\u0130\u015eK\u0130N D\u00dcZENLEMELER   3. S\u00dcRD\u00dcR\u00dcLEB\u0130L\u0130RL\u0130KLE \u0130LG\u0130L\u0130 TEMEL KAVRAMLAR   4. KURUMSAL S\u00dcRD\u00dcR\u00dcLEB\u0130L\u0130RL\u0130K RAPORLAMASINDA TEMEL KAVRAM VE \u0130LKELER   5. KURUMSAL S\u00dcRD\u00dcR\u00dcLEB\u0130L\u0130RL\u0130K RAPORLAMASINA Y\u00d6NEL\u0130K \u00c7ER\u00c7EVE VE STANDARTLAR   6. T\u00dcRK\u0130YE YE\u015e\u0130L MUTABAKAT EYLEM PLANI   7. TSRS 1 S\u00dcRD\u00dcR\u00dcLEB\u0130L\u0130RL\u0130KLE \u0130LG\u0130L\u0130 F\u0130NANSAL B\u0130LG\u0130LER\u0130N A\u00c7IKLANMASINA \u0130L\u0130\u015eK\u0130N GENEL H\u00dcK\u00dcMLER     8. TSRS 2 \u0130KL\u0130MLE \u0130LG\u0130L\u0130 A\u00c7IKLAMALAR <\/p>\n","protected":false},"excerpt":{"rendered":"<p>\u0130\u00e7indekiler : 1. S\u00dcRD\u00dcR\u00dcLEB\u0130L\u0130RL\u0130\u011eE G\u0130R\u0130\u015e: TANIM, TAR\u0130HSEL PERSPEKT\u0130F VE S\u00dcRD\u00dcR\u00dcLEB\u0130L\u0130RL\u0130\u011e\u0130N SACAYAKLARI 2. S\u00dcRD\u00dcR\u00dcLEB\u0130L\u0130RL\u0130\u011eE \u0130L\u0130\u015eK\u0130N D\u00dcZENLEMELER 3. S\u00dcRD\u00dcR\u00dcLEB\u0130L\u0130RL\u0130KLE \u0130LG\u0130L\u0130 TEMEL KAVRAMLAR 4. KURUMSAL S\u00dcRD\u00dcR\u00dcLEB\u0130L\u0130RL\u0130K RAPORLAMASINDA TEMEL KAVRAM<span class=\"excerpt-hellip\"> [\u2026]<\/span><\/p>\n","protected":false},"featured_media":0,"template":"","meta":{"_monsterinsights_skip_tracking":false,"_monsterinsights_sitenote_active":false,"_monsterinsights_sitenote_note":"","_monsterinsights_sitenote_category":0},"product_brand":[],"product_cat":[13043],"product_tag":[],"class_list":{"0":"post-767625","1":"product","2":"type-product","3":"status-publish","5":"product_cat-ekonomi","6":"pa_cilt-ciltsiz","7":"pa_tur-kitap","8":"pa_yayinevi-gazi-kitabevi","9":"pa_yazar-murat-erdogan","11":"first","12":"instock","13":"sale","14":"shipping-taxable","15":"purchasable","16":"product-type-simple"},"_links":{"self":[{"href":"https:\/\/roveyayinevi.com.tr\/index.php\/wp-json\/wp\/v2\/product\/767625","targetHints":{"allow":["GET"]}}],"collection":[{"href":"https:\/\/roveyayinevi.com.tr\/index.php\/wp-json\/wp\/v2\/product"}],"about":[{"href":"https:\/\/roveyayinevi.com.tr\/index.php\/wp-json\/wp\/v2\/types\/product"}],"wp:attachment":[{"href":"https:\/\/roveyayinevi.com.tr\/index.php\/wp-json\/wp\/v2\/media?parent=767625"}],"wp:term":[{"taxonomy":"product_brand","embeddable":true,"href":"https:\/\/roveyayinevi.com.tr\/index.php\/wp-json\/wp\/v2\/product_brand?post=767625"},{"taxonomy":"product_cat","embeddable":true,"href":"https:\/\/roveyayinevi.com.tr\/index.php\/wp-json\/wp\/v2\/product_cat?post=767625"},{"taxonomy":"product_tag","embeddable":true,"href":"https:\/\/roveyayinevi.com.tr\/index.php\/wp-json\/wp\/v2\/product_tag?post=767625"}],"curies":[{"name":"wp","href":"https:\/\/api.w.org\/{rel}","templated":true}]}}