{"id":767623,"date":"2025-08-28T12:53:08","date_gmt":"2025-08-28T09:53:08","guid":{"rendered":"https:\/\/roveyayinevi.com.tr\/index.php\/urun\/kitabul-harac-2\/"},"modified":"2026-04-15T03:33:28","modified_gmt":"2026-04-15T00:33:28","slug":"kitabul-harac-2","status":"publish","type":"product","link":"https:\/\/roveyayinevi.com.tr\/index.php\/urun\/kitabul-harac-2\/","title":{"rendered":"Kitab\u00fc\u2019l Harac"},"content":{"rendered":"<p>Kud\u00e2me b. Cafer el-Ba\u011fdadi (\u00f6.948) taraf\u0131ndan kaleme al\u0131nan bu kitap \u0130slam tarihinin en eski kaynaklar\u0131ndand\u0131r. Maalesef sadece ikinci yar\u0131s\u0131 bize ula\u015fm\u0131\u015ft\u0131r. Bu k\u0131s\u0131mda \u0130slam tarihinin ilk \u00fc\u00e7 asr\u0131ndaki fetihlerden, devlet idaresinden, co\u011frafyadan, vergi sahalar\u0131ndan, devletin gelir kaynaklar\u0131ndan, \u015fehirler aras\u0131ndaki masraflardan, devlet dairelerinin (divanlar\u0131n) bir k\u0131sm\u0131ndan bahsedilir. Vergiler, di\u011fer hukuki konular, vergi miktarlar\u0131 hakk\u0131nda da de\u011ferli bilgiler verilir. Bu \u00f6nemli kaynak \u00fclkemizde pek tan\u0131nmamaktad\u0131r. Terc\u00fcmesini vermekle k\u00fclt\u00fcr tarihimizdeki bir bo\u015flu\u011fu doldurmak istedik. <\/p>\n","protected":false},"excerpt":{"rendered":"<p>Kud\u00e2me b. Cafer el-Ba\u011fdadi (\u00f6.948) taraf\u0131ndan kaleme al\u0131nan bu kitap \u0130slam tarihinin en eski kaynaklar\u0131ndand\u0131r. Maalesef sadece ikinci yar\u0131s\u0131 bize ula\u015fm\u0131\u015ft\u0131r. Bu k\u0131s\u0131mda \u0130slam tarihinin ilk<span class=\"excerpt-hellip\"> [\u2026]<\/span><\/p>\n","protected":false},"featured_media":0,"template":"","meta":{"_monsterinsights_skip_tracking":false,"_monsterinsights_sitenote_active":false,"_monsterinsights_sitenote_note":"","_monsterinsights_sitenote_category":0},"product_brand":[],"product_cat":[13590,12337],"product_tag":[],"class_list":{"0":"post-767623","1":"product","2":"type-product","3":"status-publish","5":"product_cat-arastirma-inceleme-politika-siyaset","6":"product_cat-politika-siyaset","7":"pa_cilt-ciltsiz","8":"pa_tur-kitap","9":"pa_yayinevi-yeditepe-yayinevi","10":"pa_yazar-kudame-ibn-cafer","12":"first","13":"instock","14":"sale","15":"shipping-taxable","16":"purchasable","17":"product-type-simple"},"_links":{"self":[{"href":"https:\/\/roveyayinevi.com.tr\/index.php\/wp-json\/wp\/v2\/product\/767623","targetHints":{"allow":["GET"]}}],"collection":[{"href":"https:\/\/roveyayinevi.com.tr\/index.php\/wp-json\/wp\/v2\/product"}],"about":[{"href":"https:\/\/roveyayinevi.com.tr\/index.php\/wp-json\/wp\/v2\/types\/product"}],"wp:attachment":[{"href":"https:\/\/roveyayinevi.com.tr\/index.php\/wp-json\/wp\/v2\/media?parent=767623"}],"wp:term":[{"taxonomy":"product_brand","embeddable":true,"href":"https:\/\/roveyayinevi.com.tr\/index.php\/wp-json\/wp\/v2\/product_brand?post=767623"},{"taxonomy":"product_cat","embeddable":true,"href":"https:\/\/roveyayinevi.com.tr\/index.php\/wp-json\/wp\/v2\/product_cat?post=767623"},{"taxonomy":"product_tag","embeddable":true,"href":"https:\/\/roveyayinevi.com.tr\/index.php\/wp-json\/wp\/v2\/product_tag?post=767623"}],"curies":[{"name":"wp","href":"https:\/\/api.w.org\/{rel}","templated":true}]}}