{"id":767622,"date":"2025-08-28T12:53:06","date_gmt":"2025-08-28T09:53:06","guid":{"rendered":"https:\/\/roveyayinevi.com.tr\/index.php\/urun\/turk-silahli-kuvvetleri-ingiliz-askeri-istihbarat-raporlarinda\/"},"modified":"2026-04-15T03:33:28","modified_gmt":"2026-04-15T00:33:28","slug":"turk-silahli-kuvvetleri-ingiliz-askeri-istihbarat-raporlarinda","status":"publish","type":"product","link":"https:\/\/roveyayinevi.com.tr\/index.php\/urun\/turk-silahli-kuvvetleri-ingiliz-askeri-istihbarat-raporlarinda\/","title":{"rendered":"T\u00fcrk Silahl\u0131 Kuvvetleri &#8211; \u0130ngiliz Askeri \u0130stihbarat Raporlar\u0131nda"},"content":{"rendered":"<p>1947 y\u0131l\u0131nda Truman Doktrini\u2019nin ilan\u0131 T\u00fcrk ordusu i\u00e7in b\u00fcy\u00fck bir d\u00f6n\u00fc\u015f\u00fcm\u00fcn habercisiydi. Amerikan Asker\u00ee Yard\u0131m\u0131 basit bir teknoloji transferinden ziyade k\u00f6kten bir de\u011fi\u015fimi hedefliyordu. K\u0131sa s\u00fcre i\u00e7inde T\u00fcrk limanlar\u0131na Amerikan hibesi tanklar, gemiler ve sava\u015f u\u00e7aklar\u0131 y\u0131\u011f\u0131l\u0131rken T\u00fcrk ordusu da te\u015fkilat ve doktrin noktas\u0131nda adeta kabuk de\u011fi\u015ftirdi. 1950 y\u0131l\u0131nda T\u00fcrk birlikleri Kore\u2019de \u00fcst\u00fcn ba\u015far\u0131 g\u00f6sterdi ve 1952 y\u0131l\u0131nda T\u00fcrkiye NATO \u00fcyesi oldu. 27 May\u0131s 1960\u2019ta ger\u00e7ekle\u015fen asker\u00ee darbe T\u00fcrk ordusu i\u00e7in ikinci bir milat te\u015fkil etti. \u0130ngilizler, t\u00fcm bu s\u00fcreci asker\u00ee ata\u015feleri vas\u0131tas\u0131yla yak\u0131ndan izliyordu. Kara, deniz ve hava ata\u015felerinin kaleme ald\u0131\u011f\u0131 istihbarat raporlar\u0131, bir yandan T\u00fcrk ordusunun d\u00f6n\u00fc\u015f\u00fcm s\u00fcrecine \u0131\u015f\u0131k tutarken \u00f6te yandan \u0130ngilizlerin bu s\u00fcre\u00e7teki pozisyonunu ortaya koyuyordu. \u0130ngiliz ar\u015fivinde bulunan binlerce sayfa asker\u00ee istihbarat raporunun g\u00fcn y\u00fcz\u00fcne \u00e7\u0131kar\u0131ld\u0131\u011f\u0131 bu \u00e7al\u0131\u015fma, \u0130ngiliz asker\u00ee istihbarat\u0131n\u0131n T\u00fcrkiye\u2019deki faaliyetlerini izah ederken Cumhuriyet ordusunun bu uzun on bir y\u0131l\u0131n\u0131n anatomisini \u00e7\u0131karmaktad\u0131r. <\/p>\n","protected":false},"excerpt":{"rendered":"<p>1947 y\u0131l\u0131nda Truman Doktrini\u2019nin ilan\u0131 T\u00fcrk ordusu i\u00e7in b\u00fcy\u00fck bir d\u00f6n\u00fc\u015f\u00fcm\u00fcn habercisiydi. Amerikan Asker\u00ee Yard\u0131m\u0131 basit bir teknoloji transferinden ziyade k\u00f6kten bir de\u011fi\u015fimi hedefliyordu. K\u0131sa s\u00fcre<span class=\"excerpt-hellip\"> [\u2026]<\/span><\/p>\n","protected":false},"featured_media":0,"template":"","meta":{"_monsterinsights_skip_tracking":false,"_monsterinsights_sitenote_active":false,"_monsterinsights_sitenote_note":"","_monsterinsights_sitenote_category":0},"product_brand":[],"product_cat":[13590,12337],"product_tag":[],"class_list":{"0":"post-767622","1":"product","2":"type-product","3":"status-publish","5":"product_cat-arastirma-inceleme-politika-siyaset","6":"product_cat-politika-siyaset","7":"pa_cilt-ciltsiz","8":"pa_tur-kitap","9":"pa_yayinevi-yeditepe-yayinevi","10":"pa_yazar-hamza-bilgu","12":"first","13":"instock","14":"sale","15":"shipping-taxable","16":"purchasable","17":"product-type-simple"},"_links":{"self":[{"href":"https:\/\/roveyayinevi.com.tr\/index.php\/wp-json\/wp\/v2\/product\/767622","targetHints":{"allow":["GET"]}}],"collection":[{"href":"https:\/\/roveyayinevi.com.tr\/index.php\/wp-json\/wp\/v2\/product"}],"about":[{"href":"https:\/\/roveyayinevi.com.tr\/index.php\/wp-json\/wp\/v2\/types\/product"}],"wp:attachment":[{"href":"https:\/\/roveyayinevi.com.tr\/index.php\/wp-json\/wp\/v2\/media?parent=767622"}],"wp:term":[{"taxonomy":"product_brand","embeddable":true,"href":"https:\/\/roveyayinevi.com.tr\/index.php\/wp-json\/wp\/v2\/product_brand?post=767622"},{"taxonomy":"product_cat","embeddable":true,"href":"https:\/\/roveyayinevi.com.tr\/index.php\/wp-json\/wp\/v2\/product_cat?post=767622"},{"taxonomy":"product_tag","embeddable":true,"href":"https:\/\/roveyayinevi.com.tr\/index.php\/wp-json\/wp\/v2\/product_tag?post=767622"}],"curies":[{"name":"wp","href":"https:\/\/api.w.org\/{rel}","templated":true}]}}