{"id":767621,"date":"2025-08-28T12:53:05","date_gmt":"2025-08-28T09:53:05","guid":{"rendered":"https:\/\/roveyayinevi.com.tr\/index.php\/urun\/soykirimdan-diplomasiye\/"},"modified":"2026-04-15T03:33:28","modified_gmt":"2026-04-15T00:33:28","slug":"soykirimdan-diplomasiye","status":"publish","type":"product","link":"https:\/\/roveyayinevi.com.tr\/index.php\/urun\/soykirimdan-diplomasiye\/","title":{"rendered":"Soyk\u0131r\u0131mdan Diplomasiye"},"content":{"rendered":"<p>Almanya ve \u0130srail aras\u0131ndaki ili\u015fkiler tarihsel a\u00e7\u0131dan derin ve karma\u015f\u0131k bir ge\u00e7mi\u015fe dayanmaktad\u0131r. \u0130kinci D\u00fcnya Sava\u015f\u0131&#8217;n\u0131n trajik miras\u0131n\u0131n g\u00f6lgesinde g\u00fcn\u00fcm\u00fczde iki devlet aras\u0131nda bilhassa diplomasi, ekonomi ve g\u00fcvenlik alan\u0131 gibi pek \u00e7ok fakt\u00f6r\u00fc kapsayan katmanl\u0131 bir yak\u0131nla\u015fma ve i\u015f birli\u011fi s\u00fcreci geli\u015fmi\u015ftir. \u201cSoyk\u0131r\u0131mdan Diplomasiye Almanya-\u0130srail \u0130li\u015fkilerine Bir Bak\u0131\u015f\u201d ba\u015fl\u0131\u011f\u0131n\u0131 ta\u015f\u0131yan bu eser, s\u00f6z konusu ili\u015fkileri tam da bu \u00fc\u00e7 fakt\u00f6r\u00fc esas alarak irdelemekte ve okuyucuyu iki devlet aras\u0131ndaki ili\u015fkilerin evrimini ke\u015ffetmeye davet etmektedir. Eser,Holokost sonras\u0131nda in\u015fa edilen etkile\u015fimden ba\u015flayarak bilahare tesis edilen stratejik i\u015fbirlikleri ile asker\u00ee ve ekonomik ba\u011flara kadar geni\u015f bir yelpazeyi kapsamaktad\u0131r. Almanya ve \u0130srail aras\u0131ndaki g\u00fcncel krizlerin arka plan\u0131n\u0131 anlamak i\u00e7in de \u00f6nemli bir rehber niteli\u011fi ta\u015f\u0131yan eser, diplomasi, uluslararas\u0131 ili\u015fkiler ve tarih merakl\u0131lar\u0131 i\u00e7in ka\u00e7\u0131r\u0131lmamas\u0131 gereken bir ba\u015fvuru kayna\u011f\u0131 olmakla birlikte, ge\u00e7mi\u015fin izlerini s\u00fcrerken bug\u00fcn\u00fcn d\u00fcnyas\u0131nda iki devletin birbirine nas\u0131l ve neden ba\u011fl\u0131 oldu\u011funu da derinlemesine incelemektedir. <\/p>\n","protected":false},"excerpt":{"rendered":"<p>Almanya ve \u0130srail aras\u0131ndaki ili\u015fkiler tarihsel a\u00e7\u0131dan derin ve karma\u015f\u0131k bir ge\u00e7mi\u015fe dayanmaktad\u0131r. \u0130kinci D\u00fcnya Sava\u015f\u0131&#8217;n\u0131n trajik miras\u0131n\u0131n g\u00f6lgesinde g\u00fcn\u00fcm\u00fczde iki devlet aras\u0131nda bilhassa diplomasi, ekonomi<span class=\"excerpt-hellip\"> [\u2026]<\/span><\/p>\n","protected":false},"featured_media":0,"template":"","meta":{"_monsterinsights_skip_tracking":false,"_monsterinsights_sitenote_active":false,"_monsterinsights_sitenote_note":"","_monsterinsights_sitenote_category":0},"product_brand":[],"product_cat":[13590,12337],"product_tag":[],"class_list":{"0":"post-767621","1":"product","2":"type-product","3":"status-publish","5":"product_cat-arastirma-inceleme-politika-siyaset","6":"product_cat-politika-siyaset","7":"pa_cilt-ciltsiz","8":"pa_tur-kitap","9":"pa_yayinevi-yeditepe-yayinevi","10":"pa_yazar-cafer-tayyar-karadag","12":"first","13":"instock","14":"sale","15":"shipping-taxable","16":"purchasable","17":"product-type-simple"},"_links":{"self":[{"href":"https:\/\/roveyayinevi.com.tr\/index.php\/wp-json\/wp\/v2\/product\/767621","targetHints":{"allow":["GET"]}}],"collection":[{"href":"https:\/\/roveyayinevi.com.tr\/index.php\/wp-json\/wp\/v2\/product"}],"about":[{"href":"https:\/\/roveyayinevi.com.tr\/index.php\/wp-json\/wp\/v2\/types\/product"}],"wp:attachment":[{"href":"https:\/\/roveyayinevi.com.tr\/index.php\/wp-json\/wp\/v2\/media?parent=767621"}],"wp:term":[{"taxonomy":"product_brand","embeddable":true,"href":"https:\/\/roveyayinevi.com.tr\/index.php\/wp-json\/wp\/v2\/product_brand?post=767621"},{"taxonomy":"product_cat","embeddable":true,"href":"https:\/\/roveyayinevi.com.tr\/index.php\/wp-json\/wp\/v2\/product_cat?post=767621"},{"taxonomy":"product_tag","embeddable":true,"href":"https:\/\/roveyayinevi.com.tr\/index.php\/wp-json\/wp\/v2\/product_tag?post=767621"}],"curies":[{"name":"wp","href":"https:\/\/api.w.org\/{rel}","templated":true}]}}