{"id":767620,"date":"2025-08-28T12:53:04","date_gmt":"2025-08-28T09:53:04","guid":{"rendered":"https:\/\/roveyayinevi.com.tr\/index.php\/urun\/depremler-orta-cag-islam-dunyasinda\/"},"modified":"2026-04-15T03:33:28","modified_gmt":"2026-04-15T00:33:28","slug":"depremler-orta-cag-islam-dunyasinda","status":"publish","type":"product","link":"https:\/\/roveyayinevi.com.tr\/index.php\/urun\/depremler-orta-cag-islam-dunyasinda\/","title":{"rendered":"Depremler &#8211; Orta \u00c7a\u011f \u0130slam D\u00fcnyas\u0131nda"},"content":{"rendered":"<p>Deprem D\u00fcnya\u2019n\u0131n yarad\u0131l\u0131\u015f\u0131ndan bu yana insanl\u0131k tarihinin en b\u00fcy\u00fck karabasanlar\u0131ndan biri olmu\u015ftur. \u00d6yle ki maddi ve manevi anlamda sebebiyet verdi\u011fi zarar\u0131n yan\u0131nda kimi zaman da tarihin ak\u0131\u015f\u0131 \u00fczerinde tesirler meydana getirebilmi\u015ftir.  \u00d6te yandan insano\u011flunun depremler dolay\u0131s\u0131yla ya\u015fad\u0131\u011f\u0131 deh\u015fet, panik ve bunlar\u0131n pe\u015fi s\u0131ra gelen psikolojik \u00e7\u00f6k\u00fcnt\u00fc ge\u00e7mi\u015ften g\u00fcn\u00fcm\u00fcze hi\u00e7 de\u011fi\u015fmemi\u015ftir. \u00c7al\u0131\u015fma i\u00e7erisinde aktar\u0131lan kaynaklar\u0131n ifadelerinden de anla\u015f\u0131laca\u011f\u0131 \u00fczere bu t\u00fcrden duygular, b\u00f6yle felaketler kar\u015f\u0131s\u0131nda insano\u011flunun mak\u00fbs kaderi olmu\u015ftur.  Elimizdeki bu kitap Orta \u00c7a\u011f \u0130slam D\u00fcnyas\u0131\u2019n\u0131n 622-1258 y\u0131llar\u0131 aras\u0131nda End\u00fcl\u00fcs\u2019ten, Mavera\u00fcnnehir\u2019e, Yemen\u2019den Anadolu\u2019ya uzanan co\u011frafyas\u0131ndaki depremlerin olu\u015f \u015fekillerini, kaynaklarda bunlar hakk\u0131nda yer alan bilgileri ve s\u00f6z konusu felaketlerin de\u011ferlendirmelerini i\u00e7ermektedir.  <\/p>\n","protected":false},"excerpt":{"rendered":"<p>Deprem D\u00fcnya\u2019n\u0131n yarad\u0131l\u0131\u015f\u0131ndan bu yana insanl\u0131k tarihinin en b\u00fcy\u00fck karabasanlar\u0131ndan biri olmu\u015ftur. \u00d6yle ki maddi ve manevi anlamda sebebiyet verdi\u011fi zarar\u0131n yan\u0131nda kimi zaman da tarihin<span class=\"excerpt-hellip\"> [\u2026]<\/span><\/p>\n","protected":false},"featured_media":0,"template":"","meta":{"_monsterinsights_skip_tracking":false,"_monsterinsights_sitenote_active":false,"_monsterinsights_sitenote_note":"","_monsterinsights_sitenote_category":0},"product_brand":[],"product_cat":[13036,12718,12719],"product_tag":[],"class_list":{"0":"post-767620","1":"product","2":"type-product","3":"status-publish","5":"product_cat-arastirma-inceleme-islam","6":"product_cat-din","7":"product_cat-islam","8":"pa_cilt-ciltsiz","9":"pa_tur-kitap","10":"pa_yayinevi-yeditepe-yayinevi","11":"pa_yazar-aydin-usta","13":"first","14":"instock","15":"sale","16":"shipping-taxable","17":"purchasable","18":"product-type-simple"},"_links":{"self":[{"href":"https:\/\/roveyayinevi.com.tr\/index.php\/wp-json\/wp\/v2\/product\/767620","targetHints":{"allow":["GET"]}}],"collection":[{"href":"https:\/\/roveyayinevi.com.tr\/index.php\/wp-json\/wp\/v2\/product"}],"about":[{"href":"https:\/\/roveyayinevi.com.tr\/index.php\/wp-json\/wp\/v2\/types\/product"}],"wp:attachment":[{"href":"https:\/\/roveyayinevi.com.tr\/index.php\/wp-json\/wp\/v2\/media?parent=767620"}],"wp:term":[{"taxonomy":"product_brand","embeddable":true,"href":"https:\/\/roveyayinevi.com.tr\/index.php\/wp-json\/wp\/v2\/product_brand?post=767620"},{"taxonomy":"product_cat","embeddable":true,"href":"https:\/\/roveyayinevi.com.tr\/index.php\/wp-json\/wp\/v2\/product_cat?post=767620"},{"taxonomy":"product_tag","embeddable":true,"href":"https:\/\/roveyayinevi.com.tr\/index.php\/wp-json\/wp\/v2\/product_tag?post=767620"}],"curies":[{"name":"wp","href":"https:\/\/api.w.org\/{rel}","templated":true}]}}