{"id":767618,"date":"2025-08-28T12:52:59","date_gmt":"2025-08-28T09:52:59","guid":{"rendered":"https:\/\/roveyayinevi.com.tr\/index.php\/urun\/dalgalarin-goturdugu\/"},"modified":"2026-04-15T03:33:28","modified_gmt":"2026-04-15T00:33:28","slug":"dalgalarin-goturdugu","status":"publish","type":"product","link":"https:\/\/roveyayinevi.com.tr\/index.php\/urun\/dalgalarin-goturdugu\/","title":{"rendered":"Dalgalar\u0131n G\u00f6t\u00fcrd\u00fc\u011f\u00fc"},"content":{"rendered":"<p>&#8220;D\u00fcnya bedenimi istiyordu. Hen\u00fcz solup sararmadan, derim bir samank\u00e2\u011f\u0131d\u0131 gibi buru\u015fmadan, g\u00f6zlerimin beyaz\u0131 beyaz, siyah\u0131 siyahken \u00e7a\u011f\u0131r\u0131yordu. Bana canl\u0131l\u0131\u011f\u0131 vaat ediyordu. S\u0131cac\u0131k \u00f6\u011fle\u00fcst\u00fc g\u00fcne\u015fi tenimi \u0131s\u0131tacak, serin \u00f6\u011fle g\u00f6lgelerinin i\u00e7inden \u0131l\u0131k gece ayazlar\u0131na kadar i\u00e7ti\u011fim \u015farap y\u00fcre\u011fimi yumu\u015fatacakt\u0131. D\u00fcnya olacakt\u0131m.&#8221;   Fatih Da\u011fdelen ilk kitab\u0131 Dalgalar\u0131n G\u00f6t\u00fcrd\u00fc\u011f\u00fc\u2019nde \u00f6l\u00fcm korkusuyla ya\u015fama korkusu aras\u0131nda sal\u0131n\u0131p giden hayatlar\u0131n foto\u011fraf\u0131n\u0131 \u00e7ekiyor. Hareketin, kaosun, tak\u0131nt\u0131n\u0131n, \u00e7ocuklu\u011fun, hat\u0131rlaman\u0131n ve unutman\u0131n, kad\u0131n-erkek ili\u015fkilerinin oda\u011f\u0131nda kurulan \u00f6yk\u00fcler bazen do\u011frudan bazen de gizemle \u00f6r\u00fcl\u00fcyor. Dalgalar\u0131n G\u00f6t\u00fcrd\u00fc\u011f\u00fc o yerde kalanlardan m\u0131 yoksa oray\u0131 terk edenlerden misiniz?<\/p>\n","protected":false},"excerpt":{"rendered":"<p>&#8220;D\u00fcnya bedenimi istiyordu. Hen\u00fcz solup sararmadan, derim bir samank\u00e2\u011f\u0131d\u0131 gibi buru\u015fmadan, g\u00f6zlerimin beyaz\u0131 beyaz, siyah\u0131 siyahken \u00e7a\u011f\u0131r\u0131yordu. Bana canl\u0131l\u0131\u011f\u0131 vaat ediyordu. S\u0131cac\u0131k \u00f6\u011fle\u00fcst\u00fc g\u00fcne\u015fi tenimi \u0131s\u0131tacak,<span class=\"excerpt-hellip\"> [\u2026]<\/span><\/p>\n","protected":false},"featured_media":0,"template":"","meta":{"_monsterinsights_skip_tracking":false,"_monsterinsights_sitenote_active":false,"_monsterinsights_sitenote_note":"","_monsterinsights_sitenote_category":0},"product_brand":[],"product_cat":[12291,18202],"product_tag":[],"class_list":{"0":"post-767618","1":"product","2":"type-product","3":"status-publish","5":"product_cat-edebiyat","6":"product_cat-hikaye","7":"pa_cilt-ciltsiz","8":"pa_tur-kitap","9":"pa_yayinevi-bilgi-yayinevi","10":"pa_yazar-fatih-dagdelen","12":"first","13":"instock","14":"sale","15":"shipping-taxable","16":"purchasable","17":"product-type-simple"},"_links":{"self":[{"href":"https:\/\/roveyayinevi.com.tr\/index.php\/wp-json\/wp\/v2\/product\/767618","targetHints":{"allow":["GET"]}}],"collection":[{"href":"https:\/\/roveyayinevi.com.tr\/index.php\/wp-json\/wp\/v2\/product"}],"about":[{"href":"https:\/\/roveyayinevi.com.tr\/index.php\/wp-json\/wp\/v2\/types\/product"}],"wp:attachment":[{"href":"https:\/\/roveyayinevi.com.tr\/index.php\/wp-json\/wp\/v2\/media?parent=767618"}],"wp:term":[{"taxonomy":"product_brand","embeddable":true,"href":"https:\/\/roveyayinevi.com.tr\/index.php\/wp-json\/wp\/v2\/product_brand?post=767618"},{"taxonomy":"product_cat","embeddable":true,"href":"https:\/\/roveyayinevi.com.tr\/index.php\/wp-json\/wp\/v2\/product_cat?post=767618"},{"taxonomy":"product_tag","embeddable":true,"href":"https:\/\/roveyayinevi.com.tr\/index.php\/wp-json\/wp\/v2\/product_tag?post=767618"}],"curies":[{"name":"wp","href":"https:\/\/api.w.org\/{rel}","templated":true}]}}