{"id":767617,"date":"2025-08-28T12:52:57","date_gmt":"2025-08-28T09:52:57","guid":{"rendered":"https:\/\/roveyayinevi.com.tr\/index.php\/urun\/siirin-vakti\/"},"modified":"2026-04-15T03:33:28","modified_gmt":"2026-04-15T00:33:28","slug":"siirin-vakti","status":"publish","type":"product","link":"https:\/\/roveyayinevi.com.tr\/index.php\/urun\/siirin-vakti\/","title":{"rendered":"\u015eiirin Vakti"},"content":{"rendered":"<p>&#8220;g\u00fcn yan\u0131yorsa i\u00e7in i\u00e7in        i\u015f\u00e7iler sessiz sedas\u0131z \u00f6l\u00fcyorsa        toprak alt\u0131nda kanl\u0131 bir ikindi        ye\u015fil \u00e7a\u011flam g\u00f6k ekinim        \u015fiirin vaktidir art\u0131k        y\u00fcr\u00fc dizelerin \u0131\u015f\u0131\u011f\u0131nda \u015fimdi&#8221;   \u00d6d\u00fcll\u00fc \u015fair Hidayet Karaku\u015f, bu yeni \u015fiir kitab\u0131nda da okurlar\u0131na hayat\u0131m\u0131z\u0131n ger\u00e7eklerine ve \u00e7eli\u015fkilerine tan\u0131kl\u0131k eden \u00e7arp\u0131c\u0131 dizeleriyle sesleniyor.<\/p>\n","protected":false},"excerpt":{"rendered":"<p>&#8220;g\u00fcn yan\u0131yorsa i\u00e7in i\u00e7in i\u015f\u00e7iler sessiz sedas\u0131z \u00f6l\u00fcyorsa toprak alt\u0131nda kanl\u0131 bir ikindi ye\u015fil \u00e7a\u011flam g\u00f6k ekinim \u015fiirin vaktidir art\u0131k y\u00fcr\u00fc dizelerin \u0131\u015f\u0131\u011f\u0131nda \u015fimdi&#8221; \u00d6d\u00fcll\u00fc \u015fair<span class=\"excerpt-hellip\"> [\u2026]<\/span><\/p>\n","protected":false},"featured_media":0,"template":"","meta":{"_monsterinsights_skip_tracking":false,"_monsterinsights_sitenote_active":false,"_monsterinsights_sitenote_note":"","_monsterinsights_sitenote_category":0},"product_brand":[],"product_cat":[12291,12509],"product_tag":[],"class_list":{"0":"post-767617","1":"product","2":"type-product","3":"status-publish","5":"product_cat-edebiyat","6":"product_cat-siir","7":"pa_cilt-ciltsiz","8":"pa_tur-kitap","9":"pa_yayinevi-bilgi-yayinevi","10":"pa_yazar-hidayet-karakus","12":"first","13":"instock","14":"sale","15":"shipping-taxable","16":"purchasable","17":"product-type-simple"},"_links":{"self":[{"href":"https:\/\/roveyayinevi.com.tr\/index.php\/wp-json\/wp\/v2\/product\/767617","targetHints":{"allow":["GET"]}}],"collection":[{"href":"https:\/\/roveyayinevi.com.tr\/index.php\/wp-json\/wp\/v2\/product"}],"about":[{"href":"https:\/\/roveyayinevi.com.tr\/index.php\/wp-json\/wp\/v2\/types\/product"}],"wp:attachment":[{"href":"https:\/\/roveyayinevi.com.tr\/index.php\/wp-json\/wp\/v2\/media?parent=767617"}],"wp:term":[{"taxonomy":"product_brand","embeddable":true,"href":"https:\/\/roveyayinevi.com.tr\/index.php\/wp-json\/wp\/v2\/product_brand?post=767617"},{"taxonomy":"product_cat","embeddable":true,"href":"https:\/\/roveyayinevi.com.tr\/index.php\/wp-json\/wp\/v2\/product_cat?post=767617"},{"taxonomy":"product_tag","embeddable":true,"href":"https:\/\/roveyayinevi.com.tr\/index.php\/wp-json\/wp\/v2\/product_tag?post=767617"}],"curies":[{"name":"wp","href":"https:\/\/api.w.org\/{rel}","templated":true}]}}