{"id":767615,"date":"2025-08-28T12:52:53","date_gmt":"2025-08-28T09:52:53","guid":{"rendered":"https:\/\/roveyayinevi.com.tr\/index.php\/urun\/50-yalanla-kisa-dunya-tarihi\/"},"modified":"2026-04-15T03:33:28","modified_gmt":"2026-04-15T00:33:28","slug":"50-yalanla-kisa-dunya-tarihi","status":"publish","type":"product","link":"https:\/\/roveyayinevi.com.tr\/index.php\/urun\/50-yalanla-kisa-dunya-tarihi\/","title":{"rendered":"50 Yalanla K\u0131sa D\u00fcnya Tarihi"},"content":{"rendered":"<p>Natasha Tidd, 50 Yalanla K\u0131sa D\u00fcnya Tarihi adl\u0131 eserinde, J\u00fcl Sezar\u2019\u0131n \u00f6zenle haz\u0131rlanm\u0131\u015f politik imaj\u0131ndan \u00c7ernobil felaketinin \u00f6rtbas edilmesine kadar tarihin en b\u00fcy\u00fck aldatmacalar\u0131n\u0131 g\u00f6zler \u00f6n\u00fcne seriyor. Yazar bu kitapta aldatmacan\u0131n gizli g\u00fcc\u00fcn\u00fc ve yalan\u0131n tehlikeli cazibesini ortaya koyarak ger\u00e7e\u011fin kurgudan daha tuhaf ve \u00e7ok daha tehlikeli olabilece\u011fini kan\u0131tl\u0131yor. Bu yolculukta siz de \u201cKonstantin Ba\u011f\u0131\u015f\u0131\u201d ve \u201cSiyon Protokolleri\u201d gibi sahte belgelerin y\u00fczy\u0131llar boyunca nas\u0131l \u00e7at\u0131\u015fmalara ve bask\u0131lara zemin haz\u0131rlad\u0131\u011f\u0131n\u0131, \u0130ngilizlerin Boer Sava\u015f\u0131\u2019ndaki toplama kamplar\u0131n\u0131n karanl\u0131k y\u00fcz\u00fcn\u00fc, Ukrayna\u2019daki b\u00fcy\u00fck k\u0131tl\u0131\u011f\u0131 g\u00f6rmezden gelen Pulitzer \u00f6d\u00fcll\u00fc yan\u0131lt\u0131c\u0131 gazetecili\u011fi ve Dreyfus Olay\u0131\u2019ndaki siyasi komplolar\u0131n perde arkas\u0131n\u0131 ke\u015ffedeceksiniz. Tarihsel anlat\u0131lar\u0131n, \u0130spanyol Engizisyonu gibi \u00f6rneklerde kurguyu ger\u00e7e\u011fe d\u00f6n\u00fc\u015ft\u00fcrerek ge\u00e7mi\u015fe dair anlay\u0131\u015f\u0131m\u0131z\u0131 nas\u0131l \u015fekillendirdi\u011fini g\u00f6recek, Tuskegee Deneyi\u2019nin trajik sonu\u00e7lar\u0131 gibi, tarihteki aldatmacalar\u0131n kal\u0131c\u0131 etkilerine tan\u0131k olacaks\u0131n\u0131z. Ve tek bir yalanla hayat\u0131 sonsuza dek de\u011fi\u015fen ve tarihin en ac\u0131mas\u0131z korsanlar\u0131ndan biri h\u00e2line gelen Jeanne de Clisson gibi s\u0131ra d\u0131\u015f\u0131 fig\u00fcrlerle tan\u0131\u015facaks\u0131n\u0131z. Haydi, tarihin s\u0131r perdesini aralay\u0131p yalanlar\u0131n d\u00fcnyas\u0131n\u0131 ke\u015ffe \u00e7\u0131kal\u0131m\u2026 <\/p>\n","protected":false},"excerpt":{"rendered":"<p>Natasha Tidd, 50 Yalanla K\u0131sa D\u00fcnya Tarihi adl\u0131 eserinde, J\u00fcl Sezar\u2019\u0131n \u00f6zenle haz\u0131rlanm\u0131\u015f politik imaj\u0131ndan \u00c7ernobil felaketinin \u00f6rtbas edilmesine kadar tarihin en b\u00fcy\u00fck aldatmacalar\u0131n\u0131 g\u00f6zler \u00f6n\u00fcne<span class=\"excerpt-hellip\"> [\u2026]<\/span><\/p>\n","protected":false},"featured_media":0,"template":"","meta":{"_monsterinsights_skip_tracking":false,"_monsterinsights_sitenote_active":false,"_monsterinsights_sitenote_note":"","_monsterinsights_sitenote_category":0},"product_brand":[],"product_cat":[12305,12304],"product_tag":[],"class_list":{"0":"post-767615","1":"product","2":"type-product","3":"status-publish","5":"product_cat-dunya-tarihi","6":"product_cat-tarih","7":"pa_cilt-ciltsiz","8":"pa_tur-kitap","9":"pa_yayinevi-orenda","10":"pa_yazar-natasha-tidd","12":"first","13":"instock","14":"sale","15":"shipping-taxable","16":"purchasable","17":"product-type-simple"},"_links":{"self":[{"href":"https:\/\/roveyayinevi.com.tr\/index.php\/wp-json\/wp\/v2\/product\/767615","targetHints":{"allow":["GET"]}}],"collection":[{"href":"https:\/\/roveyayinevi.com.tr\/index.php\/wp-json\/wp\/v2\/product"}],"about":[{"href":"https:\/\/roveyayinevi.com.tr\/index.php\/wp-json\/wp\/v2\/types\/product"}],"wp:attachment":[{"href":"https:\/\/roveyayinevi.com.tr\/index.php\/wp-json\/wp\/v2\/media?parent=767615"}],"wp:term":[{"taxonomy":"product_brand","embeddable":true,"href":"https:\/\/roveyayinevi.com.tr\/index.php\/wp-json\/wp\/v2\/product_brand?post=767615"},{"taxonomy":"product_cat","embeddable":true,"href":"https:\/\/roveyayinevi.com.tr\/index.php\/wp-json\/wp\/v2\/product_cat?post=767615"},{"taxonomy":"product_tag","embeddable":true,"href":"https:\/\/roveyayinevi.com.tr\/index.php\/wp-json\/wp\/v2\/product_tag?post=767615"}],"curies":[{"name":"wp","href":"https:\/\/api.w.org\/{rel}","templated":true}]}}