{"id":767613,"date":"2025-08-28T12:52:49","date_gmt":"2025-08-28T09:52:49","guid":{"rendered":"https:\/\/roveyayinevi.com.tr\/index.php\/urun\/aynalardan\/"},"modified":"2026-01-30T04:03:52","modified_gmt":"2026-01-30T01:03:52","slug":"aynalardan","status":"publish","type":"product","link":"https:\/\/roveyayinevi.com.tr\/index.php\/urun\/aynalardan\/","title":{"rendered":"Aynalardan"},"content":{"rendered":"<p>Sevgili okurlar,             Elinizde tutmakta oldu\u011funuz bu kitapta yazar\u0131m\u0131z siz de\u011ferli okuyucular\u0131na, biri uzun olmak \u00fczere, \u00fc\u00e7 hik\u00e2ye, en son yazm\u0131\u015f oldu\u011fu \u015fiirleri ve akrosti\u015f \u201cEsma \u00fcl H\u00fcsna\u201d \u015fiirleri ile sesleniyor.             Uzun hikayemiz Annem Olsayd\u0131; s\u0131cak,duygusal, sizin ruhunuzu ,tabiri caizse alabora edecek, \u201cVay be!\u201d dedirtecek bir eser.             \u0130kinci hik\u00e2ye Halka Tatl\u0131s\u0131; k\u00fc\u00e7\u00fck, masum bir \u00e7ocu\u011fun ba\u015f\u0131ndan ge\u00e7enleri anlatan dramatik bir \u00f6yk\u00fc. \u00dc\u00e7\u00fcnc\u00fc hikayemiz Ma\u015fuk&#8217;un A\u015fk\u0131. Kahraman\u0131m\u0131z Ma\u015fuk, kimlere a\u015f\u0131k olmu\u015f ve a\u015fk\u0131n\u0131 nas\u0131l ya\u015fam\u0131\u015f? Okuyunca g\u00f6rece\u011fiz. \u015eiirlerimiz: Kalbim ve Ben, Severim Sonbahar\u0131, Su \u00c7\u0131kt\u0131 G\u00fczellemesi             Son b\u00f6l\u00fcmde akrosti\u015f olarak yaz\u0131lm\u0131\u015f Esma \u00fcl H\u00fcsna \u015fiirleri var. \u015eairimiz Allah&#8217;\u0131n 99 g\u00fczel isminin her birine -T\u00fcrk edebiyat\u0131nda bir ilk olmak \u00fczere- doksan dokuz, g\u00fczel, akrosti\u015f \u015fiir yazm\u0131\u015f. Ancak \u015fairimizin ifadesine g\u00f6re buradaki amac\u0131 \u201cEsma \u00fcl H\u00fcsna\u201dy\u0131 a\u00e7\u0131klamak de\u011fil, onlardan bir esinti ve bir rahmet ile okuyucunun ruhunda g\u00fczel duygular olu\u015fturmak imi\u015f.             Sayg\u0131lar\u0131m\u0131zla! B\u00fct\u00fcn okuyucular\u0131m\u0131za iyi okumalar diliyoruz.<\/p>\n","protected":false},"excerpt":{"rendered":"<p>Sevgili okurlar, Elinizde tutmakta oldu\u011funuz bu kitapta yazar\u0131m\u0131z siz de\u011ferli okuyucular\u0131na, biri uzun olmak \u00fczere, \u00fc\u00e7 hik\u00e2ye, en son yazm\u0131\u015f oldu\u011fu \u015fiirleri ve akrosti\u015f \u201cEsma \u00fcl<span class=\"excerpt-hellip\"> [\u2026]<\/span><\/p>\n","protected":false},"featured_media":0,"template":"","meta":{"_monsterinsights_skip_tracking":false,"_monsterinsights_sitenote_active":false,"_monsterinsights_sitenote_note":"","_monsterinsights_sitenote_category":0},"product_brand":[],"product_cat":[12291,18202],"product_tag":[],"class_list":{"0":"post-767613","1":"product","2":"type-product","3":"status-publish","5":"product_cat-edebiyat","6":"product_cat-hikaye","7":"pa_cilt-ciltsiz","8":"pa_tur-kitap","9":"pa_yayinevi-vova-yayinlari","10":"pa_yazar-huseyin-bulus","12":"first","13":"instock","14":"sale","15":"shipping-taxable","16":"purchasable","17":"product-type-simple"},"_links":{"self":[{"href":"https:\/\/roveyayinevi.com.tr\/index.php\/wp-json\/wp\/v2\/product\/767613","targetHints":{"allow":["GET"]}}],"collection":[{"href":"https:\/\/roveyayinevi.com.tr\/index.php\/wp-json\/wp\/v2\/product"}],"about":[{"href":"https:\/\/roveyayinevi.com.tr\/index.php\/wp-json\/wp\/v2\/types\/product"}],"wp:attachment":[{"href":"https:\/\/roveyayinevi.com.tr\/index.php\/wp-json\/wp\/v2\/media?parent=767613"}],"wp:term":[{"taxonomy":"product_brand","embeddable":true,"href":"https:\/\/roveyayinevi.com.tr\/index.php\/wp-json\/wp\/v2\/product_brand?post=767613"},{"taxonomy":"product_cat","embeddable":true,"href":"https:\/\/roveyayinevi.com.tr\/index.php\/wp-json\/wp\/v2\/product_cat?post=767613"},{"taxonomy":"product_tag","embeddable":true,"href":"https:\/\/roveyayinevi.com.tr\/index.php\/wp-json\/wp\/v2\/product_tag?post=767613"}],"curies":[{"name":"wp","href":"https:\/\/api.w.org\/{rel}","templated":true}]}}