{"id":767612,"date":"2025-08-28T12:52:47","date_gmt":"2025-08-28T09:52:47","guid":{"rendered":"https:\/\/roveyayinevi.com.tr\/index.php\/urun\/dorduncu-cemre\/"},"modified":"2026-01-30T04:03:52","modified_gmt":"2026-01-30T01:03:52","slug":"dorduncu-cemre","status":"publish","type":"product","link":"https:\/\/roveyayinevi.com.tr\/index.php\/urun\/dorduncu-cemre\/","title":{"rendered":"D\u00f6rd\u00fcnc\u00fc Cemre"},"content":{"rendered":"<p>Yirmi y\u0131l\u0131 a\u015fk\u0131n s\u00fcredir Terme Bilgi Gazetesi&#8217;nde \u201cD\u00f6rd\u00fcnc\u00fc Cemre\u201d adl\u0131 k\u00f6\u015femde, deneme-hat\u0131ra-seyahat-sohbet-f\u0131kra tarz\u0131nda yaz\u0131lar kaleme al\u0131yorum. Yaz\u0131lar\u0131m sayesinde geni\u015f bir dost ve okuyucu \u00e7evresine sahip oldum. Okuyucular\u0131m, haliyle dostlar\u0131m uzun zamand\u0131r yaz\u0131lar\u0131m\u0131 kitap haline getirmem hususunda \u0131srarc\u0131 oldular. Bu g\u00f6n\u00fclden \u0131srarlara daha fazla kay\u0131ts\u0131z kalamazd\u0131m. Madem b\u00f6yle bir talep var de\u011ferlendirmeliydim diye d\u00fc\u015f\u00fcnd\u00fcm. Yaz\u0131lar\u0131m\u0131n gazete ve dergi sayfalar\u0131nda kaybolup gitmesine g\u00f6nl\u00fcm raz\u0131 olmad\u0131. Benden sonraki nesle sadaka-i cariye kabilinden bir miras b\u0131rakmak istedim. Hat\u0131rda kalmaz sat\u0131rda kal\u0131r. Yaz\u0131lar\u0131m\u0131n kitap haline gelmesi \u015fahs\u0131m\u0131 ziyadesiyle mesrur ve memnun etti. Y\u0131llar ge\u00e7se de yaz\u0131lar\u0131m\u0131n de\u011ferinden bir \u015fey kaybetmedi\u011fini g\u00f6rd\u00fcm. Burada muhtelif konularda kaleme al\u0131nm\u0131\u015f \u00f6zg\u00fcn yaz\u0131lar g\u00f6receksiniz. M\u00fcmk\u00fcn oldu\u011funca anla\u015f\u0131l\u0131r ve ak\u0131c\u0131 bir dil kullanmaya gayret ettim. Yerel \u00f6zellikte yaz\u0131lar oldu\u011fu gibi genel \u00f6zellikte yaz\u0131lar da mevcut. Yazar olman\u0131n yolu yazmaktan ge\u00e7er. Ben de yazarak kendimi geli\u015ftirme gayretinde oldum. Kitab\u0131ma k\u00f6\u015femden m\u00fclhem \u201cD\u00d6RD\u00dcNC\u00dc CEMRE\u201d ad\u0131n\u0131 vermeyi uygun g\u00f6rd\u00fcm. \u0130stedim ki havaya, karaya ve suya d\u00fc\u015fen cemrelerden sonra d\u00f6rd\u00fcnc\u00fc cemre de siz okuyucular\u0131m\u0131n, dostlar\u0131m\u0131n g\u00f6nl\u00fcne d\u00fc\u015fs\u00fcn. Cemre s\u0131cakl\u0131\u011f\u0131 dalga dalga yay\u0131ls\u0131n.<\/p>\n","protected":false},"excerpt":{"rendered":"<p>Yirmi y\u0131l\u0131 a\u015fk\u0131n s\u00fcredir Terme Bilgi Gazetesi&#8217;nde \u201cD\u00f6rd\u00fcnc\u00fc Cemre\u201d adl\u0131 k\u00f6\u015femde, deneme-hat\u0131ra-seyahat-sohbet-f\u0131kra tarz\u0131nda yaz\u0131lar kaleme al\u0131yorum. Yaz\u0131lar\u0131m sayesinde geni\u015f bir dost ve okuyucu \u00e7evresine sahip oldum.<span class=\"excerpt-hellip\"> [\u2026]<\/span><\/p>\n","protected":false},"featured_media":0,"template":"","meta":{"_monsterinsights_skip_tracking":false,"_monsterinsights_sitenote_active":false,"_monsterinsights_sitenote_note":"","_monsterinsights_sitenote_category":0},"product_brand":[],"product_cat":[12291,104362],"product_tag":[],"class_list":{"0":"post-767612","1":"product","2":"type-product","3":"status-publish","5":"product_cat-edebiyat","6":"product_cat-makale","7":"pa_cilt-ciltsiz","8":"pa_tur-kitap","9":"pa_yayinevi-vova-yayinlari","10":"pa_yazar-selim-eroglu","12":"first","13":"instock","14":"sale","15":"shipping-taxable","16":"purchasable","17":"product-type-simple"},"_links":{"self":[{"href":"https:\/\/roveyayinevi.com.tr\/index.php\/wp-json\/wp\/v2\/product\/767612","targetHints":{"allow":["GET"]}}],"collection":[{"href":"https:\/\/roveyayinevi.com.tr\/index.php\/wp-json\/wp\/v2\/product"}],"about":[{"href":"https:\/\/roveyayinevi.com.tr\/index.php\/wp-json\/wp\/v2\/types\/product"}],"wp:attachment":[{"href":"https:\/\/roveyayinevi.com.tr\/index.php\/wp-json\/wp\/v2\/media?parent=767612"}],"wp:term":[{"taxonomy":"product_brand","embeddable":true,"href":"https:\/\/roveyayinevi.com.tr\/index.php\/wp-json\/wp\/v2\/product_brand?post=767612"},{"taxonomy":"product_cat","embeddable":true,"href":"https:\/\/roveyayinevi.com.tr\/index.php\/wp-json\/wp\/v2\/product_cat?post=767612"},{"taxonomy":"product_tag","embeddable":true,"href":"https:\/\/roveyayinevi.com.tr\/index.php\/wp-json\/wp\/v2\/product_tag?post=767612"}],"curies":[{"name":"wp","href":"https:\/\/api.w.org\/{rel}","templated":true}]}}