{"id":767608,"date":"2025-08-28T12:52:42","date_gmt":"2025-08-28T09:52:42","guid":{"rendered":"https:\/\/roveyayinevi.com.tr\/index.php\/urun\/korku-alternatif-dunya-tarihi\/"},"modified":"2026-04-15T03:33:28","modified_gmt":"2026-04-15T00:33:28","slug":"korku-alternatif-dunya-tarihi","status":"publish","type":"product","link":"https:\/\/roveyayinevi.com.tr\/index.php\/urun\/korku-alternatif-dunya-tarihi\/","title":{"rendered":"Korku: Alternatif D\u00fcnya Tarihi"},"content":{"rendered":"<p>Korku, engeller koyarken bile yeni olas\u0131l\u0131klar do\u011furur ve her \u015feyi de\u011fi\u015ftirebilir. \u201cHanedanlar y\u00fckselir ve d\u00fc\u015fer; dinler yarat\u0131l\u0131r, reforme edilir ve par\u00e7alan\u0131r; modern devletler do\u011far; piyasalar k\u00e2rl\u0131 d\u00f6nemlerden ge\u00e7er ve \u00e7\u00f6ker; d\u00fcnya tekrar tekrar \u015fekillenir ve bunlar\u0131n hepsi k\u0131smen korku ve onun bir uzant\u0131s\u0131 olan panikten kaynaklan\u0131r. Yine de \u00e7o\u011fu tarih kitab\u0131n\u0131n dizininde \u2018korku\u2019 kelimesini bulaca\u011f\u0131n\u0131z \u015f\u00fcphelidir. Bir filmdeki arka plan g\u00fcr\u00fclt\u00fcs\u00fc gibi atmosferin bir par\u00e7as\u0131d\u0131r. Teferruat gibi g\u00f6r\u00fcn\u00fcr, ger\u00e7ek hayat\u0131n neredeyse duyulmayan m\u00fczi\u011fidir&#8230;\u201d Oysaki de\u011fi\u015fimin en itici g\u00fc\u00e7lerinden biri korkudur. K\u0131tl\u0131k, sava\u015f, hastal\u0131k, yoksulluk, tanr\u0131 korkusu ve di\u011fer insanlara duyulan korku&#8230; K\u00fclt\u00fcr tarih\u00e7isi Robert Peckham, Korku: Alternatif D\u00fcnya Tarihi kitab\u0131nda, korkunun tarihi \u015fekillendirme \u00fczerindeki etkisini hem bir g\u00fc\u00e7 arac\u0131 hem de toplumsal de\u011fi\u015fimin kataliz\u00f6r\u00fc olarak ele al\u0131yor ve bir otob\u00fcs dura\u011f\u0131na grafitiyle yaz\u0131lm\u0131\u015f \u00e7aresiz bir \u00e7a\u011fr\u0131 olarak ortaya \u00e7\u0131kt\u0131\u011f\u0131nda bile \u00fcretken bir potansiyeli oldu\u011funu vurguluyor. Korkunun g\u00fcce nas\u0131l hizmet etti\u011fine dair tarihsel fark\u0131ndal\u0131\u011f\u0131n, gelecekte korku taraf\u0131ndan s\u00f6m\u00fcr\u00fclmemize engel olabilece\u011fini s\u00f6yleyen Peckham, korkunun \u00f6n\u00fcm\u00fcze bariyerler koyarken bile yeni olas\u0131l\u0131klar do\u011furabilece\u011fini ve d\u00fcnyay\u0131 de\u011fi\u015ftirmek i\u00e7in onu kullan\u0131labilece\u011fimizi g\u00f6steriyor. D\u00fcnyan\u0131n \u201cg\u00f6lge tarihini\u201d takip eden Peckham, yar\u0131n\u0131 anlayabilmek i\u00e7in 14. y\u00fczy\u0131ldaki Kara Veba\u2019dan ba\u015flayarak Frans\u0131z Devrimi\u2019ne, 19. y\u00fczy\u0131l\u0131n toplumsal hareketlerinden ter\u00f6rizme, ekonomik krizlerden So\u011fuk Sava\u015f paranoyas\u0131na, iklim ve \u00e7evre krizinden pandemiye korku \u00fczerinden alternatif bir d\u00fcnya tarihi anlat\u0131yor.<\/p>\n","protected":false},"excerpt":{"rendered":"<p>Korku, engeller koyarken bile yeni olas\u0131l\u0131klar do\u011furur ve her \u015feyi de\u011fi\u015ftirebilir. \u201cHanedanlar y\u00fckselir ve d\u00fc\u015fer; dinler yarat\u0131l\u0131r, reforme edilir ve par\u00e7alan\u0131r; modern devletler do\u011far; piyasalar k\u00e2rl\u0131<span class=\"excerpt-hellip\"> [\u2026]<\/span><\/p>\n","protected":false},"featured_media":0,"template":"","meta":{"_monsterinsights_skip_tracking":false,"_monsterinsights_sitenote_active":false,"_monsterinsights_sitenote_note":"","_monsterinsights_sitenote_category":0},"product_brand":[],"product_cat":[12370,12304],"product_tag":[],"class_list":{"0":"post-767608","1":"product","2":"type-product","3":"status-publish","5":"product_cat-arastirma-inceleme","6":"product_cat-tarih","7":"pa_cilt-ciltsiz","8":"pa_tur-kitap","9":"pa_yayinevi-literatur-yayinevi","10":"pa_yazar-robert-peckham","12":"first","13":"instock","14":"sale","15":"shipping-taxable","16":"purchasable","17":"product-type-simple"},"_links":{"self":[{"href":"https:\/\/roveyayinevi.com.tr\/index.php\/wp-json\/wp\/v2\/product\/767608","targetHints":{"allow":["GET"]}}],"collection":[{"href":"https:\/\/roveyayinevi.com.tr\/index.php\/wp-json\/wp\/v2\/product"}],"about":[{"href":"https:\/\/roveyayinevi.com.tr\/index.php\/wp-json\/wp\/v2\/types\/product"}],"wp:attachment":[{"href":"https:\/\/roveyayinevi.com.tr\/index.php\/wp-json\/wp\/v2\/media?parent=767608"}],"wp:term":[{"taxonomy":"product_brand","embeddable":true,"href":"https:\/\/roveyayinevi.com.tr\/index.php\/wp-json\/wp\/v2\/product_brand?post=767608"},{"taxonomy":"product_cat","embeddable":true,"href":"https:\/\/roveyayinevi.com.tr\/index.php\/wp-json\/wp\/v2\/product_cat?post=767608"},{"taxonomy":"product_tag","embeddable":true,"href":"https:\/\/roveyayinevi.com.tr\/index.php\/wp-json\/wp\/v2\/product_tag?post=767608"}],"curies":[{"name":"wp","href":"https:\/\/api.w.org\/{rel}","templated":true}]}}