{"id":767606,"date":"2025-08-28T12:52:39","date_gmt":"2025-08-28T09:52:39","guid":{"rendered":"https:\/\/roveyayinevi.com.tr\/index.php\/urun\/euthyphron-kucuk-hippias\/"},"modified":"2026-04-15T03:33:28","modified_gmt":"2026-04-15T00:33:28","slug":"euthyphron-kucuk-hippias","status":"publish","type":"product","link":"https:\/\/roveyayinevi.com.tr\/index.php\/urun\/euthyphron-kucuk-hippias\/","title":{"rendered":"Euthyphron-K\u00fc\u00e7\u00fck Hippias"},"content":{"rendered":"<p>Platon\u2019un k\u00fc\u00e7\u00fck dialoglar\u0131ndan olan Euthyphron\u2019un konusunu, dine ayk\u0131r\u0131 davrand\u0131\u011f\u0131 i\u00e7in mahkemeye verilen Sokrates\u2019le birini \u00f6ld\u00fcrm\u00fc\u015f olan babas\u0131n\u0131, dine uygun oldu\u011fu i\u00e7in mahkemeye vermi\u015f olan Euthyphron aras\u0131nda ge\u00e7en, dindarl\u0131\u011f\u0131n ne oldu\u011funu hakk\u0131ndaki tart\u0131\u015fma olu\u015fturur. K\u00fc\u00e7\u00fck Hippias\u2019da da Sokrates, Hippias\u2019la yalan s\u00f6yleme, aldatma hakk\u0131nda tart\u0131\u015fmaktad\u0131r.<\/p>\n","protected":false},"excerpt":{"rendered":"<p>Platon\u2019un k\u00fc\u00e7\u00fck dialoglar\u0131ndan olan Euthyphron\u2019un konusunu, dine ayk\u0131r\u0131 davrand\u0131\u011f\u0131 i\u00e7in mahkemeye verilen Sokrates\u2019le birini \u00f6ld\u00fcrm\u00fc\u015f olan babas\u0131n\u0131, dine uygun oldu\u011fu i\u00e7in mahkemeye vermi\u015f olan Euthyphron aras\u0131nda<span class=\"excerpt-hellip\"> [\u2026]<\/span><\/p>\n","protected":false},"featured_media":0,"template":"","meta":{"_monsterinsights_skip_tracking":false,"_monsterinsights_sitenote_active":false,"_monsterinsights_sitenote_note":"","_monsterinsights_sitenote_category":0},"product_brand":[],"product_cat":[12388],"product_tag":[],"class_list":{"0":"post-767606","1":"product","2":"type-product","3":"status-publish","5":"product_cat-felsefe","6":"pa_cilt-ciltsiz","7":"pa_tur-kitap","8":"pa_yayinevi-bilgesu-yayincilik","9":"pa_yazar-platon","11":"first","12":"instock","13":"sale","14":"shipping-taxable","15":"purchasable","16":"product-type-simple"},"_links":{"self":[{"href":"https:\/\/roveyayinevi.com.tr\/index.php\/wp-json\/wp\/v2\/product\/767606","targetHints":{"allow":["GET"]}}],"collection":[{"href":"https:\/\/roveyayinevi.com.tr\/index.php\/wp-json\/wp\/v2\/product"}],"about":[{"href":"https:\/\/roveyayinevi.com.tr\/index.php\/wp-json\/wp\/v2\/types\/product"}],"wp:attachment":[{"href":"https:\/\/roveyayinevi.com.tr\/index.php\/wp-json\/wp\/v2\/media?parent=767606"}],"wp:term":[{"taxonomy":"product_brand","embeddable":true,"href":"https:\/\/roveyayinevi.com.tr\/index.php\/wp-json\/wp\/v2\/product_brand?post=767606"},{"taxonomy":"product_cat","embeddable":true,"href":"https:\/\/roveyayinevi.com.tr\/index.php\/wp-json\/wp\/v2\/product_cat?post=767606"},{"taxonomy":"product_tag","embeddable":true,"href":"https:\/\/roveyayinevi.com.tr\/index.php\/wp-json\/wp\/v2\/product_tag?post=767606"}],"curies":[{"name":"wp","href":"https:\/\/api.w.org\/{rel}","templated":true}]}}