{"id":767603,"date":"2025-08-28T12:52:35","date_gmt":"2025-08-28T09:52:35","guid":{"rendered":"https:\/\/roveyayinevi.com.tr\/index.php\/urun\/islam-egemenliginde-hindistan\/"},"modified":"2026-04-15T03:33:28","modified_gmt":"2026-04-15T00:33:28","slug":"islam-egemenliginde-hindistan","status":"publish","type":"product","link":"https:\/\/roveyayinevi.com.tr\/index.php\/urun\/islam-egemenliginde-hindistan\/","title":{"rendered":"\u0130slam Egemenli\u011finde Hindistan"},"content":{"rendered":"<p>Tarih, bir milletin kimli\u011fini \u015fekillendiren en \u00f6nemli unsurlardan biridir. Bu kitap, Orta \u00c7a\u011f Hindistan\u2019\u0131n\u0131n M\u00fcsl\u00fcman y\u00f6netimi alt\u0131nda ge\u00e7en d\u00f6nemini derinlemesine inceliyor. Sultanl\u0131klar\u0131n y\u00fckseli\u015fi ve d\u00fc\u015f\u00fc\u015f\u00fc, k\u00fclt\u00fcrel etkile\u015fimler ve dini \u00e7e\u015fitlilik, d\u00f6nemin dinamiklerini olu\u015fturuyor. Stanley Lane-Poole Osmanl\u0131 \u0130mparatorlu\u011fu\u2019ndan gelen etkilerden, b\u00f6lgedeki \u00e7e\u015fitli hanedanl\u0131klara ve onlar\u0131n sosyal yap\u0131s\u0131na kadar geni\u015f bir perspektif sunuyor. M\u00fcsl\u00fcman y\u00f6netimlerinin sanat, mimari ve bilim \u00fczerindeki katk\u0131lar\u0131n\u0131 g\u00f6zler \u00f6n\u00fcne sererken, ayn\u0131 zamanda Hindistan\u2019\u0131n tarihsel zenginli\u011fine \u0131\u015f\u0131k tutuyor. Tarih merakl\u0131lar\u0131 ve akademisyenler i\u00e7in vazge\u00e7ilmez bir kaynak olan bu eser, ge\u00e7mi\u015fin derinliklerine inerek bug\u00fcn\u00fcn Hindistan\u2019\u0131n\u0131 anlaman\u0131z\u0131 sa\u011flayacak. Ke\u015ffetmeye haz\u0131r olun: Orta \u00c7a\u011f Hindistan\u2019\u0131n\u0131n karma\u015f\u0131k ve b\u00fcy\u00fcleyici d\u00fcnyas\u0131na ad\u0131m at\u0131n! <\/p>\n","protected":false},"excerpt":{"rendered":"<p>Tarih, bir milletin kimli\u011fini \u015fekillendiren en \u00f6nemli unsurlardan biridir. Bu kitap, Orta \u00c7a\u011f Hindistan\u2019\u0131n\u0131n M\u00fcsl\u00fcman y\u00f6netimi alt\u0131nda ge\u00e7en d\u00f6nemini derinlemesine inceliyor. Sultanl\u0131klar\u0131n y\u00fckseli\u015fi ve d\u00fc\u015f\u00fc\u015f\u00fc, k\u00fclt\u00fcrel<span class=\"excerpt-hellip\"> [\u2026]<\/span><\/p>\n","protected":false},"featured_media":0,"template":"","meta":{"_monsterinsights_skip_tracking":false,"_monsterinsights_sitenote_active":false,"_monsterinsights_sitenote_note":"","_monsterinsights_sitenote_category":0},"product_brand":[],"product_cat":[12305,12304],"product_tag":[],"class_list":{"0":"post-767603","1":"product","2":"type-product","3":"status-publish","5":"product_cat-dunya-tarihi","6":"product_cat-tarih","7":"pa_cilt-ciltsiz","8":"pa_tur-kitap","9":"pa_yayinevi-say-yayinlari","10":"pa_yazar-stanley-lane-poole","12":"first","13":"instock","14":"sale","15":"shipping-taxable","16":"purchasable","17":"product-type-simple"},"_links":{"self":[{"href":"https:\/\/roveyayinevi.com.tr\/index.php\/wp-json\/wp\/v2\/product\/767603","targetHints":{"allow":["GET"]}}],"collection":[{"href":"https:\/\/roveyayinevi.com.tr\/index.php\/wp-json\/wp\/v2\/product"}],"about":[{"href":"https:\/\/roveyayinevi.com.tr\/index.php\/wp-json\/wp\/v2\/types\/product"}],"wp:attachment":[{"href":"https:\/\/roveyayinevi.com.tr\/index.php\/wp-json\/wp\/v2\/media?parent=767603"}],"wp:term":[{"taxonomy":"product_brand","embeddable":true,"href":"https:\/\/roveyayinevi.com.tr\/index.php\/wp-json\/wp\/v2\/product_brand?post=767603"},{"taxonomy":"product_cat","embeddable":true,"href":"https:\/\/roveyayinevi.com.tr\/index.php\/wp-json\/wp\/v2\/product_cat?post=767603"},{"taxonomy":"product_tag","embeddable":true,"href":"https:\/\/roveyayinevi.com.tr\/index.php\/wp-json\/wp\/v2\/product_tag?post=767603"}],"curies":[{"name":"wp","href":"https:\/\/api.w.org\/{rel}","templated":true}]}}