{"id":767599,"date":"2025-08-28T12:52:28","date_gmt":"2025-08-28T09:52:28","guid":{"rendered":"https:\/\/roveyayinevi.com.tr\/index.php\/urun\/insan-kaynaklari-yonetiminde-modern-performans-degerlendirme-yontemleri\/"},"modified":"2026-04-15T03:33:28","modified_gmt":"2026-04-15T00:33:28","slug":"insan-kaynaklari-yonetiminde-modern-performans-degerlendirme-yontemleri","status":"publish","type":"product","link":"https:\/\/roveyayinevi.com.tr\/index.php\/urun\/insan-kaynaklari-yonetiminde-modern-performans-degerlendirme-yontemleri\/","title":{"rendered":"\u0130nsan Kaynaklar\u0131 Y\u00f6netiminde Modern Performans De\u011ferlendirme Y\u00f6ntemleri"},"content":{"rendered":"<p>K\u00fcreselle\u015fmenin h\u0131z kazand\u0131\u011f\u0131 ve teknolojik geli\u015fmelerin \u00e7al\u0131\u015fma hayat\u0131n\u0131 d\u00f6n\u00fc\u015ft\u00fcrd\u00fc\u011f\u00fc \u00e7a\u011f\u0131m\u0131zda, i\u015fletmelerin s\u00fcrd\u00fcr\u00fclebilir bir rekabet avantaj\u0131 elde edebilmesi, insan kaynaklar\u0131n\u0131 etkin bir \u015fekilde y\u00f6netebilmesine ba\u011fl\u0131d\u0131r. Performans de\u011ferlendirme ise insan kaynaklar\u0131 y\u00f6netiminin temel unsurlar\u0131ndan birini olu\u015fturmakta olup, i\u015fg\u00f6renlerin i\u015f ba\u015far\u0131lar\u0131n\u0131, katk\u0131lar\u0131n\u0131 ve geli\u015fim alanlar\u0131n\u0131 belirlemeyi ama\u00e7lamaktad\u0131r. Bu s\u00fcre\u00e7 hem bireysel hem de kurumsal performans\u0131 art\u0131rmada kritik bir role sahip olmaktad\u0131r.          D\u00fcnya ticaretinin \u00e7ok b\u00fcy\u00fck bir b\u00f6l\u00fcm\u00fc deniz yoluyla ger\u00e7ekle\u015fmektedir. Bu durum, liman i\u015fletmelerini uluslararas\u0131 ticaretin en \u00f6nemli unsurlar\u0131ndan biri haline getirmi\u015ftir. Limanlar, birer lojistik merkezi olmaktan daha \u00f6te, ulusal ve b\u00f6lgesel kalk\u0131nmaya \u00f6nemli katk\u0131lar sa\u011flayan stratejik i\u015fletmeler konumundad\u0131r. Bu \u00e7er\u00e7evede, liman i\u015fletmelerinde \u00e7al\u0131\u015fan i\u015fg\u00f6renlerin performanslar\u0131n\u0131n do\u011fru ve objektif bir \u015fekilde de\u011ferlendirilmesi hem i\u015fletmelerin operasyonel verimlili\u011fini hem de rekabet g\u00fcc\u00fcn\u00fc art\u0131rmak i\u00e7in hayati \u00f6neme sahiptir.          Bu kitapta, insan kaynaklar\u0131 y\u00f6netiminin bir par\u00e7as\u0131 olarak modern performans de\u011ferlendirme y\u00f6ntemleri ele al\u0131nm\u0131\u015f ve bu y\u00f6ntemlerin liman i\u015fletmeleri i\u015fg\u00f6renlerinin performans de\u011ferlendirmesinde ortaya \u00e7\u0131kard\u0131\u011f\u0131 f\u0131rsatlar ve zorluklar \u00fczerine de\u011ferlendirmelerde bulunulmu\u015ftur. Ayr\u0131ca, performans de\u011ferlendirme s\u00fcre\u00e7lerinin i\u015fg\u00f6ren motivasyonu, organizasyonel hedeflerle uyum ve rekabet avantaj\u0131 \u00fczerindeki etkileri \u00fczerine de de\u011ferlendirmelere yer verilmi\u015ftir. Bu ba\u011flamda, bu kitab\u0131n, performans de\u011ferlendirme uygulay\u0131c\u0131lar\u0131 ve liman i\u015fletmeleri y\u00f6neticileri i\u00e7in bir kaynak te\u015fkil etmesi ama\u00e7lanm\u0131\u015ft\u0131r. <\/p>\n","protected":false},"excerpt":{"rendered":"<p>K\u00fcreselle\u015fmenin h\u0131z kazand\u0131\u011f\u0131 ve teknolojik geli\u015fmelerin \u00e7al\u0131\u015fma hayat\u0131n\u0131 d\u00f6n\u00fc\u015ft\u00fcrd\u00fc\u011f\u00fc \u00e7a\u011f\u0131m\u0131zda, i\u015fletmelerin s\u00fcrd\u00fcr\u00fclebilir bir rekabet avantaj\u0131 elde edebilmesi, insan kaynaklar\u0131n\u0131 etkin bir \u015fekilde y\u00f6netebilmesine ba\u011fl\u0131d\u0131r. Performans de\u011ferlendirme<span class=\"excerpt-hellip\"> [\u2026]<\/span><\/p>\n","protected":false},"featured_media":0,"template":"","meta":{"_monsterinsights_skip_tracking":false,"_monsterinsights_sitenote_active":false,"_monsterinsights_sitenote_note":"","_monsterinsights_sitenote_category":0},"product_brand":[],"product_cat":[13043,14754],"product_tag":[],"class_list":{"0":"post-767599","1":"product","2":"type-product","3":"status-publish","5":"product_cat-ekonomi","6":"product_cat-halkla-iliskiler-insan-kaynaklari","7":"pa_cilt-ciltsiz","8":"pa_tur-kitap","9":"pa_yayinevi-kozmostar","10":"pa_yazar-altug-yenginar","12":"first","13":"instock","14":"sale","15":"shipping-taxable","16":"purchasable","17":"product-type-simple"},"_links":{"self":[{"href":"https:\/\/roveyayinevi.com.tr\/index.php\/wp-json\/wp\/v2\/product\/767599","targetHints":{"allow":["GET"]}}],"collection":[{"href":"https:\/\/roveyayinevi.com.tr\/index.php\/wp-json\/wp\/v2\/product"}],"about":[{"href":"https:\/\/roveyayinevi.com.tr\/index.php\/wp-json\/wp\/v2\/types\/product"}],"wp:attachment":[{"href":"https:\/\/roveyayinevi.com.tr\/index.php\/wp-json\/wp\/v2\/media?parent=767599"}],"wp:term":[{"taxonomy":"product_brand","embeddable":true,"href":"https:\/\/roveyayinevi.com.tr\/index.php\/wp-json\/wp\/v2\/product_brand?post=767599"},{"taxonomy":"product_cat","embeddable":true,"href":"https:\/\/roveyayinevi.com.tr\/index.php\/wp-json\/wp\/v2\/product_cat?post=767599"},{"taxonomy":"product_tag","embeddable":true,"href":"https:\/\/roveyayinevi.com.tr\/index.php\/wp-json\/wp\/v2\/product_tag?post=767599"}],"curies":[{"name":"wp","href":"https:\/\/api.w.org\/{rel}","templated":true}]}}