{"id":767594,"date":"2025-08-28T12:52:16","date_gmt":"2025-08-28T09:52:16","guid":{"rendered":"https:\/\/roveyayinevi.com.tr\/index.php\/urun\/alemdagda-var-bir-yilan-3\/"},"modified":"2026-04-15T03:33:27","modified_gmt":"2026-04-15T00:33:27","slug":"alemdagda-var-bir-yilan-3","status":"publish","type":"product","link":"https:\/\/roveyayinevi.com.tr\/index.php\/urun\/alemdagda-var-bir-yilan-3\/","title":{"rendered":"Alemda\u011f\u2019da Var Bir Y\u0131lan"},"content":{"rendered":"<p>\u201c&#8230; Onun hik\u00e2yelerini okuyup soka\u011fa \u00e7\u0131kt\u0131\u011f\u0131m\u0131z zaman bir evin dam\u0131n\u0131, uzakta u\u00e7an ku\u015fu, yapraklar\u0131n aras\u0131ndan denizi g\u00f6r\u00fcnce birileri arkam\u0131zdan \u2018Hi\u015ft! Hi\u015ft!\u2019 diye seslenecek.\u201d                                                                                       Oktay Rifat   &#8230; \u0130\u015fte hik\u00e2yelerimi nas\u0131l yazd\u0131\u011f\u0131m\u0131 \u015fimdilik merak eden dostum, yar\u0131n incir \u00e7ekirde\u011fini doldurmayacak mevzular\u0131 yazan bir hik\u00e2yecinin iyi bir hik\u00e2yeci olmad\u0131\u011f\u0131n\u0131 yazaca\u011f\u0131na g\u00f6re, bilmem hik\u00e2yem oldu mu? Olmad\u0131ysa ne yapal\u0131m? Bizim hik\u00e2ye anlay\u0131\u015f\u0131m\u0131z da b\u00f6yle efendim.   diyen b\u00fcy\u00fck yazar\u0131n ilk kez 1954\u2019te yay\u0131mlanan \u00f6yk\u00fc kitab\u0131 Alemda\u011f\u2019da Var Bir Y\u0131lan yeniden g\u00f6zden ge\u00e7irilerek yay\u0131na haz\u0131rland\u0131. <\/p>\n","protected":false},"excerpt":{"rendered":"<p>\u201c&#8230; Onun hik\u00e2yelerini okuyup soka\u011fa \u00e7\u0131kt\u0131\u011f\u0131m\u0131z zaman bir evin dam\u0131n\u0131, uzakta u\u00e7an ku\u015fu, yapraklar\u0131n aras\u0131ndan denizi g\u00f6r\u00fcnce birileri arkam\u0131zdan \u2018Hi\u015ft! Hi\u015ft!\u2019 diye seslenecek.\u201d Oktay Rifat &#8230;<span class=\"excerpt-hellip\"> [\u2026]<\/span><\/p>\n","protected":false},"featured_media":0,"template":"","meta":{"_monsterinsights_skip_tracking":false,"_monsterinsights_sitenote_active":false,"_monsterinsights_sitenote_note":"","_monsterinsights_sitenote_category":0},"product_brand":[],"product_cat":[12291,12292],"product_tag":[],"class_list":{"0":"post-767594","1":"product","2":"type-product","3":"status-publish","5":"product_cat-edebiyat","6":"product_cat-turk-edebiyati","7":"pa_cilt-ciltsiz","8":"pa_tur-kitap","9":"pa_yayinevi-yapi-kredi-yayinlari","10":"pa_yazar-sait-faik-abasiyanik","12":"first","13":"instock","14":"sale","15":"shipping-taxable","16":"purchasable","17":"product-type-simple"},"_links":{"self":[{"href":"https:\/\/roveyayinevi.com.tr\/index.php\/wp-json\/wp\/v2\/product\/767594","targetHints":{"allow":["GET"]}}],"collection":[{"href":"https:\/\/roveyayinevi.com.tr\/index.php\/wp-json\/wp\/v2\/product"}],"about":[{"href":"https:\/\/roveyayinevi.com.tr\/index.php\/wp-json\/wp\/v2\/types\/product"}],"wp:attachment":[{"href":"https:\/\/roveyayinevi.com.tr\/index.php\/wp-json\/wp\/v2\/media?parent=767594"}],"wp:term":[{"taxonomy":"product_brand","embeddable":true,"href":"https:\/\/roveyayinevi.com.tr\/index.php\/wp-json\/wp\/v2\/product_brand?post=767594"},{"taxonomy":"product_cat","embeddable":true,"href":"https:\/\/roveyayinevi.com.tr\/index.php\/wp-json\/wp\/v2\/product_cat?post=767594"},{"taxonomy":"product_tag","embeddable":true,"href":"https:\/\/roveyayinevi.com.tr\/index.php\/wp-json\/wp\/v2\/product_tag?post=767594"}],"curies":[{"name":"wp","href":"https:\/\/api.w.org\/{rel}","templated":true}]}}