{"id":767589,"date":"2025-08-28T12:52:06","date_gmt":"2025-08-28T09:52:06","guid":{"rendered":"https:\/\/roveyayinevi.com.tr\/index.php\/urun\/dostoyevski-uzerine-dersler\/"},"modified":"2026-04-15T03:33:27","modified_gmt":"2026-04-15T00:33:27","slug":"dostoyevski-uzerine-dersler","status":"publish","type":"product","link":"https:\/\/roveyayinevi.com.tr\/index.php\/urun\/dostoyevski-uzerine-dersler\/","title":{"rendered":"Dostoyevski \u00dczerine Dersler"},"content":{"rendered":"<p>Dostoyevski u\u0308zerine be\u015f ciltlik bir biyografinin de yazar\u0131 olan Frank\u2019in, Stanford \u00dcniversitesi\u2019nde verdi\u011fi ve ilk kez yay\u0131mlanan Dostoyevski derslerinden olu\u015fan bu kitap bizi al\u0131\u015f\u0131k olmad\u0131\u011f\u0131m\u0131z bir okuma bi\u00e7imine davet ediyor. Kitab\u0131n hemen ba\u015f\u0131ndaki \u201cGiri\u015f Dersi\u201d Dostoyevski\u2019nin devrald\u0131\u011f\u0131 miras\u0131, nas\u0131l bir gelene\u011fin devam\u0131 oldu\u011funu ve bu gelene\u011fe verdi\u011fi y\u00f6nu\u0308 anlamam\u0131z\u0131 sa\u011fl\u0131yor. Bu sayede, Dostoyevski u\u0308zerinde \u00f6nemli etkileri olan Pu\u015fkin ve Gogol gibi yazarlar\u0131n Rus edebiyat\u0131ndaki yerini daha net g\u00f6rebiliyoruz. Dostoyevski\u2019nin romanlar\u0131n\u0131 yazar\u0131n biyografisiyle paralel bi\u00e7imde okuyan Frank, yazar\u0131n \u00e7ok da u\u0308zerinde durulmayan \u0130nsanc\u0131klar veya \u00d6teki gibi romanlar\u0131n\u0131 da en az Su\u00e7 ve Ceza veya Karamazov Karde\u015fler kadar \u00f6nemli h\u00e2le getiriyor. Dostoyevski uzmanlar\u0131n\u0131n yan\u0131 s\u0131ra tu\u0308m edebiyat okurlar\u0131na hitap eden bu kitap b\u00fcy\u00fck Rus romanc\u0131s\u0131n\u0131n eserlerini ve ya\u015fad\u0131\u011f\u0131 \u00e7a\u011f\u0131 anlamak i\u00e7in harikulade bir giri\u015f\u2026 <\/p>\n","protected":false},"excerpt":{"rendered":"<p>Dostoyevski u\u0308zerine be\u015f ciltlik bir biyografinin de yazar\u0131 olan Frank\u2019in, Stanford \u00dcniversitesi\u2019nde verdi\u011fi ve ilk kez yay\u0131mlanan Dostoyevski derslerinden olu\u015fan bu kitap bizi al\u0131\u015f\u0131k olmad\u0131\u011f\u0131m\u0131z bir<span class=\"excerpt-hellip\"> [\u2026]<\/span><\/p>\n","protected":false},"featured_media":0,"template":"","meta":{"_monsterinsights_skip_tracking":false,"_monsterinsights_sitenote_active":false,"_monsterinsights_sitenote_note":"","_monsterinsights_sitenote_category":0},"product_brand":[],"product_cat":[12291],"product_tag":[],"class_list":{"0":"post-767589","1":"product","2":"type-product","3":"status-publish","5":"product_cat-edebiyat","6":"pa_cilt-ciltsiz","7":"pa_tur-kitap","8":"pa_yayinevi-vakifbank-kultur-yayinlari","9":"pa_yazar-joseph-frank","11":"first","12":"instock","13":"sale","14":"shipping-taxable","15":"purchasable","16":"product-type-simple"},"_links":{"self":[{"href":"https:\/\/roveyayinevi.com.tr\/index.php\/wp-json\/wp\/v2\/product\/767589","targetHints":{"allow":["GET"]}}],"collection":[{"href":"https:\/\/roveyayinevi.com.tr\/index.php\/wp-json\/wp\/v2\/product"}],"about":[{"href":"https:\/\/roveyayinevi.com.tr\/index.php\/wp-json\/wp\/v2\/types\/product"}],"wp:attachment":[{"href":"https:\/\/roveyayinevi.com.tr\/index.php\/wp-json\/wp\/v2\/media?parent=767589"}],"wp:term":[{"taxonomy":"product_brand","embeddable":true,"href":"https:\/\/roveyayinevi.com.tr\/index.php\/wp-json\/wp\/v2\/product_brand?post=767589"},{"taxonomy":"product_cat","embeddable":true,"href":"https:\/\/roveyayinevi.com.tr\/index.php\/wp-json\/wp\/v2\/product_cat?post=767589"},{"taxonomy":"product_tag","embeddable":true,"href":"https:\/\/roveyayinevi.com.tr\/index.php\/wp-json\/wp\/v2\/product_tag?post=767589"}],"curies":[{"name":"wp","href":"https:\/\/api.w.org\/{rel}","templated":true}]}}