{"id":767581,"date":"2025-08-28T12:51:53","date_gmt":"2025-08-28T09:51:53","guid":{"rendered":"https:\/\/roveyayinevi.com.tr\/index.php\/urun\/buyuk-hayvan-atlasi-sivama-kapak\/"},"modified":"2026-04-15T03:33:27","modified_gmt":"2026-04-15T00:33:27","slug":"buyuk-hayvan-atlasi-sivama-kapak","status":"publish","type":"product","link":"https:\/\/roveyayinevi.com.tr\/index.php\/urun\/buyuk-hayvan-atlasi-sivama-kapak\/","title":{"rendered":"B\u00fcy\u00fck Hayvan Atlas\u0131 (S\u0131vama Kapak)"},"content":{"rendered":"<p>B\u00fcy\u00fck Hayvan Atlas\u0131 kitab\u0131, d\u00fcnya \u00fczerindeki hayvanlar\u0131 tan\u0131may\u0131 e\u011flenceli h\u00e2le getirerek \u0130ngilizce ve Almanca\u2019ya ba\u015flang\u0131\u00e7 d\u00fczeyindeki her \u00e7ocuk i\u00e7in vazge\u00e7ilmez bir kaynak olacak. K\u0131talara g\u00f6re ayr\u0131lm\u0131\u015f b\u00f6l\u00fcmlerle hayvanlar\u0131 e\u011flenceli g\u00f6rsellerle tan\u0131yacaklar.<\/p>\n","protected":false},"excerpt":{"rendered":"<p>B\u00fcy\u00fck Hayvan Atlas\u0131 kitab\u0131, d\u00fcnya \u00fczerindeki hayvanlar\u0131 tan\u0131may\u0131 e\u011flenceli h\u00e2le getirerek \u0130ngilizce ve Almanca\u2019ya ba\u015flang\u0131\u00e7 d\u00fczeyindeki her \u00e7ocuk i\u00e7in vazge\u00e7ilmez bir kaynak olacak. K\u0131talara g\u00f6re ayr\u0131lm\u0131\u015f<span class=\"excerpt-hellip\"> [\u2026]<\/span><\/p>\n","protected":false},"featured_media":0,"template":"","meta":{"_monsterinsights_skip_tracking":false,"_monsterinsights_sitenote_active":false,"_monsterinsights_sitenote_note":"","_monsterinsights_sitenote_category":0},"product_brand":[],"product_cat":[12566,13611],"product_tag":[],"class_list":{"0":"post-767581","1":"product","2":"type-product","3":"status-publish","5":"product_cat-egitim","6":"product_cat-sozlukler-ve-konusma-kilavuzlari","7":"pa_cilt-ciltli","8":"pa_tur-kitap","9":"pa_yayinevi-bicirik-yayinlari","10":"pa_yazar-kolektif","12":"first","13":"instock","14":"sale","15":"shipping-taxable","16":"purchasable","17":"product-type-simple"},"_links":{"self":[{"href":"https:\/\/roveyayinevi.com.tr\/index.php\/wp-json\/wp\/v2\/product\/767581","targetHints":{"allow":["GET"]}}],"collection":[{"href":"https:\/\/roveyayinevi.com.tr\/index.php\/wp-json\/wp\/v2\/product"}],"about":[{"href":"https:\/\/roveyayinevi.com.tr\/index.php\/wp-json\/wp\/v2\/types\/product"}],"wp:attachment":[{"href":"https:\/\/roveyayinevi.com.tr\/index.php\/wp-json\/wp\/v2\/media?parent=767581"}],"wp:term":[{"taxonomy":"product_brand","embeddable":true,"href":"https:\/\/roveyayinevi.com.tr\/index.php\/wp-json\/wp\/v2\/product_brand?post=767581"},{"taxonomy":"product_cat","embeddable":true,"href":"https:\/\/roveyayinevi.com.tr\/index.php\/wp-json\/wp\/v2\/product_cat?post=767581"},{"taxonomy":"product_tag","embeddable":true,"href":"https:\/\/roveyayinevi.com.tr\/index.php\/wp-json\/wp\/v2\/product_tag?post=767581"}],"curies":[{"name":"wp","href":"https:\/\/api.w.org\/{rel}","templated":true}]}}