{"id":767577,"date":"2025-08-28T12:51:47","date_gmt":"2025-08-28T09:51:47","guid":{"rendered":"https:\/\/roveyayinevi.com.tr\/index.php\/urun\/isletme-hesabi-esasina-gore-ticari-kazanc-elde-eden-ticaret-erbaplarinin-basucu-kitabi\/"},"modified":"2026-04-15T03:33:27","modified_gmt":"2026-04-15T00:33:27","slug":"isletme-hesabi-esasina-gore-ticari-kazanc-elde-eden-ticaret-erbaplarinin-basucu-kitabi","status":"publish","type":"product","link":"https:\/\/roveyayinevi.com.tr\/index.php\/urun\/isletme-hesabi-esasina-gore-ticari-kazanc-elde-eden-ticaret-erbaplarinin-basucu-kitabi\/","title":{"rendered":"\u0130\u015fletme Hesab\u0131 Esas\u0131na G\u00f6re Ticari Kazan\u00e7 Elde Eden Ticaret Erbaplar\u0131n\u0131n Ba\u015fucu Kitab\u0131"},"content":{"rendered":"<p>Her Ticaret Erbab\u0131n\u0131n Ticaretine Ait B\u00fct\u00fcn Faaliyetlerinde Basiretli Bir \u0130\u015f Adam\u0131 Gibi Hareket Etmesi Gerekir. \u0130\u015fletme Hesab\u0131 Esas\u0131na G\u00f6re Ticari Kazan\u00e7 \u0130\u015fletme Hesab\u0131 Defteri \u0130\u015fletme Hesab\u0131 Esas\u0131na G\u00f6re Ticari Kazanc\u0131n Hesaplanmas\u0131 \u0130\u015fletme Hesab\u0131 Esas\u0131na Tabi Gelir Vergisi M\u00fckelleflerinin Elde Etti\u011fi Ticari Kazan\u00e7ta Vergilendirme \u0130\u015fletme Hesab\u0131 Esas\u0131na Tabi Gelir Vergisi M\u00fckelleflerinin Gelir Vergisi Kanunu \u0130le Vergi Usul Kanunu Y\u00f6n\u00fcnden Di\u011fer Y\u00fck\u00fcml\u00fcl\u00fckleri ve Uygulamaya \u0130li\u015fkin \u00d6nemli Hususlar \u0130\u015fletme Hesab\u0131 Esas\u0131na Tabi M\u00fckelleflerin Katma De\u011fer Vergisi Kanunu Kar\u015f\u0131s\u0131ndaki Durumu ve Uygulamaya \u0130li\u015fkin \u00d6nemli Hususlar \u0130\u015fletme Hesab\u0131 Esas\u0131na Tabi M\u00fckelleflerin Vergi Usul Kanunu Y\u00f6n\u00fcnden Y\u00fck\u00fcml\u00fcl\u00fckleri ve Uygulamaya \u0130li\u015fkin \u00d6nemli Hususlar \u0130\u015fletme Hesab\u0131 Esas\u0131na G\u00f6re Defter Tutan Bir M\u00fckellefin Ticari \u0130\u015flemlerinin \u0130zlenmesi \u0130\u015fletme Hesab\u0131 Esas\u0131na G\u00f6re Ger\u00e7ek Usulde Ticari Kazan\u00e7 Dilek\u00e7e \u00d6rnekleri <\/p>\n","protected":false},"excerpt":{"rendered":"<p>Her Ticaret Erbab\u0131n\u0131n Ticaretine Ait B\u00fct\u00fcn Faaliyetlerinde Basiretli Bir \u0130\u015f Adam\u0131 Gibi Hareket Etmesi Gerekir. \u0130\u015fletme Hesab\u0131 Esas\u0131na G\u00f6re Ticari Kazan\u00e7 \u0130\u015fletme Hesab\u0131 Defteri \u0130\u015fletme Hesab\u0131<span class=\"excerpt-hellip\"> [\u2026]<\/span><\/p>\n","protected":false},"featured_media":0,"template":"","meta":{"_monsterinsights_skip_tracking":false,"_monsterinsights_sitenote_active":false,"_monsterinsights_sitenote_note":"","_monsterinsights_sitenote_category":0},"product_brand":[],"product_cat":[13043,14381],"product_tag":[],"class_list":{"0":"post-767577","1":"product","2":"type-product","3":"status-publish","5":"product_cat-ekonomi","6":"product_cat-isletme-muhasebe-maliye","7":"pa_cilt-ciltsiz","8":"pa_tur-kitap","9":"pa_yayinevi-zet-akademi-yayinlari","10":"pa_yazar-nurettin-erkasap","12":"first","13":"instock","14":"sale","15":"shipping-taxable","16":"purchasable","17":"product-type-simple"},"_links":{"self":[{"href":"https:\/\/roveyayinevi.com.tr\/index.php\/wp-json\/wp\/v2\/product\/767577","targetHints":{"allow":["GET"]}}],"collection":[{"href":"https:\/\/roveyayinevi.com.tr\/index.php\/wp-json\/wp\/v2\/product"}],"about":[{"href":"https:\/\/roveyayinevi.com.tr\/index.php\/wp-json\/wp\/v2\/types\/product"}],"wp:attachment":[{"href":"https:\/\/roveyayinevi.com.tr\/index.php\/wp-json\/wp\/v2\/media?parent=767577"}],"wp:term":[{"taxonomy":"product_brand","embeddable":true,"href":"https:\/\/roveyayinevi.com.tr\/index.php\/wp-json\/wp\/v2\/product_brand?post=767577"},{"taxonomy":"product_cat","embeddable":true,"href":"https:\/\/roveyayinevi.com.tr\/index.php\/wp-json\/wp\/v2\/product_cat?post=767577"},{"taxonomy":"product_tag","embeddable":true,"href":"https:\/\/roveyayinevi.com.tr\/index.php\/wp-json\/wp\/v2\/product_tag?post=767577"}],"curies":[{"name":"wp","href":"https:\/\/api.w.org\/{rel}","templated":true}]}}