{"id":767568,"date":"2025-08-28T12:51:30","date_gmt":"2025-08-28T09:51:30","guid":{"rendered":"https:\/\/roveyayinevi.com.tr\/index.php\/urun\/secilmis-grafik-roman\/"},"modified":"2026-04-15T03:33:26","modified_gmt":"2026-04-15T00:33:26","slug":"secilmis-grafik-roman","status":"publish","type":"product","link":"https:\/\/roveyayinevi.com.tr\/index.php\/urun\/secilmis-grafik-roman\/","title":{"rendered":"Se\u00e7ilmi\u015f &#8211; Grafik Roman"},"content":{"rendered":"<p>\u201cJONAS! BELLEK B\u0130R\u0130KT\u0130R\u0130C\u0130 OLARAK E\u011e\u0130T\u0130LECEKS\u0130N! \u00c7OCUKLU\u011eUN \u0130\u00c7\u0130N TE\u015eEKK\u00dcR EDER\u0130Z!\u201d   Jonas kusursuz bir d\u00fcnyada ya\u015f\u0131yordu. Sava\u015f yoktu, a\u00e7l\u0131k yoktu, ac\u0131 yoktu. Her \u015feyin yetkililer taraf\u0131ndan eksiksizce planland\u0131\u011f\u0131 kom\u00fcnde, on iki ya\u015f\u0131na gelen yurtta\u015flara hayat boyu yapaca\u011f\u0131 g\u00f6rev verilirdi. Jonas kom\u00fcn\u00fcn en \u00f6nemli ve e\u015fsiz g\u00f6revi i\u00e7in se\u00e7ildi: Bellek Biriktirici.   Ya\u015fl\u0131 ve bilge Aktar\u0131c\u0131 taraf\u0131ndan e\u011fitilmeye ba\u015flayan Jonas hi\u00e7 bilmedi\u011fi bir ge\u00e7mi\u015fin, duygular\u0131n \u2013ve hatta renklerin\u2013 varl\u0131\u011f\u0131n\u0131 ke\u015ffetmeye ba\u015flad\u0131. Bu kusursuz d\u00fczen i\u00e7in feda edilenleri g\u00f6rd\u00fck\u00e7e derinden sars\u0131lacak ama g\u00f6revine sad\u0131k kalacakt\u0131. Ta ki amans\u0131z bir ger\u00e7ekle y\u00fczle\u015fip hayat\u0131n\u0131n se\u00e7imini yapmak zorunda kalana kadar.   Lois Lowry\u2019ye prestijli Newsbery Madalyas\u0131\u2019n\u0131 kazand\u0131ran modern klasik Se\u00e7ilmi\u015f, okurlar\u0131 bu kez grafik roman olarak b\u00fcy\u00fcl\u00fcyor. Yak\u0131n d\u00f6nemli pek \u00e7ok pop\u00fcler distopyan\u0131n ilham kayna\u011f\u0131 say\u0131lan bu \u00f6zel roman, grafik roman uyarlamalar\u0131n\u0131n \u00fcstad\u0131 P. Craig Russell\u2019\u0131n \u00e7izimleriyle yeniden hayat buluyor. <\/p>\n","protected":false},"excerpt":{"rendered":"<p>\u201cJONAS! BELLEK B\u0130R\u0130KT\u0130R\u0130C\u0130 OLARAK E\u011e\u0130T\u0130LECEKS\u0130N! \u00c7OCUKLU\u011eUN \u0130\u00c7\u0130N TE\u015eEKK\u00dcR EDER\u0130Z!\u201d Jonas kusursuz bir d\u00fcnyada ya\u015f\u0131yordu. Sava\u015f yoktu, a\u00e7l\u0131k yoktu, ac\u0131 yoktu. Her \u015feyin yetkililer taraf\u0131ndan eksiksizce planland\u0131\u011f\u0131<span class=\"excerpt-hellip\"> [\u2026]<\/span><\/p>\n","protected":false},"featured_media":0,"template":"","meta":{"_monsterinsights_skip_tracking":false,"_monsterinsights_sitenote_active":false,"_monsterinsights_sitenote_note":"","_monsterinsights_sitenote_category":0},"product_brand":[],"product_cat":[12416,12291],"product_tag":[],"class_list":{"0":"post-767568","1":"product","2":"type-product","3":"status-publish","5":"product_cat-cizgi-roman","6":"product_cat-edebiyat","7":"pa_cilt-ciltsiz","8":"pa_tur-kitap","9":"pa_yayinevi-domingo-yayinevi","10":"pa_yazar-lois-lowry","12":"first","13":"instock","14":"sale","15":"shipping-taxable","16":"purchasable","17":"product-type-simple"},"_links":{"self":[{"href":"https:\/\/roveyayinevi.com.tr\/index.php\/wp-json\/wp\/v2\/product\/767568","targetHints":{"allow":["GET"]}}],"collection":[{"href":"https:\/\/roveyayinevi.com.tr\/index.php\/wp-json\/wp\/v2\/product"}],"about":[{"href":"https:\/\/roveyayinevi.com.tr\/index.php\/wp-json\/wp\/v2\/types\/product"}],"wp:attachment":[{"href":"https:\/\/roveyayinevi.com.tr\/index.php\/wp-json\/wp\/v2\/media?parent=767568"}],"wp:term":[{"taxonomy":"product_brand","embeddable":true,"href":"https:\/\/roveyayinevi.com.tr\/index.php\/wp-json\/wp\/v2\/product_brand?post=767568"},{"taxonomy":"product_cat","embeddable":true,"href":"https:\/\/roveyayinevi.com.tr\/index.php\/wp-json\/wp\/v2\/product_cat?post=767568"},{"taxonomy":"product_tag","embeddable":true,"href":"https:\/\/roveyayinevi.com.tr\/index.php\/wp-json\/wp\/v2\/product_tag?post=767568"}],"curies":[{"name":"wp","href":"https:\/\/api.w.org\/{rel}","templated":true}]}}